{"id":1160,"date":"2017-11-07T15:43:03","date_gmt":"2017-11-07T15:43:03","guid":{"rendered":"http:\/\/dev.quintadaolivia.com\/?page_id=1160"},"modified":"2021-03-14T11:22:03","modified_gmt":"2021-03-14T11:22:03","slug":"region","status":"publish","type":"page","link":"https:\/\/www.quintadaolivia.com\/de\/region\/","title":{"rendered":"Bereich"},"content":{"rendered":"<div class=\"wpb-content-wrapper\"><p>[vc_row full_width=&#8221;stretch_row_content_no_spaces&#8221;][vc_column][\/vc_column][\/vc_row][vc_row][vc_column]<div class=\"arrowpress-container container \">[vc_row_inner][vc_column_inner]<div class=\"ult-spacer spacer-69e4cd88d985c\" data-id=\"69e4cd88d985c\" data-height=\"20\" data-height-mobile=\"10\" data-height-tab=\"10\" data-height-tab-portrait=\"10\" data-height-mobile-landscape=\"10\" style=\"clear:both;display:block;\"><\/div><div id=\"ultimate-heading-832969e4cd88d9a26\" class=\"uvc-heading ult-adjust-bottom-margin ultimate-heading-832969e4cd88d9a26 uvc-3014 \" data-hspacer=\"icon_only\"  data-halign=\"center\" style=\"text-align:center\"><div class=\"uvc-heading-spacer icon_only\" style=\"margin-bottom:10px;\"><div class=\"ult-just-icon-wrapper  \"><div class=\"align-icon\" style=\"text-align:center;\">\n<div class=\"aio-icon none \"  style=\"color:#f28250;font-size:25px;display:inline-block;\">\n\t<i class=\"icomoon-8\"><\/i>\n<\/div><\/div><\/div><\/div><div class=\"uvc-main-heading ult-responsive\"  data-ultimate-target='.uvc-heading.ultimate-heading-832969e4cd88d9a26 h2'  data-responsive-json-new='{\"font-size\":\"desktop:40px;\",\"line-height\":\"\"}' ><h2 style=\"font-family:&#039;Poppins&#039;;font-weight:600;color:#476885;\">Bereich<\/h2><\/div><\/div><div class=\"ult-spacer spacer-69e4cd88d9a94\" data-id=\"69e4cd88d9a94\" data-height=\"20\" data-height-mobile=\"10\" data-height-tab=\"10\" data-height-tab-portrait=\"10\" data-height-mobile-landscape=\"10\" style=\"clear:both;display:block;\"><\/div>[vc_column_text]<\/p>\n<p style=\"text-align: justify;\"><span style=\"font-size: 14pt;\">Unser Bed &amp; Breakfast in \u00d3bidos ist ein idealer Ausgangspunkt um die Silberk\u00fcste zu erkunden. Wir k\u00f6nnen Ihnen viele Ideen geben f\u00fcr Tagesausfl\u00fcge die Sie, w\u00e4hrend Ihrem Aufenthalt im Quinta da Olivia, machen k\u00f6nnen. Hier ist bereits eine Liste der Dinge die Sie nicht verpassen sollten.<\/span><\/p>\n<p>[\/vc_column_text][\/vc_column_inner][\/vc_row_inner]<div class=\"ult-spacer spacer-69e4cd88d9aa4\" data-id=\"69e4cd88d9aa4\" data-height=\"20\" data-height-mobile=\"10\" data-height-tab=\"10\" data-height-tab-portrait=\"10\" data-height-mobile-landscape=\"10\" style=\"clear:both;display:block;\"><\/div><\/div>\n[\/vc_column][\/vc_row][vc_row full_width=&#8221;stretch_row&#8221;][vc_column]<div class=\"arrowpress-container container \">[vc_row_inner][vc_column_inner]<div class=\"banner-container \" id=\"arp_banner-157933542\"> \r\n\t<div class=\"banner-content banner-type-2 \r\n\t\t \r\n\t\ttext-center\t\t\t\t \r\n\t\t\" data-animation-delay=\"500\" data-animation=\"\">\r\n\t\t<div class=\"img-banner\">\r\n\t\t\t\t\t\t\t<img decoding=\"async\" src=\"https:\/\/www.quintadaolivia.com\/wp-content\/uploads\/2017\/12\/obidos-e1513857374195.png\" alt=\"img\">\r\n\t\t\t\t\t<\/div>\r\n\t\t<div class=\"banner-desc \" >\r\n\t\t\t\t\t\t\t<h5 style =\"color: #476885\">Die mittelalterliche Burg<\/h5>\r\n\t\t\t\t\t\t\r\n\t\t\t\t\t\t\t<h2 >\u00d3bidos<\/h2>\r\n\t\t\t\t\t\r\n\t\t\t<p style=\"text-align: center;\">\u201cPortugals romantischsten mittelalterlichen Stadt\u201d und ein Nationales Kulturerbe ist leicht zu Fu\u00df von unserem B&amp;B zu besuchen.<\/p>\n\t\t\r\n\t\t\t\t\t\t\t<div class=\"btn-banner\">\r\n\t\t\t\t\t<a href=\"http:\/\/www.quintadaolivia.com\/de\/location\/region\/obidos\/\" target=\"\" class=\"btn  btn-default\">\r\n\t\t\t\t\t   Lesen Sie Mehr\t\t\t\t\t<\/a>\r\n\t\t\t\t<\/div>\r\n\t\t\t\t\t<\/div>\r\n\t<\/div>\r\n<\/div>\n<div class=\"ult-spacer spacer-69e4cd88db069\" data-id=\"69e4cd88db069\" data-height=\"60\" data-height-mobile=\"30\" data-height-tab=\"30\" data-height-tab-portrait=\"30\" data-height-mobile-landscape=\"30\" style=\"clear:both;display:block;\"><\/div><div class=\"banner-container \" id=\"arp_banner-1892135122\"> \r\n\t<div class=\"banner-content banner-type-2 \r\n\t\t \r\n\t\ttext-center\t\t\t\t \r\n\t\t\" data-animation-delay=\"500\" data-animation=\"\">\r\n\t\t<div class=\"img-banner\">\r\n\t\t\t\t\t\t\t<img decoding=\"async\" src=\"https:\/\/www.quintadaolivia.com\/wp-content\/uploads\/2017\/12\/beachs-e1513857461912.png\" alt=\"img\">\r\n\t\t\t\t\t<\/div>\r\n\t\t<div class=\"banner-desc \" >\r\n\t\t\t\t\t\t\t<h5 style =\"color: #476885\">Nur 15 Minuten zum Strand<\/h5>\r\n\t\t\t\t\t\t\r\n\t\t\t\t\t\t\t<h2 >Str\u00e4nde und Surfen<\/h2>\r\n\t\t\t\t\t\r\n\t\t\t<p style=\"text-align: center;\"><span style=\"font-size: 12pt;\">Sie k\u00f6nnen sehr sch\u00f6ne Str\u00e4nde finden auf nur 15 Minuten von unserem Unterkunft.<\/span><\/p>\n<p>&nbsp;<\/p>\n\t\t\r\n\t\t\t\t\t\t\t<div class=\"btn-banner\">\r\n\t\t\t\t\t<a href=\"http:\/\/www.quintadaolivia.com\/de\/location\/region\/beaches-and-surf\/\" target=\"\" class=\"btn  btn-default\">\r\n\t\t\t\t\t   Auswahl\t\t\t\t\t<\/a>\r\n\t\t\t\t<\/div>\r\n\t\t\t\t\t<\/div>\r\n\t<\/div>\r\n<\/div>\n<div class=\"ult-spacer spacer-69e4cd88dcd6a\" data-id=\"69e4cd88dcd6a\" data-height=\"60\" data-height-mobile=\"30\" data-height-tab=\"30\" data-height-tab-portrait=\"30\" data-height-mobile-landscape=\"30\" style=\"clear:both;display:block;\"><\/div><div class=\"banner-container \" id=\"arp_banner-1099562636\"> \r\n\t<div class=\"banner-content banner-type-2 \r\n\t\t \r\n\t\ttext-center\t\t\t\t \r\n\t\t\" data-animation-delay=\"500\" data-animation=\"\">\r\n\t\t<div class=\"img-banner\">\r\n\t\t\t\t\t\t\t<img decoding=\"async\" src=\"https:\/\/www.quintadaolivia.com\/wp-content\/uploads\/2017\/12\/monumets-e1513857412365.png\" alt=\"img\">\r\n\t\t\t\t\t<\/div>\r\n\t\t<div class=\"banner-desc \" >\r\n\t\t\t\t\t\t\t<h5 style =\"color: #476885\">Voll kultureller H\u00f6hepunkte<\/h5>\r\n\t\t\t\t\t\t\r\n\t\t\t\t\t\t\t<h2 >Historische Monumente<\/h2>\r\n\t\t\t\t\t\r\n\t\t\t<p style=\"text-align: center;\"><span style=\"font-size: 12pt;\">Die Silberk\u00fcste ist voll von kulturellen Highlights. Besuchen Sie diese historische Denkm\u00e4ler: die Abtei in Batalha, das Kloster von Alcoba\u00e7a&#8230;<\/span><\/p>\n<p>&nbsp;<\/p>\n\t\t\r\n\t\t\t\t\t\t\t<div class=\"btn-banner\">\r\n\t\t\t\t\t<a href=\"http:\/\/www.quintadaolivia.com\/de\/location\/region\/historical-monuments\/\" target=\"\" class=\"btn  btn-default\">\r\n\t\t\t\t\t   Mehr sehen\t\t\t\t\t<\/a>\r\n\t\t\t\t<\/div>\r\n\t\t\t\t\t<\/div>\r\n\t<\/div>\r\n<\/div>\n<div class=\"ult-spacer spacer-69e4cd88dd2a4\" data-id=\"69e4cd88dd2a4\" data-height=\"60\" data-height-mobile=\"30\" data-height-tab=\"30\" data-height-tab-portrait=\"30\" data-height-mobile-landscape=\"30\" style=\"clear:both;display:block;\"><\/div><div class=\"banner-container \" id=\"arp_banner-1506549849\"> \r\n\t<div class=\"banner-content banner-type-2 \r\n\t\t \r\n\t\ttext-center\t\t\t\t \r\n\t\t\" data-animation-delay=\"500\" data-animation=\"\">\r\n\t\t<div class=\"img-banner\">\r\n\t\t\t\t\t\t\t<img decoding=\"async\" src=\"https:\/\/www.quintadaolivia.com\/wp-content\/uploads\/2017\/12\/lisbon-e1513857426626.png\" alt=\"img\">\r\n\t\t\t\t\t<\/div>\r\n\t\t<div class=\"banner-desc \" >\r\n\t\t\t\t\t\t\t<h5 style =\"color: #476885\">Trendstadt und M\u00e4rchenschl\u00f6sser<\/h5>\r\n\t\t\t\t\t\t\r\n\t\t\t\t\t\t\t<h2 >Lissabon und Sintra<\/h2>\r\n\t\t\t\t\t\r\n\t\t\t<p style=\"text-align: center;\">Von unserer Quinta aus k\u00f6nnen Sie leicht einen Tagesausflug nach Lissabon machen. Dies kann mit dem Auto gemacht werden, aber es gibt auch eine gute Verbindung mit einem Express-Bus. Sintra ist auch leicht von \u00d3bidos aus zu erreichen. Dieser malerische, m\u00e4rchenhafte Ort liegt nordwestlich von Lissabon.<\/p>\n<p>&nbsp;<\/p>\n<p>&nbsp;<\/p>\n\t\t\r\n\t\t\t\t\t\t\t<div class=\"btn-banner\">\r\n\t\t\t\t\t<a href=\"http:\/\/www.quintadaolivia.com\/de\/location\/region\/lisbon-and-mafra\/\" target=\"\" class=\"btn  btn-default\">\r\n\t\t\t\t\t   Lesen Sie Mehr\t\t\t\t\t<\/a>\r\n\t\t\t\t<\/div>\r\n\t\t\t\t\t<\/div>\r\n\t<\/div>\r\n<\/div>\n<div class=\"ult-spacer spacer-69e4cd88dd63a\" data-id=\"69e4cd88dd63a\" data-height=\"60\" data-height-mobile=\"30\" data-height-tab=\"30\" data-height-tab-portrait=\"30\" data-height-mobile-landscape=\"30\" style=\"clear:both;display:block;\"><\/div><div class=\"banner-container \" id=\"arp_banner-2498925201\"> \r\n\t<div class=\"banner-content banner-type-2 \r\n\t\t \r\n\t\ttext-center\t\t\t\t \r\n\t\t\" data-animation-delay=\"500\" data-animation=\"\">\r\n\t\t<div class=\"img-banner\">\r\n\t\t\t\t\t\t\t<img decoding=\"async\" src=\"https:\/\/www.quintadaolivia.com\/wp-content\/uploads\/2017\/12\/hiking-e1513857439118.png\" alt=\"img\">\r\n\t\t\t\t\t<\/div>\r\n\t\t<div class=\"banner-desc \" >\r\n\t\t\t\t\t\t\t<h5 style =\"color: #476885\">Genie\u00dfen Sie die abwechslungsreiche Landschaft<\/h5>\r\n\t\t\t\t\t\t\r\n\t\t\t\t\t\t\t<h2 >Wandern und Radfahren<\/h2>\r\n\t\t\t\t\t\r\n\t\t\t<p style=\"text-align: center;\">Die Silberk\u00fcste bietet viele gro\u00dfartige M\u00f6glichkeiten zum Wandern, w\u00e4hrend Sie die nat\u00fcrliche Sch\u00f6nheit und Landschaft genie\u00dfen&#8230;<\/p>\n<p>&nbsp;<\/p>\n\t\t\r\n\t\t\t\t\t\t\t<div class=\"btn-banner\">\r\n\t\t\t\t\t<a href=\"http:\/\/www.quintadaolivia.com\/de\/location\/region\/hiking-and-biking\/\" target=\"\" class=\"btn  btn-default\">\r\n\t\t\t\t\t   Lesen Sie mehr\t\t\t\t\t<\/a>\r\n\t\t\t\t<\/div>\r\n\t\t\t\t\t<\/div>\r\n\t<\/div>\r\n<\/div>\n<div class=\"ult-spacer spacer-69e4cd88dd9c0\" data-id=\"69e4cd88dd9c0\" data-height=\"60\" data-height-mobile=\"30\" data-height-tab=\"30\" data-height-tab-portrait=\"30\" data-height-mobile-landscape=\"30\" style=\"clear:both;display:block;\"><\/div><div class=\"banner-container \" id=\"arp_banner-3337084419\"> \r\n\t<div class=\"banner-content banner-type-2 \r\n\t\t \r\n\t\ttext-center\t\t\t\t \r\n\t\t\" data-animation-delay=\"500\" data-animation=\"\">\r\n\t\t<div class=\"img-banner\">\r\n\t\t\t\t\t\t\t<img decoding=\"async\" src=\"https:\/\/www.quintadaolivia.com\/wp-content\/uploads\/2018\/01\/golf_region-e1515412467931.png\" alt=\"img\">\r\n\t\t\t\t\t<\/div>\r\n\t\t<div class=\"banner-desc \" >\r\n\t\t\t\t\t\t\t<h5 style =\"color: #476885\">Atemberaubende Blicke auf den Atlantik<\/h5>\r\n\t\t\t\t\t\t\r\n\t\t\t\t\t\t\t<h2 >Golf<\/h2>\r\n\t\t\t\t\t\r\n\t\t\t<p style=\"text-align: center;\"><span style=\"font-size: 12pt;\">Es gibt vier fantastische Golfpl\u00e4tze in einer 15-min\u00fctigen Fahrt von unserem B&amp;B in \u00d3bidos.<\/span><\/p>\n\t\t\r\n\t\t\t\t\t\t\t<div class=\"btn-banner\">\r\n\t\t\t\t\t<a href=\"http:\/\/www.quintadaolivia.com\/de\/location\/region\/golf\/\" target=\"\" class=\"btn  btn-default\">\r\n\t\t\t\t\t   Schau sie dir an\t\t\t\t\t<\/a>\r\n\t\t\t\t<\/div>\r\n\t\t\t\t\t<\/div>\r\n\t<\/div>\r\n<\/div>\n<div class=\"ult-spacer spacer-69e4cd88ddc96\" data-id=\"69e4cd88ddc96\" data-height=\"60\" data-height-mobile=\"30\" data-height-tab=\"30\" data-height-tab-portrait=\"30\" data-height-mobile-landscape=\"30\" style=\"clear:both;display:block;\"><\/div><div class=\"banner-container \" id=\"arp_banner-2336202017\"> \r\n\t<div class=\"banner-content banner-type-2 \r\n\t\t \r\n\t\ttext-center\t\t\t\t \r\n\t\t\" data-animation-delay=\"500\" data-animation=\"\">\r\n\t\t<div class=\"img-banner\">\r\n\t\t\t\t\t\t\t<img decoding=\"async\" src=\"https:\/\/www.quintadaolivia.com\/wp-content\/uploads\/2017\/12\/vinho-e1513857399939.png\" alt=\"img\">\r\n\t\t\t\t\t<\/div>\r\n\t\t<div class=\"banner-desc \" >\r\n\t\t\t\t\t\t\t<h5 style =\"color: #476885\">Probieren sie k\u00f6stliche lokale Weine<\/h5>\r\n\t\t\t\t\t\t\r\n\t\t\t\t\t\t\t<h2 >Weinroute<\/h2>\r\n\t\t\t\t\t\r\n\t\t\t<p style=\"text-align: center;\"><span style=\"font-size: 12pt;\">Unser B&amp;B liegt direkt an einer der Weinstra\u00dfen der Region Estremadura. Im Jahr 1999 erhielten die Weinberge von \u00d3bidos eine offizielle Anerkennung und wurden unter DOC zertifiziert (Denomina\u00e7\u00e3o de Origem Controlada). Seitdem entwickelte dieser Weinregion weiter und &#8230;<\/span><\/p>\n<p>&nbsp;<\/p>\n\t\t\r\n\t\t\t\t\t\t\t<div class=\"btn-banner\">\r\n\t\t\t\t\t<a href=\"http:\/\/www.quintadaolivia.com\/de\/location\/region\/wine-route\/\" target=\"\" class=\"btn  btn-default\">\r\n\t\t\t\t\t   Finde mehr heraus\t\t\t\t\t<\/a>\r\n\t\t\t\t<\/div>\r\n\t\t\t\t\t<\/div>\r\n\t<\/div>\r\n<\/div>\n<div class=\"ult-spacer spacer-69e4cd88ddf6c\" data-id=\"69e4cd88ddf6c\" data-height=\"60\" data-height-mobile=\"30\" data-height-tab=\"30\" data-height-tab-portrait=\"30\" data-height-mobile-landscape=\"30\" style=\"clear:both;display:block;\"><\/div>[\/vc_column_inner][\/vc_row_inner]<\/div>\n[\/vc_column][\/vc_row]<\/p>\n<\/div>","protected":false},"excerpt":{"rendered":"<p>[vc_row full_width=&#8221;stretch_row_content_no_spaces&#8221;][vc_column][\/vc_column][\/vc_row][vc_row][vc_column][\/vc_column][\/vc_row][vc_row full_width=&#8221;stretch_row&#8221;][vc_column][\/vc_column][\/vc_row]<\/p>\n","protected":false},"author":4,"featured_media":0,"parent":0,"menu_order":1,"comment_status":"closed","ping_status":"closed","template":"","meta":{"footnotes":""},"class_list":["post-1160","page","type-page","status-publish","hentry"],"translation":{"provider":"WPGlobus","version":"3.0.2","language":"de","enabled_languages":["en","nl","pt","de"],"languages":{"en":{"title":true,"content":true,"excerpt":false},"nl":{"title":true,"content":true,"excerpt":false},"pt":{"title":true,"content":true,"excerpt":false},"de":{"title":true,"content":true,"excerpt":false}}},"yoast_head":"<!-- This site is optimized with the Yoast SEO plugin v27.3 - https:\/\/yoast.com\/product\/yoast-seo-wordpress\/ -->\r\n<title>Bereich - Quinta da Olivia<\/title>\r\n<meta name=\"robots\" content=\"index, follow, max-snippet:-1, max-image-preview:large, max-video-preview:-1\" \/>\r\n<link rel=\"canonical\" href=\"https:\/\/www.quintadaolivia.com\/region\/\" \/>\r\n<meta property=\"og:locale\" content=\"de_DE\" \/>\r\n<meta property=\"og:type\" content=\"article\" \/>\r\n<meta property=\"og:title\" content=\"Bereich - Quinta da Olivia\" \/>\r\n<meta property=\"og:url\" content=\"https:\/\/www.quintadaolivia.com\/region\/\" \/>\r\n<meta property=\"og:site_name\" content=\"Quinta da Olivia\" \/>\r\n<meta property=\"article:publisher\" content=\"https:\/\/www.facebook.com\/quintadaolivia\/\" \/>\r\n<meta property=\"article:modified_time\" content=\"2021-03-14T11:22:03+00:00\" \/>\r\n<meta property=\"og:image\" content=\"https:\/\/www.quintadaolivia.com\/wp-content\/uploads\/2018\/05\/SEO_logo.jpg\" \/>\r\n\t<meta property=\"og:image:width\" content=\"600\" \/>\r\n\t<meta property=\"og:image:height\" content=\"315\" \/>\r\n\t<meta property=\"og:image:type\" content=\"image\/jpeg\" \/>\r\n<meta name=\"twitter:card\" content=\"summary_large_image\" \/>\r\n<meta name=\"twitter:label1\" content=\"Gesch\u00e4tzte Lesezeit\" \/>\n\t<meta name=\"twitter:data1\" content=\"3\u00a0Minuten\" \/>\r\n<script type=\"application\/ld+json\" class=\"yoast-schema-graph\">{\"@context\":\"https:\\\/\\\/schema.org\",\"@graph\":[{\"@type\":\"WebPage\",\"@id\":\"https:\\\/\\\/www.quintadaolivia.com\\\/region\\\/\",\"url\":\"https:\\\/\\\/www.quintadaolivia.com\\\/region\\\/\",\"name\":\"Bereich - Quinta da Olivia\",\"isPartOf\":{\"@id\":\"https:\\\/\\\/www.quintadaolivia.com\\\/#website\"},\"datePublished\":\"2017-11-07T15:43:03+00:00\",\"dateModified\":\"2021-03-14T11:22:03+00:00\",\"description\":\"\",\"breadcrumb\":{\"@id\":\"https:\\\/\\\/www.quintadaolivia.com\\\/region\\\/#breadcrumb\"},\"inLanguage\":\"de\",\"potentialAction\":[{\"@type\":\"ReadAction\",\"target\":[\"https:\\\/\\\/www.quintadaolivia.com\\\/region\\\/\"]}]},{\"@type\":\"BreadcrumbList\",\"@id\":\"https:\\\/\\\/www.quintadaolivia.com\\\/region\\\/#breadcrumb\",\"itemListElement\":[{\"@type\":\"ListItem\",\"position\":1,\"name\":\"Home\",\"item\":\"https:\\\/\\\/www.quintadaolivia.com\\\/\"},{\"@type\":\"ListItem\",\"position\":2,\"name\":\"Region\"}]},{\"@type\":\"WebSite\",\"@id\":\"https:\\\/\\\/www.quintadaolivia.com\\\/#website\",\"url\":\"https:\\\/\\\/www.quintadaolivia.com\\\/\",\"name\":\"Quinta da Olivia\",\"description\":\"Bed &amp; Breakfast \u00d3bidos\",\"publisher\":{\"@id\":\"https:\\\/\\\/www.quintadaolivia.com\\\/#organization\"},\"potentialAction\":[{\"@type\":\"SearchAction\",\"target\":{\"@type\":\"EntryPoint\",\"urlTemplate\":\"https:\\\/\\\/www.quintadaolivia.com\\\/?s={search_term_string}\"},\"query-input\":{\"@type\":\"PropertyValueSpecification\",\"valueRequired\":true,\"valueName\":\"search_term_string\"}}],\"inLanguage\":\"de\"},{\"@type\":\"Organization\",\"@id\":\"https:\\\/\\\/www.quintadaolivia.com\\\/#organization\",\"name\":\"Quinta da Olivia\",\"url\":\"https:\\\/\\\/www.quintadaolivia.com\\\/\",\"logo\":{\"@type\":\"ImageObject\",\"inLanguage\":\"de\",\"@id\":\"https:\\\/\\\/www.quintadaolivia.com\\\/#\\\/schema\\\/logo\\\/image\\\/\",\"url\":\"https:\\\/\\\/www.quintadaolivia.com\\\/wp-content\\\/uploads\\\/2018\\\/05\\\/SEO_logo.jpg\",\"contentUrl\":\"https:\\\/\\\/www.quintadaolivia.com\\\/wp-content\\\/uploads\\\/2018\\\/05\\\/SEO_logo.jpg\",\"width\":600,\"height\":315,\"caption\":\"Quinta da Olivia\"},\"image\":{\"@id\":\"https:\\\/\\\/www.quintadaolivia.com\\\/#\\\/schema\\\/logo\\\/image\\\/\"},\"sameAs\":[\"https:\\\/\\\/www.facebook.com\\\/quintadaolivia\\\/\"]}]}<\/script>\r\n<!-- \/ Yoast SEO plugin. -->","yoast_head_json":{"title":"Bereich - Quinta da Olivia","robots":{"index":"index","follow":"follow","max-snippet":"max-snippet:-1","max-image-preview":"max-image-preview:large","max-video-preview":"max-video-preview:-1"},"canonical":"https:\/\/www.quintadaolivia.com\/region\/","og_locale":"de_DE","og_type":"article","og_title":"Bereich - Quinta da Olivia","og_url":"https:\/\/www.quintadaolivia.com\/region\/","og_site_name":"Quinta da Olivia","article_publisher":"https:\/\/www.facebook.com\/quintadaolivia\/","article_modified_time":"2021-03-14T11:22:03+00:00","og_image":[{"width":600,"height":315,"url":"https:\/\/www.quintadaolivia.com\/wp-content\/uploads\/2018\/05\/SEO_logo.jpg","type":"image\/jpeg"}],"twitter_card":"summary_large_image","twitter_misc":{"Gesch\u00e4tzte Lesezeit":"3\u00a0Minuten"},"schema":{"@context":"https:\/\/schema.org","@graph":[{"@type":"WebPage","@id":"https:\/\/www.quintadaolivia.com\/region\/","url":"https:\/\/www.quintadaolivia.com\/region\/","name":"Bereich - Quinta da Olivia","isPartOf":{"@id":"https:\/\/www.quintadaolivia.com\/#website"},"datePublished":"2017-11-07T15:43:03+00:00","dateModified":"2021-03-14T11:22:03+00:00","description":"","breadcrumb":{"@id":"https:\/\/www.quintadaolivia.com\/region\/#breadcrumb"},"inLanguage":"de","potentialAction":[{"@type":"ReadAction","target":["https:\/\/www.quintadaolivia.com\/region\/"]}]},{"@type":"BreadcrumbList","@id":"https:\/\/www.quintadaolivia.com\/region\/#breadcrumb","itemListElement":[{"@type":"ListItem","position":1,"name":"Home","item":"https:\/\/www.quintadaolivia.com\/"},{"@type":"ListItem","position":2,"name":"Region"}]},{"@type":"WebSite","@id":"https:\/\/www.quintadaolivia.com\/#website","url":"https:\/\/www.quintadaolivia.com\/","name":"Quinta da Olivia","description":"Bed &amp; Breakfast \u00d3bidos","publisher":{"@id":"https:\/\/www.quintadaolivia.com\/#organization"},"potentialAction":[{"@type":"SearchAction","target":{"@type":"EntryPoint","urlTemplate":"https:\/\/www.quintadaolivia.com\/?s={search_term_string}"},"query-input":{"@type":"PropertyValueSpecification","valueRequired":true,"valueName":"search_term_string"}}],"inLanguage":"de"},{"@type":"Organization","@id":"https:\/\/www.quintadaolivia.com\/#organization","name":"Quinta da Olivia","url":"https:\/\/www.quintadaolivia.com\/","logo":{"@type":"ImageObject","inLanguage":"de","@id":"https:\/\/www.quintadaolivia.com\/#\/schema\/logo\/image\/","url":"https:\/\/www.quintadaolivia.com\/wp-content\/uploads\/2018\/05\/SEO_logo.jpg","contentUrl":"https:\/\/www.quintadaolivia.com\/wp-content\/uploads\/2018\/05\/SEO_logo.jpg","width":600,"height":315,"caption":"Quinta da Olivia"},"image":{"@id":"https:\/\/www.quintadaolivia.com\/#\/schema\/logo\/image\/"},"sameAs":["https:\/\/www.facebook.com\/quintadaolivia\/"]}]}},"_links":{"self":[{"href":"https:\/\/www.quintadaolivia.com\/de\/wp-json\/wp\/v2\/pages\/1160","targetHints":{"allow":["GET"]}}],"collection":[{"href":"https:\/\/www.quintadaolivia.com\/de\/wp-json\/wp\/v2\/pages"}],"about":[{"href":"https:\/\/www.quintadaolivia.com\/de\/wp-json\/wp\/v2\/types\/page"}],"author":[{"embeddable":true,"href":"https:\/\/www.quintadaolivia.com\/de\/wp-json\/wp\/v2\/users\/4"}],"replies":[{"embeddable":true,"href":"https:\/\/www.quintadaolivia.com\/de\/wp-json\/wp\/v2\/comments?post=1160"}],"version-history":[{"count":34,"href":"https:\/\/www.quintadaolivia.com\/de\/wp-json\/wp\/v2\/pages\/1160\/revisions"}],"predecessor-version":[{"id":6855,"href":"https:\/\/www.quintadaolivia.com\/de\/wp-json\/wp\/v2\/pages\/1160\/revisions\/6855"}],"wp:attachment":[{"href":"https:\/\/www.quintadaolivia.com\/de\/wp-json\/wp\/v2\/media?parent=1160"}],"curies":[{"name":"wp","href":"https:\/\/api.w.org\/{rel}","templated":true}]}}