{"id":3548,"date":"2018-01-08T11:01:04","date_gmt":"2018-01-08T11:01:04","guid":{"rendered":"http:\/\/dev.quintadaolivia.com\/?page_id=3548"},"modified":"2018-09-20T18:39:17","modified_gmt":"2018-09-20T17:39:17","slug":"beaches-and-surf","status":"publish","type":"page","link":"https:\/\/www.quintadaolivia.com\/de\/region\/beaches-and-surf\/","title":{"rendered":"Str\u00e4nde und Surfen"},"content":{"rendered":"<div class=\"wpb-content-wrapper\"><p>[vc_row full_width=&#8221;stretch_row&#8221;][vc_column]<div class=\"ult-spacer spacer-69e4bacc7a538\" data-id=\"69e4bacc7a538\" data-height=\"90\" data-height-mobile=\"40\" data-height-tab=\"\" data-height-tab-portrait=\"\" data-height-mobile-landscape=\"40\" style=\"clear:both;display:block;\"><\/div><div class=\"arrowpress-container container \"><div id=\"ultimate-heading-163969e4bacc7aaa3\" class=\"uvc-heading ult-adjust-bottom-margin ultimate-heading-163969e4bacc7aaa3 uvc-2409 \" data-hspacer=\"icon_only\"  data-halign=\"center\" style=\"text-align:center\"><div class=\"uvc-heading-spacer icon_only\" style=\"margin-bottom:10px;\"><div class=\"ult-just-icon-wrapper  \"><div class=\"align-icon\" style=\"text-align:center;\">\n<div class=\"aio-icon none \"  style=\"color:#f28250;font-size:25px;display:inline-block;\">\n\t<i class=\"Defaults-leaf\"><\/i>\n<\/div><\/div><\/div><\/div><div class=\"uvc-main-heading ult-responsive\"  data-ultimate-target='.uvc-heading.ultimate-heading-163969e4bacc7aaa3 h2'  data-responsive-json-new='{\"font-size\":\"desktop:40px;\",\"line-height\":\"\"}' ><h2 style=\"font-family:&#039;Poppins&#039;;font-weight:600;color:#476885;\"> Wundersch\u00f6ne Str\u00e4nde<\/h2><\/div><\/div><div class=\"ult-content-box-container text_about\" >\t\t<div class=\"ult-content-box\" style=\"box-shadow: px px px px #f7f7f7 none;margin-right:110px;margin-left:100px;-webkit-transition: all 700ms ease;-moz-transition: all 700ms ease;-ms-transition: all 700ms ease;-o-transition: all 700ms ease;transition: all 700ms ease;\"  data-hover_box_shadow=\"none\"   data-responsive_margins=\"margin-right:0px;margin-left:0px;\"   data-normal_margins=\"margin-right:110px;margin-left:100px;\"  ><div class=\"ult-spacer spacer-69e4bacc7ab9c\" data-id=\"69e4bacc7ab9c\" data-height=\"30\" data-height-mobile=\"30\" data-height-tab=\"30\" data-height-tab-portrait=\"\" data-height-mobile-landscape=\"\" style=\"clear:both;display:block;\"><\/div>[vc_column_text]<\/p>\n<p style=\"text-align: justify;\">In der zentralen K\u00fcstenregion von Portugal gibt es viele sch\u00f6ne Str\u00e4nde. Die schimmernde Sonne auf dem Wasser und seine Wellen gab dieser Region ihren Namen: die Silberk\u00fcste.<\/p>\n<p style=\"text-align: justify;\">Von unserem Unterkunft in \u00d3bidos ist es nur eine 15-min\u00fctige Fahrt zum Strand. Nehmen Sie die Autobahn A8, entweder nach S\u00fcden und folgen Sie dem IP6 nach Peniche, oder nach Norden und nehmen Sie die Ausfahrt in Foz do Arelho. Beide Orte bieten tolle Str\u00e4nde und haben viele m\u00f6glichkeiten zum Mittag- oder Abendessen.<\/p>\n<p style=\"text-align: justify;\">Peniche ist bekannt f\u00fcr seine hohe Wellen und wegen das Surfen, und es gibt hier viele, sehr guten Fischrestaurants. Es lohnt sich auch ein paar Kilometer n\u00f6rdlich von Peniche zu fahren, wo man einen kleinen, malerischen Fischerdorf (Baleal) antrifft, der sich auf einer kleinen Halbinsel befindet.<\/p>\n<p style=\"text-align: justify;\">Foz do Arelho bietet andere Wassersportarten wie Windsurfen, Kitesurfen und Segeln, und da es an einer Lagune (Lagoa de \u00d3bidos) liegt bietet es Str\u00e4nde die geeignet sind f\u00fcr kleine Kinder.<\/p>\n<p>[\/vc_column_text]\t\t<\/div><\/div><div class=\"ult-spacer spacer-69e4bacc7abb4\" data-id=\"69e4bacc7abb4\" data-height=\"60\" data-height-mobile=\"60\" data-height-tab=\"60\" data-height-tab-portrait=\"\" data-height-mobile-landscape=\"\" style=\"clear:both;display:block;\"><\/div><\/div>\n<div class=\"arrowpress-container container \"><div id=\"ultimate-heading-230069e4bacc7ac90\" class=\"uvc-heading ult-adjust-bottom-margin ultimate-heading-230069e4bacc7ac90 uvc-8103 \" data-hspacer=\"icon_only\"  data-halign=\"center\" style=\"text-align:center\"><div class=\"uvc-heading-spacer icon_only\" style=\"margin-bottom:10px;\"><div class=\"ult-just-icon-wrapper  \"><div class=\"align-icon\" style=\"text-align:center;\">\n<div class=\"aio-icon none \"  style=\"color:#f28250;font-size:25px;display:inline-block;\">\n\t<i class=\"Defaults-leaf\"><\/i>\n<\/div><\/div><\/div><\/div><div class=\"uvc-main-heading ult-responsive\"  data-ultimate-target='.uvc-heading.ultimate-heading-230069e4bacc7ac90 h2'  data-responsive-json-new='{\"font-size\":\"desktop:40px;\",\"line-height\":\"\"}' ><h2 style=\"font-family:&#039;Poppins&#039;;font-weight:600;color:#476885;\">Surf Portugal<\/h2><\/div><\/div><div class=\"ult-content-box-container text_about\" >\t\t<div class=\"ult-content-box\" style=\"box-shadow: px px px px #f7f7f7 none;margin-right:110px;margin-left:100px;-webkit-transition: all 700ms ease;-moz-transition: all 700ms ease;-ms-transition: all 700ms ease;-o-transition: all 700ms ease;transition: all 700ms ease;\"  data-hover_box_shadow=\"none\"   data-responsive_margins=\"margin-right:0px;margin-left:0px;\"   data-normal_margins=\"margin-right:110px;margin-left:100px;\"  ><div class=\"ult-spacer spacer-69e4bacc7ad03\" data-id=\"69e4bacc7ad03\" data-height=\"30\" data-height-mobile=\"30\" data-height-tab=\"30\" data-height-tab-portrait=\"\" data-height-mobile-landscape=\"\" style=\"clear:both;display:block;\"><\/div>[vc_column_text]<\/p>\n<p style=\"text-align: justify;\">Vielleicht haben Sie die Top-Surfer aus Hawaii, Garrett McNamara, gesehen die die bisher gr\u00f6\u00dfte Welle surfte, \u2026 dass war hier an der Silberk\u00fcste! Im November 2011 stellte er den Rekord vor der K\u00fcste von Nazar\u00e9, w\u00e4hrend der ZON Nord Canyon Show. Die Welle war etwa 28 Meter hoch und ist dokumentiert auf<span>\u00a0<\/span><a href=\"http:\/\/www.youtube.com\/watch?v=58a9xYOweU8\" target=\"_blank\" rel=\"noopener\">YouTube<\/a>.<\/p>\n<p style=\"text-align: justify;\">Es ist wahrscheinlich besser, diese Riesenwellen an den topsurfers zu verlassen, aber wenn Sie in Surfen interessiert sind, k\u00f6nnen Sie die Wellen in Peniche versuchen. Dies ist einer der beliebtesten Orte zu surfen in Europa und die Wellen hier ziehen viele Menschen an zu surfen und um die internationalen Rip Curl Pro Wettbewerb zu erleben.<\/p>\n<p style=\"text-align: justify;\">Peniche liegt etwa 15 Minuten von unserem Unterkunft in Obidos entfernt. Sie k\u00f6nnen Ihr eigenes Surfbrett bringen und einen guten Platz zum surfen finden, am Norden oder S\u00fcden der Ort. Sie k\u00f6nnen aber auch ein Brett mieten und an einem der professionellen Surfschulen in Peniche Surfunterricht nehmen.<\/p>\n<p>[\/vc_column_text]\t\t<\/div><\/div><div class=\"ult-spacer spacer-69e4bacc7ad18\" data-id=\"69e4bacc7ad18\" data-height=\"60\" data-height-mobile=\"60\" data-height-tab=\"60\" data-height-tab-portrait=\"\" data-height-mobile-landscape=\"\" style=\"clear:both;display:block;\"><\/div><\/div>\n<div class=\"arrowpress-container container \"><div class=\"ult-content-box-container text_about\" >\t\t<div class=\"ult-content-box\" style=\"box-shadow: px px px px #f7f7f7 none;margin-right:110px;margin-left:100px;-webkit-transition: all 700ms ease;-moz-transition: all 700ms ease;-ms-transition: all 700ms ease;-o-transition: all 700ms ease;transition: all 700ms ease;\"  data-hover_box_shadow=\"none\"   data-responsive_margins=\"margin-right:0px;margin-left:0px;\"   data-normal_margins=\"margin-right:110px;margin-left:100px;\"  >[vc_images_carousel images=&#8221;3568,3569,3570,3571,3572,3573,3574,3575,3576&#8243; img_size=&#8221;full&#8221; onclick=&#8221;link_no&#8221; speed=&#8221;3000&#8243; hide_pagination_control=&#8221;yes&#8221; wrap=&#8221;yes&#8221; el_id=&#8221;galeria-regiao&#8221;]<div class=\"ult-spacer spacer-69e4bacc7adec\" data-id=\"69e4bacc7adec\" data-height=\"30\" data-height-mobile=\"15\" data-height-tab=\"15\" data-height-tab-portrait=\"15\" data-height-mobile-landscape=\"15\" style=\"clear:both;display:block;\"><\/div>[vc_btn title=&#8221;ZUR\u00dcCK&#8221; style=&#8221;flat&#8221; shape=&#8221;square&#8221; color=&#8221;orange&#8221; align=&#8221;center&#8221; link=&#8221;url:http%3A%2F%2Fwww.quintadaolivia.com%2Fde%2Flocation%2Fregion%2F|||&#8221; el_id=&#8221;guest-b&#8221;]\t\t<\/div><\/div><div class=\"ult-spacer spacer-69e4bacc7adfe\" data-id=\"69e4bacc7adfe\" data-height=\"60\" data-height-mobile=\"60\" data-height-tab=\"60\" data-height-tab-portrait=\"\" data-height-mobile-landscape=\"\" style=\"clear:both;display:block;\"><\/div><\/div>\n[\/vc_column][\/vc_row]<\/p>\n<\/div>","protected":false},"excerpt":{"rendered":"<p>[vc_row full_width=&#8221;stretch_row&#8221;][vc_column][\/vc_column][\/vc_row]<\/p>\n","protected":false},"author":4,"featured_media":0,"parent":1160,"menu_order":2,"comment_status":"closed","ping_status":"closed","template":"","meta":{"footnotes":""},"class_list":["post-3548","page","type-page","status-publish","hentry"],"translation":{"provider":"WPGlobus","version":"3.0.2","language":"de","enabled_languages":["en","nl","pt","de"],"languages":{"en":{"title":true,"content":true,"excerpt":false},"nl":{"title":true,"content":true,"excerpt":false},"pt":{"title":true,"content":true,"excerpt":false},"de":{"title":true,"content":true,"excerpt":false}}},"yoast_head":"<!-- This site is optimized with the Yoast SEO plugin v27.3 - https:\/\/yoast.com\/product\/yoast-seo-wordpress\/ -->\r\n<title>Str\u00e4nde und Surfen - Quinta da Olivia<\/title>\r\n<meta name=\"robots\" content=\"index, follow, max-snippet:-1, max-image-preview:large, max-video-preview:-1\" \/>\r\n<link rel=\"canonical\" href=\"https:\/\/www.quintadaolivia.com\/de\/region\/beaches-and-surf\/\" \/>\r\n<meta property=\"og:locale\" content=\"de_DE\" \/>\r\n<meta property=\"og:type\" content=\"article\" \/>\r\n<meta property=\"og:title\" content=\"Str\u00e4nde und Surfen - Quinta da Olivia\" \/>\r\n<meta property=\"og:url\" content=\"https:\/\/www.quintadaolivia.com\/de\/region\/beaches-and-surf\/\" \/>\r\n<meta property=\"og:site_name\" content=\"Quinta da Olivia\" \/>\r\n<meta property=\"article:publisher\" content=\"https:\/\/www.facebook.com\/quintadaolivia\/\" \/>\r\n<meta property=\"article:modified_time\" content=\"2018-09-20T17:39:17+00:00\" \/>\r\n<meta property=\"og:image\" content=\"https:\/\/www.quintadaolivia.com\/wp-content\/uploads\/2018\/05\/SEO_logo.jpg\" \/>\r\n\t<meta property=\"og:image:width\" content=\"600\" \/>\r\n\t<meta property=\"og:image:height\" content=\"315\" \/>\r\n\t<meta property=\"og:image:type\" content=\"image\/jpeg\" \/>\r\n<meta name=\"twitter:card\" content=\"summary_large_image\" \/>\r\n<meta name=\"twitter:label1\" content=\"Gesch\u00e4tzte Lesezeit\" \/>\n\t<meta name=\"twitter:data1\" content=\"15\u00a0Minuten\" \/>\r\n<script type=\"application\/ld+json\" class=\"yoast-schema-graph\">{\"@context\":\"https:\\\/\\\/schema.org\",\"@graph\":[{\"@type\":\"WebPage\",\"@id\":\"https:\\\/\\\/www.quintadaolivia.com\\\/de\\\/region\\\/beaches-and-surf\\\/\",\"url\":\"https:\\\/\\\/www.quintadaolivia.com\\\/de\\\/region\\\/beaches-and-surf\\\/\",\"name\":\"Str\u00e4nde und Surfen - Quinta da Olivia\",\"isPartOf\":{\"@id\":\"https:\\\/\\\/www.quintadaolivia.com\\\/#website\"},\"datePublished\":\"2018-01-08T11:01:04+00:00\",\"dateModified\":\"2018-09-20T17:39:17+00:00\",\"description\":\"\",\"breadcrumb\":{\"@id\":\"https:\\\/\\\/www.quintadaolivia.com\\\/de\\\/region\\\/beaches-and-surf\\\/#breadcrumb\"},\"inLanguage\":\"de\",\"potentialAction\":[{\"@type\":\"ReadAction\",\"target\":[\"https:\\\/\\\/www.quintadaolivia.com\\\/de\\\/region\\\/beaches-and-surf\\\/\"]}]},{\"@type\":\"BreadcrumbList\",\"@id\":\"https:\\\/\\\/www.quintadaolivia.com\\\/de\\\/region\\\/beaches-and-surf\\\/#breadcrumb\",\"itemListElement\":[{\"@type\":\"ListItem\",\"position\":1,\"name\":\"Home\",\"item\":\"https:\\\/\\\/www.quintadaolivia.com\\\/\"},{\"@type\":\"ListItem\",\"position\":2,\"name\":\"Region\",\"item\":\"https:\\\/\\\/www.quintadaolivia.com\\\/region\\\/\"},{\"@type\":\"ListItem\",\"position\":3,\"name\":\"Str\u00e4nde und Surfen\"}]},{\"@type\":\"WebSite\",\"@id\":\"https:\\\/\\\/www.quintadaolivia.com\\\/#website\",\"url\":\"https:\\\/\\\/www.quintadaolivia.com\\\/\",\"name\":\"Quinta da Olivia\",\"description\":\"Bed &amp; Breakfast \u00d3bidos\",\"publisher\":{\"@id\":\"https:\\\/\\\/www.quintadaolivia.com\\\/#organization\"},\"potentialAction\":[{\"@type\":\"SearchAction\",\"target\":{\"@type\":\"EntryPoint\",\"urlTemplate\":\"https:\\\/\\\/www.quintadaolivia.com\\\/?s={search_term_string}\"},\"query-input\":{\"@type\":\"PropertyValueSpecification\",\"valueRequired\":true,\"valueName\":\"search_term_string\"}}],\"inLanguage\":\"de\"},{\"@type\":\"Organization\",\"@id\":\"https:\\\/\\\/www.quintadaolivia.com\\\/#organization\",\"name\":\"Quinta da Olivia\",\"url\":\"https:\\\/\\\/www.quintadaolivia.com\\\/\",\"logo\":{\"@type\":\"ImageObject\",\"inLanguage\":\"de\",\"@id\":\"https:\\\/\\\/www.quintadaolivia.com\\\/#\\\/schema\\\/logo\\\/image\\\/\",\"url\":\"https:\\\/\\\/www.quintadaolivia.com\\\/wp-content\\\/uploads\\\/2018\\\/05\\\/SEO_logo.jpg\",\"contentUrl\":\"https:\\\/\\\/www.quintadaolivia.com\\\/wp-content\\\/uploads\\\/2018\\\/05\\\/SEO_logo.jpg\",\"width\":600,\"height\":315,\"caption\":\"Quinta da Olivia\"},\"image\":{\"@id\":\"https:\\\/\\\/www.quintadaolivia.com\\\/#\\\/schema\\\/logo\\\/image\\\/\"},\"sameAs\":[\"https:\\\/\\\/www.facebook.com\\\/quintadaolivia\\\/\"]}]}<\/script>\r\n<!-- \/ Yoast SEO plugin. -->","yoast_head_json":{"title":"Str\u00e4nde und Surfen - Quinta da Olivia","robots":{"index":"index","follow":"follow","max-snippet":"max-snippet:-1","max-image-preview":"max-image-preview:large","max-video-preview":"max-video-preview:-1"},"canonical":"https:\/\/www.quintadaolivia.com\/de\/region\/beaches-and-surf\/","og_locale":"de_DE","og_type":"article","og_title":"Str\u00e4nde und Surfen - Quinta da Olivia","og_url":"https:\/\/www.quintadaolivia.com\/de\/region\/beaches-and-surf\/","og_site_name":"Quinta da Olivia","article_publisher":"https:\/\/www.facebook.com\/quintadaolivia\/","article_modified_time":"2018-09-20T17:39:17+00:00","og_image":[{"width":600,"height":315,"url":"https:\/\/www.quintadaolivia.com\/wp-content\/uploads\/2018\/05\/SEO_logo.jpg","type":"image\/jpeg"}],"twitter_card":"summary_large_image","twitter_misc":{"Gesch\u00e4tzte Lesezeit":"15\u00a0Minuten"},"schema":{"@context":"https:\/\/schema.org","@graph":[{"@type":"WebPage","@id":"https:\/\/www.quintadaolivia.com\/de\/region\/beaches-and-surf\/","url":"https:\/\/www.quintadaolivia.com\/de\/region\/beaches-and-surf\/","name":"Str\u00e4nde und Surfen - Quinta da Olivia","isPartOf":{"@id":"https:\/\/www.quintadaolivia.com\/#website"},"datePublished":"2018-01-08T11:01:04+00:00","dateModified":"2018-09-20T17:39:17+00:00","description":"","breadcrumb":{"@id":"https:\/\/www.quintadaolivia.com\/de\/region\/beaches-and-surf\/#breadcrumb"},"inLanguage":"de","potentialAction":[{"@type":"ReadAction","target":["https:\/\/www.quintadaolivia.com\/de\/region\/beaches-and-surf\/"]}]},{"@type":"BreadcrumbList","@id":"https:\/\/www.quintadaolivia.com\/de\/region\/beaches-and-surf\/#breadcrumb","itemListElement":[{"@type":"ListItem","position":1,"name":"Home","item":"https:\/\/www.quintadaolivia.com\/"},{"@type":"ListItem","position":2,"name":"Region","item":"https:\/\/www.quintadaolivia.com\/region\/"},{"@type":"ListItem","position":3,"name":"Str\u00e4nde und Surfen"}]},{"@type":"WebSite","@id":"https:\/\/www.quintadaolivia.com\/#website","url":"https:\/\/www.quintadaolivia.com\/","name":"Quinta da Olivia","description":"Bed &amp; Breakfast \u00d3bidos","publisher":{"@id":"https:\/\/www.quintadaolivia.com\/#organization"},"potentialAction":[{"@type":"SearchAction","target":{"@type":"EntryPoint","urlTemplate":"https:\/\/www.quintadaolivia.com\/?s={search_term_string}"},"query-input":{"@type":"PropertyValueSpecification","valueRequired":true,"valueName":"search_term_string"}}],"inLanguage":"de"},{"@type":"Organization","@id":"https:\/\/www.quintadaolivia.com\/#organization","name":"Quinta da Olivia","url":"https:\/\/www.quintadaolivia.com\/","logo":{"@type":"ImageObject","inLanguage":"de","@id":"https:\/\/www.quintadaolivia.com\/#\/schema\/logo\/image\/","url":"https:\/\/www.quintadaolivia.com\/wp-content\/uploads\/2018\/05\/SEO_logo.jpg","contentUrl":"https:\/\/www.quintadaolivia.com\/wp-content\/uploads\/2018\/05\/SEO_logo.jpg","width":600,"height":315,"caption":"Quinta da Olivia"},"image":{"@id":"https:\/\/www.quintadaolivia.com\/#\/schema\/logo\/image\/"},"sameAs":["https:\/\/www.facebook.com\/quintadaolivia\/"]}]}},"_links":{"self":[{"href":"https:\/\/www.quintadaolivia.com\/de\/wp-json\/wp\/v2\/pages\/3548","targetHints":{"allow":["GET"]}}],"collection":[{"href":"https:\/\/www.quintadaolivia.com\/de\/wp-json\/wp\/v2\/pages"}],"about":[{"href":"https:\/\/www.quintadaolivia.com\/de\/wp-json\/wp\/v2\/types\/page"}],"author":[{"embeddable":true,"href":"https:\/\/www.quintadaolivia.com\/de\/wp-json\/wp\/v2\/users\/4"}],"replies":[{"embeddable":true,"href":"https:\/\/www.quintadaolivia.com\/de\/wp-json\/wp\/v2\/comments?post=3548"}],"version-history":[{"count":0,"href":"https:\/\/www.quintadaolivia.com\/de\/wp-json\/wp\/v2\/pages\/3548\/revisions"}],"up":[{"embeddable":true,"href":"https:\/\/www.quintadaolivia.com\/de\/wp-json\/wp\/v2\/pages\/1160"}],"wp:attachment":[{"href":"https:\/\/www.quintadaolivia.com\/de\/wp-json\/wp\/v2\/media?parent=3548"}],"curies":[{"name":"wp","href":"https:\/\/api.w.org\/{rel}","templated":true}]}}