{"id":3609,"date":"2018-01-08T11:30:15","date_gmt":"2018-01-08T11:30:15","guid":{"rendered":"http:\/\/dev.quintadaolivia.com\/?page_id=3609"},"modified":"2018-05-04T11:31:50","modified_gmt":"2018-05-04T10:31:50","slug":"hiking-and-biking","status":"publish","type":"page","link":"https:\/\/www.quintadaolivia.com\/de\/region\/hiking-and-biking\/","title":{"rendered":"Wandern und Radfahren"},"content":{"rendered":"<div class=\"wpb-content-wrapper\"><p>[vc_row full_width=&#8221;stretch_row&#8221;][vc_column]<div class=\"ult-spacer spacer-69e4baf05ce0e\" data-id=\"69e4baf05ce0e\" data-height=\"90\" data-height-mobile=\"40\" data-height-tab=\"\" data-height-tab-portrait=\"\" data-height-mobile-landscape=\"40\" style=\"clear:both;display:block;\"><\/div><div class=\"arrowpress-container container \"><div id=\"ultimate-heading-367569e4baf05db75\" class=\"uvc-heading ult-adjust-bottom-margin ultimate-heading-367569e4baf05db75 uvc-1979 \" data-hspacer=\"icon_only\"  data-halign=\"center\" style=\"text-align:center\"><div class=\"uvc-heading-spacer icon_only\" style=\"margin-bottom:10px;\"><div class=\"ult-just-icon-wrapper  \"><div class=\"align-icon\" style=\"text-align:center;\">\n<div class=\"aio-icon none \"  style=\"color:#f28250;font-size:25px;display:inline-block;\">\n\t<i class=\"Defaults-leaf\"><\/i>\n<\/div><\/div><\/div><\/div><div class=\"uvc-main-heading ult-responsive\"  data-ultimate-target='.uvc-heading.ultimate-heading-367569e4baf05db75 h2'  data-responsive-json-new='{\"font-size\":\"desktop:40px;\",\"line-height\":\"\"}' ><h2 style=\"font-family:&#039;Poppins&#039;;font-weight:600;color:#476885;\">Wandern<\/h2><\/div><\/div><div class=\"ult-content-box-container text_about\" >\t\t<div class=\"ult-content-box\" style=\"box-shadow: px px px px #f7f7f7 none;margin-right:110px;margin-left:100px;-webkit-transition: all 700ms ease;-moz-transition: all 700ms ease;-ms-transition: all 700ms ease;-o-transition: all 700ms ease;transition: all 700ms ease;\"  data-hover_box_shadow=\"none\"   data-responsive_margins=\"margin-right:0px;margin-left:0px;\"   data-normal_margins=\"margin-right:110px;margin-left:100px;\"  ><div class=\"ult-spacer spacer-69e4baf05dc5c\" data-id=\"69e4baf05dc5c\" data-height=\"30\" data-height-mobile=\"30\" data-height-tab=\"30\" data-height-tab-portrait=\"\" data-height-mobile-landscape=\"\" style=\"clear:both;display:block;\"><\/div>[vc_column_text]<\/p>\n<p style=\"text-align: justify;\">Die Silberk\u00fcste von Portugal ist ideal zum Wandern, wo Sie die sch\u00f6ne Aussicht von den vielen H\u00fcgeln genie\u00dfen k\u00f6nnen die diese Gegend reich ist. Es gibt viele Wanderwege durch Obstg\u00e4rten, Weinberge, W\u00e4lder und entlang des Ozeans. Von unserem quinta k\u00f6nnen Sie sch\u00f6ne Spazierg\u00e4nge in der unmittelbaren Umgebung von Obidos machen.<\/p>\n<p style=\"text-align: justify;\">Dar\u00fcber hinaus k\u00f6nnen Sie auch nach die nahe gelegene Lagune (Lagoa de \u00d3bidos) fahren und zu Fu\u00df durch dieses sch\u00f6ne St\u00fcck Natur wandern. Hier k\u00f6nnen Sie viele V\u00f6gel und die nat\u00fcrliche Vegetation genie\u00dfen. Oder Sie k\u00f6nnen zum Meer fahren f\u00fcr einen sch\u00f6nen Spaziergang am Strand und am Ende des Tages eine der wunderbaren Sonnenunterg\u00e4nge betrachten, w\u00e4hrend Sie Ihr Lieblingsgetr\u00e4nk genie\u00dfen auf einer der viele Terrassen.<\/p>\n<p style=\"text-align: justify;\">Etwas weiter entfernt im Nordosten (innerhalb einer Stunde zu erreichen von unserem Unterkunft in Obidos) ist Parque Natural das Serras d\u2019Aire e Candeeiros, einer der bekannteste Wanderziele in Zentral-Portugal.<\/p>\n<p style=\"text-align: justify;\">Die Serras de Aire e Candeeiros Naturpark ist ein Kalksteingebirge und enth\u00e4lt 16 Wanderwege. Das Gebiet enth\u00e4lt auch viele Grotten und Sie k\u00f6nnen hier auch Flederm\u00e4use finden.<\/p>\n<p>[\/vc_column_text]\t\t<\/div><\/div><div class=\"ult-spacer spacer-69e4baf05dc73\" data-id=\"69e4baf05dc73\" data-height=\"60\" data-height-mobile=\"60\" data-height-tab=\"60\" data-height-tab-portrait=\"\" data-height-mobile-landscape=\"\" style=\"clear:both;display:block;\"><\/div><\/div>\n<div class=\"arrowpress-container container \"><div id=\"ultimate-heading-619469e4baf05dd56\" class=\"uvc-heading ult-adjust-bottom-margin ultimate-heading-619469e4baf05dd56 uvc-4296 \" data-hspacer=\"icon_only\"  data-halign=\"center\" style=\"text-align:center\"><div class=\"uvc-heading-spacer icon_only\" style=\"margin-bottom:10px;\"><div class=\"ult-just-icon-wrapper  \"><div class=\"align-icon\" style=\"text-align:center;\">\n<div class=\"aio-icon none \"  style=\"color:#f28250;font-size:25px;display:inline-block;\">\n\t<i class=\"Defaults-leaf\"><\/i>\n<\/div><\/div><\/div><\/div><div class=\"uvc-main-heading ult-responsive\"  data-ultimate-target='.uvc-heading.ultimate-heading-619469e4baf05dd56 h2'  data-responsive-json-new='{\"font-size\":\"desktop:40px;\",\"line-height\":\"\"}' ><h2 style=\"font-family:&#039;Poppins&#039;;font-weight:600;color:#476885;\"> Radfahren<\/h2><\/div><\/div><div class=\"ult-content-box-container text_about\" >\t\t<div class=\"ult-content-box\" style=\"box-shadow: px px px px #f7f7f7 none;margin-right:110px;margin-left:100px;-webkit-transition: all 700ms ease;-moz-transition: all 700ms ease;-ms-transition: all 700ms ease;-o-transition: all 700ms ease;transition: all 700ms ease;\"  data-hover_box_shadow=\"none\"   data-responsive_margins=\"margin-right:0px;margin-left:0px;\"   data-normal_margins=\"margin-right:110px;margin-left:100px;\"  ><div class=\"ult-spacer spacer-69e4baf05ddc7\" data-id=\"69e4baf05ddc7\" data-height=\"30\" data-height-mobile=\"30\" data-height-tab=\"30\" data-height-tab-portrait=\"\" data-height-mobile-landscape=\"\" style=\"clear:both;display:block;\"><\/div>[vc_column_text]<\/p>\n<p style=\"text-align: justify;\">Nehmen Sie die Fahrrad und gehen Sie von unserem Obidos Bed and Breakfast nach Westen, in Richtung K\u00fcste. Nach etwa 30 Minuten in einer ruhigen Kiesstra\u00dfe durch Obstg\u00e4rten und ein Wald erreichen Sie die Lagune von \u00d3bidos (Lagoa de \u00d3bidos). Von hier aus nehmen Sie den gepflegte Schotterstra\u00dfe entlang dem Wasser der Lagune und k\u00f6nnen Sie die sch\u00f6ne Umgebung mit seiner einzigartigen Flora und Fauna genie\u00dfen. Machen Sie einen Halt auf dem Weg und genie\u00dfen Sie einen Tasse Kaffee im \u00f6rtlichen Caf\u00e9.<\/p>\n<p style=\"text-align: justify;\">Fahren Sie weiter entlang der Lagune, bis Sie der Strand Praia do Bom Sucesso erreichen. Hier kann man einige Restaurants finden und ein Mittagessen genie\u00dfen. Nach dem Mittagessen k\u00f6nnen Sie hier die Sonne, Strand und Meer genie\u00dfen, bevor sie zu unserem B &amp; B zur\u00fcckfahren.<\/p>\n<p style=\"text-align: justify;\">Es gibt viele weitere M\u00f6glichkeiten zum Radfahren in der Region und Fahrr\u00e4der (mit Helm) stehen kostenlos zur Verf\u00fcgung in unserem B &amp; B.<\/p>\n<p>[\/vc_column_text]\t\t<\/div><\/div><div class=\"ult-spacer spacer-69e4baf05ddd9\" data-id=\"69e4baf05ddd9\" data-height=\"60\" data-height-mobile=\"60\" data-height-tab=\"60\" data-height-tab-portrait=\"\" data-height-mobile-landscape=\"\" style=\"clear:both;display:block;\"><\/div><\/div>\n<div class=\"arrowpress-container container \"><div class=\"ult-content-box-container text_about\" >\t\t<div class=\"ult-content-box\" style=\"box-shadow: px px px px #f7f7f7 none;margin-right:110px;margin-left:100px;-webkit-transition: all 700ms ease;-moz-transition: all 700ms ease;-ms-transition: all 700ms ease;-o-transition: all 700ms ease;transition: all 700ms ease;\"  data-hover_box_shadow=\"none\"   data-responsive_margins=\"margin-right:0px;margin-left:0px;\"   data-normal_margins=\"margin-right:110px;margin-left:100px;\"  >[vc_images_carousel images=&#8221;3614,3615,3616,3617,3618,3619,3620,3621,3622&#8243; img_size=&#8221;full&#8221; onclick=&#8221;link_no&#8221; speed=&#8221;3000&#8243; hide_pagination_control=&#8221;yes&#8221; wrap=&#8221;yes&#8221; el_id=&#8221;galeria-regiao&#8221;]<div class=\"ult-spacer spacer-69e4baf05deb1\" data-id=\"69e4baf05deb1\" data-height=\"30\" data-height-mobile=\"15\" data-height-tab=\"15\" data-height-tab-portrait=\"15\" data-height-mobile-landscape=\"15\" style=\"clear:both;display:block;\"><\/div>[vc_btn title=&#8221;ZUR\u00dcCK&#8221; style=&#8221;flat&#8221; shape=&#8221;square&#8221; color=&#8221;orange&#8221; align=&#8221;center&#8221; link=&#8221;url:http%3A%2F%2Fwww.quintadaolivia.com%2Fde%2Flocation%2Fregion%2F|||&#8221; el_id=&#8221;guest-b&#8221;]\t\t<\/div><\/div><div class=\"ult-spacer spacer-69e4baf05dec3\" data-id=\"69e4baf05dec3\" data-height=\"60\" data-height-mobile=\"60\" data-height-tab=\"60\" data-height-tab-portrait=\"\" data-height-mobile-landscape=\"\" style=\"clear:both;display:block;\"><\/div><\/div>\n[\/vc_column][\/vc_row]<\/p>\n<\/div>","protected":false},"excerpt":{"rendered":"<p>[vc_row full_width=&#8221;stretch_row&#8221;][vc_column][\/vc_column][\/vc_row]<\/p>\n","protected":false},"author":4,"featured_media":0,"parent":1160,"menu_order":5,"comment_status":"closed","ping_status":"closed","template":"","meta":{"footnotes":""},"class_list":["post-3609","page","type-page","status-publish","hentry"],"translation":{"provider":"WPGlobus","version":"3.0.2","language":"de","enabled_languages":["en","nl","pt","de"],"languages":{"en":{"title":true,"content":true,"excerpt":false},"nl":{"title":true,"content":true,"excerpt":false},"pt":{"title":true,"content":true,"excerpt":false},"de":{"title":true,"content":true,"excerpt":false}}},"yoast_head":"<!-- This site is optimized with the Yoast SEO plugin v27.3 - https:\/\/yoast.com\/product\/yoast-seo-wordpress\/ -->\r\n<title>Wandern und Radfahren - Quinta da Olivia<\/title>\r\n<meta name=\"robots\" content=\"index, follow, max-snippet:-1, max-image-preview:large, max-video-preview:-1\" \/>\r\n<link rel=\"canonical\" href=\"https:\/\/www.quintadaolivia.com\/pt\/region\/hiking-and-biking\/\" \/>\r\n<meta property=\"og:locale\" content=\"de_DE\" \/>\r\n<meta property=\"og:type\" content=\"article\" \/>\r\n<meta property=\"og:title\" content=\"Wandern und Radfahren - Quinta da Olivia\" \/>\r\n<meta property=\"og:url\" content=\"https:\/\/www.quintadaolivia.com\/pt\/region\/hiking-and-biking\/\" \/>\r\n<meta property=\"og:site_name\" content=\"Quinta da Olivia\" \/>\r\n<meta property=\"article:publisher\" content=\"https:\/\/www.facebook.com\/quintadaolivia\/\" \/>\r\n<meta property=\"article:modified_time\" content=\"2018-05-04T10:31:50+00:00\" \/>\r\n<meta property=\"og:image\" content=\"https:\/\/www.quintadaolivia.com\/wp-content\/uploads\/2018\/05\/SEO_logo.jpg\" \/>\r\n\t<meta property=\"og:image:width\" content=\"600\" \/>\r\n\t<meta property=\"og:image:height\" content=\"315\" \/>\r\n\t<meta property=\"og:image:type\" content=\"image\/jpeg\" \/>\r\n<meta name=\"twitter:card\" content=\"summary_large_image\" \/>\r\n<meta name=\"twitter:label1\" content=\"Gesch\u00e4tzte Lesezeit\" \/>\n\t<meta name=\"twitter:data1\" content=\"15\u00a0Minuten\" \/>\r\n<script type=\"application\/ld+json\" class=\"yoast-schema-graph\">{\"@context\":\"https:\\\/\\\/schema.org\",\"@graph\":[{\"@type\":\"WebPage\",\"@id\":\"https:\\\/\\\/www.quintadaolivia.com\\\/pt\\\/region\\\/hiking-and-biking\\\/\",\"url\":\"https:\\\/\\\/www.quintadaolivia.com\\\/pt\\\/region\\\/hiking-and-biking\\\/\",\"name\":\"Wandern und Radfahren - Quinta da Olivia\",\"isPartOf\":{\"@id\":\"https:\\\/\\\/www.quintadaolivia.com\\\/#website\"},\"datePublished\":\"2018-01-08T11:30:15+00:00\",\"dateModified\":\"2018-05-04T10:31:50+00:00\",\"description\":\"\",\"breadcrumb\":{\"@id\":\"https:\\\/\\\/www.quintadaolivia.com\\\/pt\\\/region\\\/hiking-and-biking\\\/#breadcrumb\"},\"inLanguage\":\"de\",\"potentialAction\":[{\"@type\":\"ReadAction\",\"target\":[\"https:\\\/\\\/www.quintadaolivia.com\\\/pt\\\/region\\\/hiking-and-biking\\\/\"]}]},{\"@type\":\"BreadcrumbList\",\"@id\":\"https:\\\/\\\/www.quintadaolivia.com\\\/pt\\\/region\\\/hiking-and-biking\\\/#breadcrumb\",\"itemListElement\":[{\"@type\":\"ListItem\",\"position\":1,\"name\":\"Home\",\"item\":\"https:\\\/\\\/www.quintadaolivia.com\\\/\"},{\"@type\":\"ListItem\",\"position\":2,\"name\":\"Region\",\"item\":\"https:\\\/\\\/www.quintadaolivia.com\\\/region\\\/\"},{\"@type\":\"ListItem\",\"position\":3,\"name\":\"Caminhada e ciclismo\"}]},{\"@type\":\"WebSite\",\"@id\":\"https:\\\/\\\/www.quintadaolivia.com\\\/#website\",\"url\":\"https:\\\/\\\/www.quintadaolivia.com\\\/\",\"name\":\"Quinta da Olivia\",\"description\":\"Bed &amp; Breakfast \u00d3bidos\",\"publisher\":{\"@id\":\"https:\\\/\\\/www.quintadaolivia.com\\\/#organization\"},\"potentialAction\":[{\"@type\":\"SearchAction\",\"target\":{\"@type\":\"EntryPoint\",\"urlTemplate\":\"https:\\\/\\\/www.quintadaolivia.com\\\/?s={search_term_string}\"},\"query-input\":{\"@type\":\"PropertyValueSpecification\",\"valueRequired\":true,\"valueName\":\"search_term_string\"}}],\"inLanguage\":\"de\"},{\"@type\":\"Organization\",\"@id\":\"https:\\\/\\\/www.quintadaolivia.com\\\/#organization\",\"name\":\"Quinta da Olivia\",\"url\":\"https:\\\/\\\/www.quintadaolivia.com\\\/\",\"logo\":{\"@type\":\"ImageObject\",\"inLanguage\":\"de\",\"@id\":\"https:\\\/\\\/www.quintadaolivia.com\\\/#\\\/schema\\\/logo\\\/image\\\/\",\"url\":\"https:\\\/\\\/www.quintadaolivia.com\\\/wp-content\\\/uploads\\\/2018\\\/05\\\/SEO_logo.jpg\",\"contentUrl\":\"https:\\\/\\\/www.quintadaolivia.com\\\/wp-content\\\/uploads\\\/2018\\\/05\\\/SEO_logo.jpg\",\"width\":600,\"height\":315,\"caption\":\"Quinta da Olivia\"},\"image\":{\"@id\":\"https:\\\/\\\/www.quintadaolivia.com\\\/#\\\/schema\\\/logo\\\/image\\\/\"},\"sameAs\":[\"https:\\\/\\\/www.facebook.com\\\/quintadaolivia\\\/\"]}]}<\/script>\r\n<!-- \/ Yoast SEO plugin. -->","yoast_head_json":{"title":"Wandern und Radfahren - Quinta da Olivia","robots":{"index":"index","follow":"follow","max-snippet":"max-snippet:-1","max-image-preview":"max-image-preview:large","max-video-preview":"max-video-preview:-1"},"canonical":"https:\/\/www.quintadaolivia.com\/pt\/region\/hiking-and-biking\/","og_locale":"de_DE","og_type":"article","og_title":"Wandern und Radfahren - Quinta da Olivia","og_url":"https:\/\/www.quintadaolivia.com\/pt\/region\/hiking-and-biking\/","og_site_name":"Quinta da Olivia","article_publisher":"https:\/\/www.facebook.com\/quintadaolivia\/","article_modified_time":"2018-05-04T10:31:50+00:00","og_image":[{"width":600,"height":315,"url":"https:\/\/www.quintadaolivia.com\/wp-content\/uploads\/2018\/05\/SEO_logo.jpg","type":"image\/jpeg"}],"twitter_card":"summary_large_image","twitter_misc":{"Gesch\u00e4tzte Lesezeit":"15\u00a0Minuten"},"schema":{"@context":"https:\/\/schema.org","@graph":[{"@type":"WebPage","@id":"https:\/\/www.quintadaolivia.com\/pt\/region\/hiking-and-biking\/","url":"https:\/\/www.quintadaolivia.com\/pt\/region\/hiking-and-biking\/","name":"Wandern und Radfahren - Quinta da Olivia","isPartOf":{"@id":"https:\/\/www.quintadaolivia.com\/#website"},"datePublished":"2018-01-08T11:30:15+00:00","dateModified":"2018-05-04T10:31:50+00:00","description":"","breadcrumb":{"@id":"https:\/\/www.quintadaolivia.com\/pt\/region\/hiking-and-biking\/#breadcrumb"},"inLanguage":"de","potentialAction":[{"@type":"ReadAction","target":["https:\/\/www.quintadaolivia.com\/pt\/region\/hiking-and-biking\/"]}]},{"@type":"BreadcrumbList","@id":"https:\/\/www.quintadaolivia.com\/pt\/region\/hiking-and-biking\/#breadcrumb","itemListElement":[{"@type":"ListItem","position":1,"name":"Home","item":"https:\/\/www.quintadaolivia.com\/"},{"@type":"ListItem","position":2,"name":"Region","item":"https:\/\/www.quintadaolivia.com\/region\/"},{"@type":"ListItem","position":3,"name":"Caminhada e ciclismo"}]},{"@type":"WebSite","@id":"https:\/\/www.quintadaolivia.com\/#website","url":"https:\/\/www.quintadaolivia.com\/","name":"Quinta da Olivia","description":"Bed &amp; Breakfast \u00d3bidos","publisher":{"@id":"https:\/\/www.quintadaolivia.com\/#organization"},"potentialAction":[{"@type":"SearchAction","target":{"@type":"EntryPoint","urlTemplate":"https:\/\/www.quintadaolivia.com\/?s={search_term_string}"},"query-input":{"@type":"PropertyValueSpecification","valueRequired":true,"valueName":"search_term_string"}}],"inLanguage":"de"},{"@type":"Organization","@id":"https:\/\/www.quintadaolivia.com\/#organization","name":"Quinta da Olivia","url":"https:\/\/www.quintadaolivia.com\/","logo":{"@type":"ImageObject","inLanguage":"de","@id":"https:\/\/www.quintadaolivia.com\/#\/schema\/logo\/image\/","url":"https:\/\/www.quintadaolivia.com\/wp-content\/uploads\/2018\/05\/SEO_logo.jpg","contentUrl":"https:\/\/www.quintadaolivia.com\/wp-content\/uploads\/2018\/05\/SEO_logo.jpg","width":600,"height":315,"caption":"Quinta da Olivia"},"image":{"@id":"https:\/\/www.quintadaolivia.com\/#\/schema\/logo\/image\/"},"sameAs":["https:\/\/www.facebook.com\/quintadaolivia\/"]}]}},"_links":{"self":[{"href":"https:\/\/www.quintadaolivia.com\/de\/wp-json\/wp\/v2\/pages\/3609","targetHints":{"allow":["GET"]}}],"collection":[{"href":"https:\/\/www.quintadaolivia.com\/de\/wp-json\/wp\/v2\/pages"}],"about":[{"href":"https:\/\/www.quintadaolivia.com\/de\/wp-json\/wp\/v2\/types\/page"}],"author":[{"embeddable":true,"href":"https:\/\/www.quintadaolivia.com\/de\/wp-json\/wp\/v2\/users\/4"}],"replies":[{"embeddable":true,"href":"https:\/\/www.quintadaolivia.com\/de\/wp-json\/wp\/v2\/comments?post=3609"}],"version-history":[{"count":0,"href":"https:\/\/www.quintadaolivia.com\/de\/wp-json\/wp\/v2\/pages\/3609\/revisions"}],"up":[{"embeddable":true,"href":"https:\/\/www.quintadaolivia.com\/de\/wp-json\/wp\/v2\/pages\/1160"}],"wp:attachment":[{"href":"https:\/\/www.quintadaolivia.com\/de\/wp-json\/wp\/v2\/media?parent=3609"}],"curies":[{"name":"wp","href":"https:\/\/api.w.org\/{rel}","templated":true}]}}