{"id":3642,"date":"2018-01-08T11:56:00","date_gmt":"2018-01-08T11:56:00","guid":{"rendered":"http:\/\/dev.quintadaolivia.com\/?page_id=3642"},"modified":"2025-03-07T10:06:52","modified_gmt":"2025-03-07T10:06:52","slug":"wine-route","status":"publish","type":"page","link":"https:\/\/www.quintadaolivia.com\/de\/region\/wine-route\/","title":{"rendered":"Weinroute"},"content":{"rendered":"<div class=\"wpb-content-wrapper\"><p>[vc_row full_width=&#8221;stretch_row&#8221;][vc_column]<div class=\"ult-spacer spacer-69e4e2203a538\" data-id=\"69e4e2203a538\" data-height=\"90\" data-height-mobile=\"40\" data-height-tab=\"\" data-height-tab-portrait=\"\" data-height-mobile-landscape=\"40\" style=\"clear:both;display:block;\"><\/div><div class=\"arrowpress-container container \"><div id=\"ultimate-heading-690669e4e2203a748\" class=\"uvc-heading ult-adjust-bottom-margin ultimate-heading-690669e4e2203a748 uvc-8839 \" data-hspacer=\"icon_only\"  data-halign=\"center\" style=\"text-align:center\"><div class=\"uvc-heading-spacer icon_only\" style=\"margin-bottom:10px;\"><div class=\"ult-just-icon-wrapper  \"><div class=\"align-icon\" style=\"text-align:center;\">\n<div class=\"aio-icon none \"  style=\"color:#f28250;font-size:25px;display:inline-block;\">\n\t<i class=\"Defaults-leaf\"><\/i>\n<\/div><\/div><\/div><\/div><div class=\"uvc-main-heading ult-responsive\"  data-ultimate-target='.uvc-heading.ultimate-heading-690669e4e2203a748 h2'  data-responsive-json-new='{\"font-size\":\"desktop:40px;\",\"line-height\":\"\"}' ><h2 style=\"font-family:&#039;Poppins&#039;;font-weight:600;color:#476885;\">Weinroute<\/h2><\/div><\/div><div class=\"ult-content-box-container text_about\" >\t\t<div class=\"ult-content-box\" style=\"box-shadow: px px px px #f7f7f7 none;margin-right:110px;margin-left:100px;-webkit-transition: all 700ms ease;-moz-transition: all 700ms ease;-ms-transition: all 700ms ease;-o-transition: all 700ms ease;transition: all 700ms ease;\"  data-hover_box_shadow=\"none\"   data-responsive_margins=\"margin-right:0px;margin-left:0px;\"   data-normal_margins=\"margin-right:110px;margin-left:100px;\"  ><div class=\"ult-spacer spacer-69e4e2203a812\" data-id=\"69e4e2203a812\" data-height=\"30\" data-height-mobile=\"30\" data-height-tab=\"30\" data-height-tab-portrait=\"\" data-height-mobile-landscape=\"\" style=\"clear:both;display:block;\"><\/div>[vc_column_text css=&#8221;&#8221;]<\/p>\n<p style=\"text-align: justify;\">Unser Unterkunft liegt direkt an einer der Weinstra\u00dfen der Region Estremadura. Im Jahr 1999 erhielten die Weinberge rund um \u00d3bidos eine offizielle Anerkennung und wurden unter DOC zertifiziert (Denomina\u00e7\u00e3o de Origem Controlada). Seitdem entwickelte dieser Weinregion weiter und viele seiner Weine begonnen Preise zu gewinnen bei nationalen und internationalen Weinwettbewerben.<\/p>\n<p style=\"text-align: justify;\">Die regionale Weinstra\u00dfe beginnt s\u00fcdlich, in Bombarral, und bewegt sich nach Norden durch Obidos und Caldas da Rainha, nach dem es nach Osten in Richtung Rio Maior biegt. Es gibt viele Weing\u00fcter (auch Quintas) auf dem Weg, wo Sie die lokalen Weine probieren k\u00f6nnen (auf Verabredung).<\/p>\n<p style=\"text-align: justify;\">Einer dieser Weing\u00fcter ist<span>\u00a0<\/span><a href=\"https:\/\/shop.sanguinhal.pt\/\" target=\"_blank\" rel=\"noopener\">Companhia Agr\u00edcola do Sanguinhal<\/a>, ca. 10 km s\u00fcdlich von unserem Bed &amp; Breakfast in \u00d3bidos. Dies ist einer der bekanntesten Weing\u00fcter und produziert drei verschiedene Weine: Quinta das Cerejeiras, Quinta do Sanguinhal und Quinta de S\u00e3o Francisco. Bei Quinta do Sanguinhal k\u00f6nnen Sie einen Spaziergang durch die Weinberge nehmen, eine alte Brennerei und Weinpresse besuchen, und nat\u00fcrlich, einigen der gro\u00dfen Weine der Region probieren.<\/p>\n<p style=\"text-align: justify;\">Zwei weitere Weing\u00fcter, auch auf der \u00d3bidos Weinstra\u00dfe sind<span>\u00a0<\/span><a href=\"http:\/\/www.quintadogradil.wine\/en\/\" target=\"_blank\" rel=\"noopener\">Quinta do Gradil<\/a><span>\u00a0<\/span>(Cadaval) und<span>\u00a0<\/span><a href=\"https:\/\/bacalhoa.pt\/en\/bacalhoa-buddha-eden\" target=\"_blank\" rel=\"noopener\">Quinta dos Loridos<\/a><span>\u00a0<\/span>(in Bombarral). Letzteres ist vor allem ber\u00fchmt f\u00fcr seine Schaumweine. Quinta dos Loridos besteht aus einem sch\u00f6nen alten Geb\u00e4ude, das von einem wundersch\u00f6nen Garten umgeben ist. Einer dieser G\u00e4rten ist Buddha Eden, eine beeindruckende, 35 Hektar gro\u00dfen orientalischen Garten mit Buddha und Pagode Skulpturen, Terrakotta-Statuen und vieles mehr.<\/p>\n<p style=\"text-align: justify;\">Etwas weiter s\u00fcdlich sind noch zwei<span>\u00a0<\/span><a href=\"https:\/\/www.clubevinhosportugueses.pt\/vinhos\/regioes\/estremadura\/rotas-dos-vinhos-lisboa-vinhos-do-oeste\/\" target=\"_blank\" rel=\"noopener\">Weinstra\u00dfen<\/a><span>\u00a0<\/span>zu finden, in der N\u00e4he von Torres Vedras (40 km von \u00d3bidos).<\/p>\n<p style=\"text-align: justify;\">Auf der Quinta da Olivia stellen wir auch unseren eigenen Wein her. Oskar hat im Jahr 2017 damit begonnen und ist seitdem in die Weinherstellung eingetaucht. Die Weine, die er herstellt, sind Aperitif &#8211; und Dessertweine und werden auf einzigartige Weise aus Trauben unseres eigenen Anwesens gekeltert. Nach dem Pressen der Trauben wird Hefe hinzugef\u00fcgt und der Zucker in Alkohol umgewandelt. Der Fermentationsprozess wird fortgesetzt, bis ein (leicht) s\u00fc\u00dfer Rot &#8211; oder Wei\u00dfwein mit einem Alkoholgehalt von 16 bis 17 % entstanden ist. Diese leckeren Drinks teilen wir gerne mit unseren G\u00e4sten!<\/p>\n<p>[\/vc_column_text]\t\t<\/div><\/div><div class=\"ult-spacer spacer-69e4e2203a82c\" data-id=\"69e4e2203a82c\" data-height=\"60\" data-height-mobile=\"60\" data-height-tab=\"60\" data-height-tab-portrait=\"\" data-height-mobile-landscape=\"\" style=\"clear:both;display:block;\"><\/div><\/div>\n<div class=\"arrowpress-container container \"><div class=\"ult-content-box-container text_about\" >\t\t<div class=\"ult-content-box\" style=\"box-shadow: px px px px #f7f7f7 none;margin-right:110px;margin-left:100px;-webkit-transition: all 700ms ease;-moz-transition: all 700ms ease;-ms-transition: all 700ms ease;-o-transition: all 700ms ease;transition: all 700ms ease;\"  data-hover_box_shadow=\"none\"   data-responsive_margins=\"margin-right:0px;margin-left:0px;\"   data-normal_margins=\"margin-right:110px;margin-left:100px;\"  >[vc_images_carousel images=&#8221;7384,3648,3649,3650,3651,3652,3653,3654,7385&#8243; img_size=&#8221;full&#8221; onclick=&#8221;link_no&#8221; speed=&#8221;3000&#8243; hide_pagination_control=&#8221;yes&#8221; wrap=&#8221;yes&#8221; el_id=&#8221;galeria-regiao&#8221;]<div class=\"ult-spacer spacer-69e4e2203a8e6\" data-id=\"69e4e2203a8e6\" data-height=\"30\" data-height-mobile=\"15\" data-height-tab=\"15\" data-height-tab-portrait=\"15\" data-height-mobile-landscape=\"15\" style=\"clear:both;display:block;\"><\/div>[vc_btn title=&#8221;ZUR\u00dcCK&#8221; style=&#8221;flat&#8221; shape=&#8221;square&#8221; color=&#8221;orange&#8221; align=&#8221;center&#8221; link=&#8221;url:http%3A%2F%2Fwww.quintadaolivia.com%2Fde%2Flocation%2Fregion%2F|||&#8221; el_id=&#8221;guest-b&#8221;]\t\t<\/div><\/div><div class=\"ult-spacer spacer-69e4e2203a8f8\" data-id=\"69e4e2203a8f8\" data-height=\"60\" data-height-mobile=\"60\" data-height-tab=\"60\" data-height-tab-portrait=\"\" data-height-mobile-landscape=\"\" style=\"clear:both;display:block;\"><\/div><\/div>\n[\/vc_column][\/vc_row]<\/p>\n<\/div>","protected":false},"excerpt":{"rendered":"<p>[vc_row full_width=&#8221;stretch_row&#8221;][vc_column][\/vc_column][\/vc_row]<\/p>\n","protected":false},"author":4,"featured_media":0,"parent":1160,"menu_order":7,"comment_status":"closed","ping_status":"closed","template":"","meta":{"footnotes":""},"class_list":["post-3642","page","type-page","status-publish","hentry"],"translation":{"provider":"WPGlobus","version":"3.0.2","language":"de","enabled_languages":["en","nl","pt","de"],"languages":{"en":{"title":true,"content":true,"excerpt":false},"nl":{"title":true,"content":true,"excerpt":false},"pt":{"title":true,"content":true,"excerpt":false},"de":{"title":true,"content":true,"excerpt":false}}},"yoast_head":"<!-- This site is optimized with the Yoast SEO plugin v27.3 - https:\/\/yoast.com\/product\/yoast-seo-wordpress\/ -->\r\n<title>Weinroute - Quinta da Olivia<\/title>\r\n<meta name=\"robots\" content=\"index, follow, max-snippet:-1, max-image-preview:large, max-video-preview:-1\" \/>\r\n<link rel=\"canonical\" href=\"https:\/\/www.quintadaolivia.com\/region\/wine-route\/\" \/>\r\n<meta property=\"og:locale\" content=\"de_DE\" \/>\r\n<meta property=\"og:type\" content=\"article\" \/>\r\n<meta property=\"og:title\" content=\"Weinroute - Quinta da Olivia\" \/>\r\n<meta property=\"og:url\" content=\"https:\/\/www.quintadaolivia.com\/region\/wine-route\/\" \/>\r\n<meta property=\"og:site_name\" content=\"Quinta da Olivia\" \/>\r\n<meta property=\"article:publisher\" content=\"https:\/\/www.facebook.com\/quintadaolivia\/\" \/>\r\n<meta property=\"article:modified_time\" content=\"2025-03-07T10:06:52+00:00\" \/>\r\n<meta property=\"og:image\" content=\"https:\/\/www.quintadaolivia.com\/wp-content\/uploads\/2018\/05\/SEO_logo.jpg\" \/>\r\n\t<meta property=\"og:image:width\" content=\"600\" \/>\r\n\t<meta property=\"og:image:height\" content=\"315\" \/>\r\n\t<meta property=\"og:image:type\" content=\"image\/jpeg\" \/>\r\n<meta name=\"twitter:card\" content=\"summary_large_image\" \/>\r\n<meta name=\"twitter:label1\" content=\"Gesch\u00e4tzte Lesezeit\" \/>\n\t<meta name=\"twitter:data1\" content=\"4\u00a0Minuten\" \/>\r\n<script type=\"application\/ld+json\" class=\"yoast-schema-graph\">{\"@context\":\"https:\\\/\\\/schema.org\",\"@graph\":[{\"@type\":\"WebPage\",\"@id\":\"https:\\\/\\\/www.quintadaolivia.com\\\/region\\\/wine-route\\\/\",\"url\":\"https:\\\/\\\/www.quintadaolivia.com\\\/region\\\/wine-route\\\/\",\"name\":\"Weinroute - Quinta da Olivia\",\"isPartOf\":{\"@id\":\"https:\\\/\\\/www.quintadaolivia.com\\\/#website\"},\"datePublished\":\"2018-01-08T11:56:00+00:00\",\"dateModified\":\"2025-03-07T10:06:52+00:00\",\"description\":\"O nosso B&B est\u00e1 situado numa das rotas do vinho da regi\u00e3o da Estremadura. A Rota do Vinho de \u00d3bidos come\u00e7a a Sul, no Bombarral, e segue para Norte, passando por \u00d3bidos e Caldas da Rainha. Pelo caminho h\u00e1 muitas vinhas (e quintas) onde pode provar vinhos locais.\",\"breadcrumb\":{\"@id\":\"https:\\\/\\\/www.quintadaolivia.com\\\/region\\\/wine-route\\\/#breadcrumb\"},\"inLanguage\":\"de\",\"potentialAction\":[{\"@type\":\"ReadAction\",\"target\":[\"https:\\\/\\\/www.quintadaolivia.com\\\/region\\\/wine-route\\\/\"]}]},{\"@type\":\"BreadcrumbList\",\"@id\":\"https:\\\/\\\/www.quintadaolivia.com\\\/region\\\/wine-route\\\/#breadcrumb\",\"itemListElement\":[{\"@type\":\"ListItem\",\"position\":1,\"name\":\"Home\",\"item\":\"https:\\\/\\\/www.quintadaolivia.com\\\/\"},{\"@type\":\"ListItem\",\"position\":2,\"name\":\"Region\",\"item\":\"https:\\\/\\\/www.quintadaolivia.com\\\/region\\\/\"},{\"@type\":\"ListItem\",\"position\":3,\"name\":\"Wine Route\"}]},{\"@type\":\"WebSite\",\"@id\":\"https:\\\/\\\/www.quintadaolivia.com\\\/#website\",\"url\":\"https:\\\/\\\/www.quintadaolivia.com\\\/\",\"name\":\"Quinta da Olivia\",\"description\":\"Bed &amp; Breakfast \u00d3bidos\",\"publisher\":{\"@id\":\"https:\\\/\\\/www.quintadaolivia.com\\\/#organization\"},\"potentialAction\":[{\"@type\":\"SearchAction\",\"target\":{\"@type\":\"EntryPoint\",\"urlTemplate\":\"https:\\\/\\\/www.quintadaolivia.com\\\/?s={search_term_string}\"},\"query-input\":{\"@type\":\"PropertyValueSpecification\",\"valueRequired\":true,\"valueName\":\"search_term_string\"}}],\"inLanguage\":\"de\"},{\"@type\":\"Organization\",\"@id\":\"https:\\\/\\\/www.quintadaolivia.com\\\/#organization\",\"name\":\"Quinta da Olivia\",\"url\":\"https:\\\/\\\/www.quintadaolivia.com\\\/\",\"logo\":{\"@type\":\"ImageObject\",\"inLanguage\":\"de\",\"@id\":\"https:\\\/\\\/www.quintadaolivia.com\\\/#\\\/schema\\\/logo\\\/image\\\/\",\"url\":\"https:\\\/\\\/www.quintadaolivia.com\\\/wp-content\\\/uploads\\\/2018\\\/05\\\/SEO_logo.jpg\",\"contentUrl\":\"https:\\\/\\\/www.quintadaolivia.com\\\/wp-content\\\/uploads\\\/2018\\\/05\\\/SEO_logo.jpg\",\"width\":600,\"height\":315,\"caption\":\"Quinta da Olivia\"},\"image\":{\"@id\":\"https:\\\/\\\/www.quintadaolivia.com\\\/#\\\/schema\\\/logo\\\/image\\\/\"},\"sameAs\":[\"https:\\\/\\\/www.facebook.com\\\/quintadaolivia\\\/\"]}]}<\/script>\r\n<!-- \/ Yoast SEO plugin. -->","yoast_head_json":{"title":"Weinroute - Quinta da Olivia","robots":{"index":"index","follow":"follow","max-snippet":"max-snippet:-1","max-image-preview":"max-image-preview:large","max-video-preview":"max-video-preview:-1"},"canonical":"https:\/\/www.quintadaolivia.com\/region\/wine-route\/","og_locale":"de_DE","og_type":"article","og_title":"Weinroute - Quinta da Olivia","og_url":"https:\/\/www.quintadaolivia.com\/region\/wine-route\/","og_site_name":"Quinta da Olivia","article_publisher":"https:\/\/www.facebook.com\/quintadaolivia\/","article_modified_time":"2025-03-07T10:06:52+00:00","og_image":[{"width":600,"height":315,"url":"https:\/\/www.quintadaolivia.com\/wp-content\/uploads\/2018\/05\/SEO_logo.jpg","type":"image\/jpeg"}],"twitter_card":"summary_large_image","twitter_misc":{"Gesch\u00e4tzte Lesezeit":"4\u00a0Minuten"},"schema":{"@context":"https:\/\/schema.org","@graph":[{"@type":"WebPage","@id":"https:\/\/www.quintadaolivia.com\/region\/wine-route\/","url":"https:\/\/www.quintadaolivia.com\/region\/wine-route\/","name":"Weinroute - Quinta da Olivia","isPartOf":{"@id":"https:\/\/www.quintadaolivia.com\/#website"},"datePublished":"2018-01-08T11:56:00+00:00","dateModified":"2025-03-07T10:06:52+00:00","description":"O nosso B&B est\u00e1 situado numa das rotas do vinho da regi\u00e3o da Estremadura. A Rota do Vinho de \u00d3bidos come\u00e7a a Sul, no Bombarral, e segue para Norte, passando por \u00d3bidos e Caldas da Rainha. Pelo caminho h\u00e1 muitas vinhas (e quintas) onde pode provar vinhos locais.","breadcrumb":{"@id":"https:\/\/www.quintadaolivia.com\/region\/wine-route\/#breadcrumb"},"inLanguage":"de","potentialAction":[{"@type":"ReadAction","target":["https:\/\/www.quintadaolivia.com\/region\/wine-route\/"]}]},{"@type":"BreadcrumbList","@id":"https:\/\/www.quintadaolivia.com\/region\/wine-route\/#breadcrumb","itemListElement":[{"@type":"ListItem","position":1,"name":"Home","item":"https:\/\/www.quintadaolivia.com\/"},{"@type":"ListItem","position":2,"name":"Region","item":"https:\/\/www.quintadaolivia.com\/region\/"},{"@type":"ListItem","position":3,"name":"Wine Route"}]},{"@type":"WebSite","@id":"https:\/\/www.quintadaolivia.com\/#website","url":"https:\/\/www.quintadaolivia.com\/","name":"Quinta da Olivia","description":"Bed &amp; Breakfast \u00d3bidos","publisher":{"@id":"https:\/\/www.quintadaolivia.com\/#organization"},"potentialAction":[{"@type":"SearchAction","target":{"@type":"EntryPoint","urlTemplate":"https:\/\/www.quintadaolivia.com\/?s={search_term_string}"},"query-input":{"@type":"PropertyValueSpecification","valueRequired":true,"valueName":"search_term_string"}}],"inLanguage":"de"},{"@type":"Organization","@id":"https:\/\/www.quintadaolivia.com\/#organization","name":"Quinta da Olivia","url":"https:\/\/www.quintadaolivia.com\/","logo":{"@type":"ImageObject","inLanguage":"de","@id":"https:\/\/www.quintadaolivia.com\/#\/schema\/logo\/image\/","url":"https:\/\/www.quintadaolivia.com\/wp-content\/uploads\/2018\/05\/SEO_logo.jpg","contentUrl":"https:\/\/www.quintadaolivia.com\/wp-content\/uploads\/2018\/05\/SEO_logo.jpg","width":600,"height":315,"caption":"Quinta da Olivia"},"image":{"@id":"https:\/\/www.quintadaolivia.com\/#\/schema\/logo\/image\/"},"sameAs":["https:\/\/www.facebook.com\/quintadaolivia\/"]}]}},"_links":{"self":[{"href":"https:\/\/www.quintadaolivia.com\/de\/wp-json\/wp\/v2\/pages\/3642","targetHints":{"allow":["GET"]}}],"collection":[{"href":"https:\/\/www.quintadaolivia.com\/de\/wp-json\/wp\/v2\/pages"}],"about":[{"href":"https:\/\/www.quintadaolivia.com\/de\/wp-json\/wp\/v2\/types\/page"}],"author":[{"embeddable":true,"href":"https:\/\/www.quintadaolivia.com\/de\/wp-json\/wp\/v2\/users\/4"}],"replies":[{"embeddable":true,"href":"https:\/\/www.quintadaolivia.com\/de\/wp-json\/wp\/v2\/comments?post=3642"}],"version-history":[{"count":12,"href":"https:\/\/www.quintadaolivia.com\/de\/wp-json\/wp\/v2\/pages\/3642\/revisions"}],"predecessor-version":[{"id":7756,"href":"https:\/\/www.quintadaolivia.com\/de\/wp-json\/wp\/v2\/pages\/3642\/revisions\/7756"}],"up":[{"embeddable":true,"href":"https:\/\/www.quintadaolivia.com\/de\/wp-json\/wp\/v2\/pages\/1160"}],"wp:attachment":[{"href":"https:\/\/www.quintadaolivia.com\/de\/wp-json\/wp\/v2\/media?parent=3642"}],"curies":[{"name":"wp","href":"https:\/\/api.w.org\/{rel}","templated":true}]}}