{"id":1160,"date":"2017-11-07T15:43:03","date_gmt":"2017-11-07T15:43:03","guid":{"rendered":"http:\/\/dev.quintadaolivia.com\/?page_id=1160"},"modified":"2021-03-14T11:22:03","modified_gmt":"2021-03-14T11:22:03","slug":"region","status":"publish","type":"page","link":"https:\/\/www.quintadaolivia.com\/nl\/region\/","title":{"rendered":"Regio"},"content":{"rendered":"<div class=\"wpb-content-wrapper\"><p>[vc_row full_width=&#8221;stretch_row_content_no_spaces&#8221;][vc_column][\/vc_column][\/vc_row][vc_row][vc_column]<div class=\"arrowpress-container container \">[vc_row_inner][vc_column_inner]<div class=\"ult-spacer spacer-69e4d0e79ad0c\" data-id=\"69e4d0e79ad0c\" data-height=\"20\" data-height-mobile=\"10\" data-height-tab=\"10\" data-height-tab-portrait=\"10\" data-height-mobile-landscape=\"10\" style=\"clear:both;display:block;\"><\/div><div id=\"ultimate-heading-217769e4d0e79aebc\" class=\"uvc-heading ult-adjust-bottom-margin ultimate-heading-217769e4d0e79aebc uvc-6642 \" data-hspacer=\"icon_only\"  data-halign=\"center\" style=\"text-align:center\"><div class=\"uvc-heading-spacer icon_only\" style=\"margin-bottom:10px;\"><div class=\"ult-just-icon-wrapper  \"><div class=\"align-icon\" style=\"text-align:center;\">\n<div class=\"aio-icon none \"  style=\"color:#f28250;font-size:25px;display:inline-block;\">\n\t<i class=\"icomoon-8\"><\/i>\n<\/div><\/div><\/div><\/div><div class=\"uvc-main-heading ult-responsive\"  data-ultimate-target='.uvc-heading.ultimate-heading-217769e4d0e79aebc h2'  data-responsive-json-new='{\"font-size\":\"desktop:40px;\",\"line-height\":\"\"}' ><h2 style=\"font-family:&#039;Poppins&#039;;font-weight:600;color:#476885;\">Regio<\/h2><\/div><\/div><div class=\"ult-spacer spacer-69e4d0e79af50\" data-id=\"69e4d0e79af50\" data-height=\"20\" data-height-mobile=\"10\" data-height-tab=\"10\" data-height-tab-portrait=\"10\" data-height-mobile-landscape=\"10\" style=\"clear:both;display:block;\"><\/div>[vc_column_text]<\/p>\n<p style=\"text-align: justify;\"><span>Onze Bed en Breakfast in \u00d3bidos is een\u00a0perfekt uitgangspunt voor het bezoeken van de vele mooie plekjes in de\u00a0Costa de Prata (Zilverkust).\u00a0\u00a0Wij kunnen helpen met allerlei\u00a0idee\u00ebn voor het maken van dagtrips\u00a0tijdens uw\u00a0verblijf in\u00a0Quinta da Olivia. Hier zijn\u00a0alvast enkele mogelijkheden.<\/span><\/p>\n<p>[\/vc_column_text][\/vc_column_inner][\/vc_row_inner]<div class=\"ult-spacer spacer-69e4d0e79af61\" data-id=\"69e4d0e79af61\" data-height=\"20\" data-height-mobile=\"10\" data-height-tab=\"10\" data-height-tab-portrait=\"10\" data-height-mobile-landscape=\"10\" style=\"clear:both;display:block;\"><\/div><\/div>\n[\/vc_column][\/vc_row][vc_row full_width=&#8221;stretch_row&#8221;][vc_column]<div class=\"arrowpress-container container \">[vc_row_inner][vc_column_inner]<div class=\"banner-container \" id=\"arp_banner-2343178369\"> \r\n\t<div class=\"banner-content banner-type-2 \r\n\t\t \r\n\t\ttext-center\t\t\t\t \r\n\t\t\" data-animation-delay=\"500\" data-animation=\"\">\r\n\t\t<div class=\"img-banner\">\r\n\t\t\t\t\t\t\t<img decoding=\"async\" src=\"https:\/\/www.quintadaolivia.com\/wp-content\/uploads\/2017\/12\/obidos-e1513857374195.png\" alt=\"img\">\r\n\t\t\t\t\t<\/div>\r\n\t\t<div class=\"banner-desc \" >\r\n\t\t\t\t\t\t\t<h5 style =\"color: #476885\">Het middeleeuwse stadje<\/h5>\r\n\t\t\t\t\t\t\r\n\t\t\t\t\t\t\t<h2 >\u00d3bidos<\/h2>\r\n\t\t\t\t\t\r\n\t\t\t<p style=\"text-align: center;\"><span style=\"font-size: 12pt;\">\u00e9\u00e9n van de meest romantische plekken van Portugal is vanaf onze Bed en Breakfast lopend te bezoeken. Wandel over de muur die het stadje omringt en geniet van de geweldige uitzichten over het prachtige landschap &#8230;<\/span><\/p>\n<p>&nbsp;<\/p>\n\t\t\r\n\t\t\t\t\t\t\t<div class=\"btn-banner\">\r\n\t\t\t\t\t<a href=\"http:\/\/www.quintadaolivia.com\/nl\/location\/region\/obidos\/\" target=\"\" class=\"btn  btn-default\">\r\n\t\t\t\t\t   Lees Verder\t\t\t\t\t<\/a>\r\n\t\t\t\t<\/div>\r\n\t\t\t\t\t<\/div>\r\n\t<\/div>\r\n<\/div>\n<div class=\"ult-spacer spacer-69e4d0e79b4df\" data-id=\"69e4d0e79b4df\" data-height=\"60\" data-height-mobile=\"30\" data-height-tab=\"30\" data-height-tab-portrait=\"30\" data-height-mobile-landscape=\"30\" style=\"clear:both;display:block;\"><\/div><div class=\"banner-container \" id=\"arp_banner-1617017308\"> \r\n\t<div class=\"banner-content banner-type-2 \r\n\t\t \r\n\t\ttext-center\t\t\t\t \r\n\t\t\" data-animation-delay=\"500\" data-animation=\"\">\r\n\t\t<div class=\"img-banner\">\r\n\t\t\t\t\t\t\t<img decoding=\"async\" src=\"https:\/\/www.quintadaolivia.com\/wp-content\/uploads\/2017\/12\/beachs-e1513857461912.png\" alt=\"img\">\r\n\t\t\t\t\t<\/div>\r\n\t\t<div class=\"banner-desc \" >\r\n\t\t\t\t\t\t\t<h5 style =\"color: #476885\">Slechts 15 minuten rijden<\/h5>\r\n\t\t\t\t\t\t\r\n\t\t\t\t\t\t\t<h2 >Stranden en Surfen<\/h2>\r\n\t\t\t\t\t\r\n\t\t\t<p style=\"text-align: center;\"><span style=\"font-size: 12pt;\">Het kustgebied van midden Portugal heeft prachtige stranden en deze regio dankt zijn naam (Zilverkust) aan het weerkaatsen van het zonlicht op de golven van de oceaan. Bewonder de prestaties van de surfers in Peniche en Baleal, of huur &#8230;<\/span><\/p>\n<p>&nbsp;<\/p>\n\t\t\r\n\t\t\t\t\t\t\t<div class=\"btn-banner\">\r\n\t\t\t\t\t<a href=\"http:\/\/www.quintadaolivia.com\/nl\/location\/region\/beaches-and-surf\/\" target=\"\" class=\"btn  btn-default\">\r\n\t\t\t\t\t   Selectie\t\t\t\t\t<\/a>\r\n\t\t\t\t<\/div>\r\n\t\t\t\t\t<\/div>\r\n\t<\/div>\r\n<\/div>\n<div class=\"ult-spacer spacer-69e4d0e79b96b\" data-id=\"69e4d0e79b96b\" data-height=\"60\" data-height-mobile=\"30\" data-height-tab=\"30\" data-height-tab-portrait=\"30\" data-height-mobile-landscape=\"30\" style=\"clear:both;display:block;\"><\/div><div class=\"banner-container \" id=\"arp_banner-1173486891\"> \r\n\t<div class=\"banner-content banner-type-2 \r\n\t\t \r\n\t\ttext-center\t\t\t\t \r\n\t\t\" data-animation-delay=\"500\" data-animation=\"\">\r\n\t\t<div class=\"img-banner\">\r\n\t\t\t\t\t\t\t<img decoding=\"async\" src=\"https:\/\/www.quintadaolivia.com\/wp-content\/uploads\/2017\/12\/monumets-e1513857412365.png\" alt=\"img\">\r\n\t\t\t\t\t<\/div>\r\n\t\t<div class=\"banner-desc \" >\r\n\t\t\t\t\t\t\t<h5 style =\"color: #476885\">Vol met culturele hoogtepunten<\/h5>\r\n\t\t\t\t\t\t\r\n\t\t\t\t\t\t\t<h2 >Historische Monumenten<\/h2>\r\n\t\t\t\t\t\r\n\t\t\t<p style=\"text-align: center;\"><span style=\"font-size: 12pt;\"><span>In de regio rondom Quinta da Olivia bevinden zich vele plaatsen met monumentale gebouwen die een belangrijke rol hebben gespeeld in de geschiedenis van Portugal. Bezoek het klooster van Alcoba\u00e7a, vooral bekend om &#8230;<\/span><\/span><\/p>\n\t\t\r\n\t\t\t\t\t\t\t<div class=\"btn-banner\">\r\n\t\t\t\t\t<a href=\"http:\/\/www.quintadaolivia.com\/nl\/location\/region\/historical-monuments\/\" target=\"\" class=\"btn  btn-default\">\r\n\t\t\t\t\t   Bekijk Meer\t\t\t\t\t<\/a>\r\n\t\t\t\t<\/div>\r\n\t\t\t\t\t<\/div>\r\n\t<\/div>\r\n<\/div>\n<div class=\"ult-spacer spacer-69e4d0e79bd03\" data-id=\"69e4d0e79bd03\" data-height=\"60\" data-height-mobile=\"30\" data-height-tab=\"30\" data-height-tab-portrait=\"30\" data-height-mobile-landscape=\"30\" style=\"clear:both;display:block;\"><\/div><div class=\"banner-container \" id=\"arp_banner-1702903054\"> \r\n\t<div class=\"banner-content banner-type-2 \r\n\t\t \r\n\t\ttext-center\t\t\t\t \r\n\t\t\" data-animation-delay=\"500\" data-animation=\"\">\r\n\t\t<div class=\"img-banner\">\r\n\t\t\t\t\t\t\t<img decoding=\"async\" src=\"https:\/\/www.quintadaolivia.com\/wp-content\/uploads\/2017\/12\/lisbon-e1513857426626.png\" alt=\"img\">\r\n\t\t\t\t\t<\/div>\r\n\t\t<div class=\"banner-desc \" >\r\n\t\t\t\t\t\t\t<h5 style =\"color: #476885\">Hippe stad en sprookjeskastelen<\/h5>\r\n\t\t\t\t\t\t\r\n\t\t\t\t\t\t\t<h2 >Lissabon en Sintra<\/h2>\r\n\t\t\t\t\t\r\n\t\t\t<p>Vanuit onze quinta kunt u gemakkelijk een dagtrip maken naar Lissabon. Dit kan met de auto, maar er is ook een goede verbinding met een comfortabele snelbus. Ook Sintra is goed vanuit \u00d3bidos te bereiken. Deze sprookjesachtige plaats ligt net ten noordwesten van Lissabon.<\/p>\n<p>&nbsp;<\/p>\n\t\t\r\n\t\t\t\t\t\t\t<div class=\"btn-banner\">\r\n\t\t\t\t\t<a href=\"http:\/\/www.quintadaolivia.com\/nl\/location\/region\/lisbon-and-mafra\/\" target=\"\" class=\"btn  btn-default\">\r\n\t\t\t\t\t   Lees Verder\t\t\t\t\t<\/a>\r\n\t\t\t\t<\/div>\r\n\t\t\t\t\t<\/div>\r\n\t<\/div>\r\n<\/div>\n<div class=\"ult-spacer spacer-69e4d0e79c1d3\" data-id=\"69e4d0e79c1d3\" data-height=\"60\" data-height-mobile=\"30\" data-height-tab=\"30\" data-height-tab-portrait=\"30\" data-height-mobile-landscape=\"30\" style=\"clear:both;display:block;\"><\/div><div class=\"banner-container \" id=\"arp_banner-869073108\"> \r\n\t<div class=\"banner-content banner-type-2 \r\n\t\t \r\n\t\ttext-center\t\t\t\t \r\n\t\t\" data-animation-delay=\"500\" data-animation=\"\">\r\n\t\t<div class=\"img-banner\">\r\n\t\t\t\t\t\t\t<img decoding=\"async\" src=\"https:\/\/www.quintadaolivia.com\/wp-content\/uploads\/2017\/12\/hiking-e1513857439118.png\" alt=\"img\">\r\n\t\t\t\t\t<\/div>\r\n\t\t<div class=\"banner-desc \" >\r\n\t\t\t\t\t\t\t<h5 style =\"color: #476885\">Geniet van de afwisselende natuur<\/h5>\r\n\t\t\t\t\t\t\r\n\t\t\t\t\t\t\t<h2 >Wandelen en Fietsen<\/h2>\r\n\t\t\t\t\t\r\n\t\t\t<p style=\"text-align: center;\">Vanaf onze quinta kunt u mooie wandelingen in de directe omgeving van \u00d3bidos maken. Of gebruik \u00e9\u00e9n van onze fietsen om naar de oceaan te fietsen. Deze route gaat door het prachtige natuurgebied van &#8230;<\/p>\n\t\t\r\n\t\t\t\t\t\t\t<div class=\"btn-banner\">\r\n\t\t\t\t\t<a href=\"http:\/\/www.quintadaolivia.com\/nl\/location\/region\/hiking-and-biking\/\" target=\"\" class=\"btn  btn-default\">\r\n\t\t\t\t\t   Lees Verder\t\t\t\t\t<\/a>\r\n\t\t\t\t<\/div>\r\n\t\t\t\t\t<\/div>\r\n\t<\/div>\r\n<\/div>\n<div class=\"ult-spacer spacer-69e4d0e79c562\" data-id=\"69e4d0e79c562\" data-height=\"60\" data-height-mobile=\"30\" data-height-tab=\"30\" data-height-tab-portrait=\"30\" data-height-mobile-landscape=\"30\" style=\"clear:both;display:block;\"><\/div><div class=\"banner-container \" id=\"arp_banner-3365765950\"> \r\n\t<div class=\"banner-content banner-type-2 \r\n\t\t \r\n\t\ttext-center\t\t\t\t \r\n\t\t\" data-animation-delay=\"500\" data-animation=\"\">\r\n\t\t<div class=\"img-banner\">\r\n\t\t\t\t\t\t\t<img decoding=\"async\" src=\"https:\/\/www.quintadaolivia.com\/wp-content\/uploads\/2018\/01\/golf_region-e1515412467931.png\" alt=\"img\">\r\n\t\t\t\t\t<\/div>\r\n\t\t<div class=\"banner-desc \" >\r\n\t\t\t\t\t\t\t<h5 style =\"color: #476885\">Spectaculair uitzicht over de oceaan<\/h5>\r\n\t\t\t\t\t\t\r\n\t\t\t\t\t\t\t<h2 >Golf<\/h2>\r\n\t\t\t\t\t\r\n\t\t\t<p style=\"text-align: center;\"><span>Vanwege de grote hoeveelheid zon en de relatief milde temperaturen is de Zilverkust de ideale plek om te golven. Er zijn vier fantastische golfbanen op 15 minuten van Quinta da Olivia, waaronder Praia d`El Rey, Royal \u00d3bidos &#8230;<\/span><\/p>\n\t\t\r\n\t\t\t\t\t\t\t<div class=\"btn-banner\">\r\n\t\t\t\t\t<a href=\"http:\/\/www.quintadaolivia.com\/nl\/location\/region\/golf\/\" target=\"\" class=\"btn  btn-default\">\r\n\t\t\t\t\t   Bekijk ze eens\t\t\t\t\t<\/a>\r\n\t\t\t\t<\/div>\r\n\t\t\t\t\t<\/div>\r\n\t<\/div>\r\n<\/div>\n<div class=\"ult-spacer spacer-69e4d0e79c8fb\" data-id=\"69e4d0e79c8fb\" data-height=\"60\" data-height-mobile=\"30\" data-height-tab=\"30\" data-height-tab-portrait=\"30\" data-height-mobile-landscape=\"30\" style=\"clear:both;display:block;\"><\/div><div class=\"banner-container \" id=\"arp_banner-2245034367\"> \r\n\t<div class=\"banner-content banner-type-2 \r\n\t\t \r\n\t\ttext-center\t\t\t\t \r\n\t\t\" data-animation-delay=\"500\" data-animation=\"\">\r\n\t\t<div class=\"img-banner\">\r\n\t\t\t\t\t\t\t<img decoding=\"async\" src=\"https:\/\/www.quintadaolivia.com\/wp-content\/uploads\/2017\/12\/vinho-e1513857399939.png\" alt=\"img\">\r\n\t\t\t\t\t<\/div>\r\n\t\t<div class=\"banner-desc \" >\r\n\t\t\t\t\t\t\t<h5 style =\"color: #476885\">Proef de heerlijke lokale wijnen<\/h5>\r\n\t\t\t\t\t\t\r\n\t\t\t\t\t\t\t<h2 >Wijnroute<\/h2>\r\n\t\t\t\t\t\r\n\t\t\t<p style=\"text-align: center;\">Onze B&amp;B ligt aan de lokale wijnroute van het Estremaduragebied. In 1999 kreeg de wijnstreek rond \u00d3bidos het officiele DOC (Denomina\u00e7\u00e3o de Origem Controlada) keurmerk. Sindsdien is deze wijnregio &#8230;<\/p>\n\t\t\r\n\t\t\t\t\t\t\t<div class=\"btn-banner\">\r\n\t\t\t\t\t<a href=\"http:\/\/www.quintadaolivia.com\/nl\/location\/region\/wine-route\/\" target=\"\" class=\"btn  btn-default\">\r\n\t\t\t\t\t   Meer te weten komen\t\t\t\t\t<\/a>\r\n\t\t\t\t<\/div>\r\n\t\t\t\t\t<\/div>\r\n\t<\/div>\r\n<\/div>\n<div class=\"ult-spacer spacer-69e4d0e79cc2b\" data-id=\"69e4d0e79cc2b\" data-height=\"60\" data-height-mobile=\"30\" data-height-tab=\"30\" data-height-tab-portrait=\"30\" data-height-mobile-landscape=\"30\" style=\"clear:both;display:block;\"><\/div>[\/vc_column_inner][\/vc_row_inner]<\/div>\n[\/vc_column][\/vc_row]<\/p>\n<\/div>","protected":false},"excerpt":{"rendered":"<p>[vc_row full_width=&#8221;stretch_row_content_no_spaces&#8221;][vc_column][\/vc_column][\/vc_row][vc_row][vc_column][\/vc_column][\/vc_row][vc_row full_width=&#8221;stretch_row&#8221;][vc_column][\/vc_column][\/vc_row]<\/p>\n","protected":false},"author":4,"featured_media":0,"parent":0,"menu_order":1,"comment_status":"closed","ping_status":"closed","template":"","meta":{"footnotes":""},"class_list":["post-1160","page","type-page","status-publish","hentry"],"translation":{"provider":"WPGlobus","version":"3.0.2","language":"nl","enabled_languages":["en","nl","pt","de"],"languages":{"en":{"title":true,"content":true,"excerpt":false},"nl":{"title":true,"content":true,"excerpt":false},"pt":{"title":true,"content":true,"excerpt":false},"de":{"title":true,"content":true,"excerpt":false}}},"yoast_head":"<!-- This site is optimized with the Yoast SEO plugin v27.3 - https:\/\/yoast.com\/product\/yoast-seo-wordpress\/ -->\r\n<title>Regio - Quinta da Olivia<\/title>\r\n<meta name=\"robots\" content=\"index, follow, max-snippet:-1, max-image-preview:large, max-video-preview:-1\" \/>\r\n<link rel=\"canonical\" href=\"https:\/\/www.quintadaolivia.com\/region\/\" \/>\r\n<meta property=\"og:locale\" content=\"nl_NL\" \/>\r\n<meta property=\"og:type\" content=\"article\" \/>\r\n<meta property=\"og:title\" content=\"Regio - Quinta da Olivia\" \/>\r\n<meta property=\"og:url\" content=\"https:\/\/www.quintadaolivia.com\/region\/\" \/>\r\n<meta property=\"og:site_name\" content=\"Quinta da Olivia\" \/>\r\n<meta property=\"article:publisher\" content=\"https:\/\/www.facebook.com\/quintadaolivia\/\" \/>\r\n<meta property=\"article:modified_time\" content=\"2021-03-14T11:22:03+00:00\" \/>\r\n<meta property=\"og:image\" content=\"https:\/\/www.quintadaolivia.com\/wp-content\/uploads\/2018\/05\/SEO_logo.jpg\" \/>\r\n\t<meta property=\"og:image:width\" content=\"600\" \/>\r\n\t<meta property=\"og:image:height\" content=\"315\" \/>\r\n\t<meta property=\"og:image:type\" content=\"image\/jpeg\" \/>\r\n<meta name=\"twitter:card\" content=\"summary_large_image\" \/>\r\n<meta name=\"twitter:label1\" content=\"Geschatte leestijd\" \/>\n\t<meta name=\"twitter:data1\" content=\"3 minuten\" \/>\r\n<script type=\"application\/ld+json\" class=\"yoast-schema-graph\">{\"@context\":\"https:\\\/\\\/schema.org\",\"@graph\":[{\"@type\":\"WebPage\",\"@id\":\"https:\\\/\\\/www.quintadaolivia.com\\\/region\\\/\",\"url\":\"https:\\\/\\\/www.quintadaolivia.com\\\/region\\\/\",\"name\":\"Regio - Quinta da Olivia\",\"isPartOf\":{\"@id\":\"https:\\\/\\\/www.quintadaolivia.com\\\/#website\"},\"datePublished\":\"2017-11-07T15:43:03+00:00\",\"dateModified\":\"2021-03-14T11:22:03+00:00\",\"description\":\"\",\"breadcrumb\":{\"@id\":\"https:\\\/\\\/www.quintadaolivia.com\\\/region\\\/#breadcrumb\"},\"inLanguage\":\"nl-NL\",\"potentialAction\":[{\"@type\":\"ReadAction\",\"target\":[\"https:\\\/\\\/www.quintadaolivia.com\\\/region\\\/\"]}]},{\"@type\":\"BreadcrumbList\",\"@id\":\"https:\\\/\\\/www.quintadaolivia.com\\\/region\\\/#breadcrumb\",\"itemListElement\":[{\"@type\":\"ListItem\",\"position\":1,\"name\":\"Home\",\"item\":\"https:\\\/\\\/www.quintadaolivia.com\\\/\"},{\"@type\":\"ListItem\",\"position\":2,\"name\":\"Region\"}]},{\"@type\":\"WebSite\",\"@id\":\"https:\\\/\\\/www.quintadaolivia.com\\\/#website\",\"url\":\"https:\\\/\\\/www.quintadaolivia.com\\\/\",\"name\":\"Quinta da Olivia\",\"description\":\"Bed &amp; Breakfast \u00d3bidos\",\"publisher\":{\"@id\":\"https:\\\/\\\/www.quintadaolivia.com\\\/#organization\"},\"potentialAction\":[{\"@type\":\"SearchAction\",\"target\":{\"@type\":\"EntryPoint\",\"urlTemplate\":\"https:\\\/\\\/www.quintadaolivia.com\\\/?s={search_term_string}\"},\"query-input\":{\"@type\":\"PropertyValueSpecification\",\"valueRequired\":true,\"valueName\":\"search_term_string\"}}],\"inLanguage\":\"nl-NL\"},{\"@type\":\"Organization\",\"@id\":\"https:\\\/\\\/www.quintadaolivia.com\\\/#organization\",\"name\":\"Quinta da Olivia\",\"url\":\"https:\\\/\\\/www.quintadaolivia.com\\\/\",\"logo\":{\"@type\":\"ImageObject\",\"inLanguage\":\"nl-NL\",\"@id\":\"https:\\\/\\\/www.quintadaolivia.com\\\/#\\\/schema\\\/logo\\\/image\\\/\",\"url\":\"https:\\\/\\\/www.quintadaolivia.com\\\/wp-content\\\/uploads\\\/2018\\\/05\\\/SEO_logo.jpg\",\"contentUrl\":\"https:\\\/\\\/www.quintadaolivia.com\\\/wp-content\\\/uploads\\\/2018\\\/05\\\/SEO_logo.jpg\",\"width\":600,\"height\":315,\"caption\":\"Quinta da Olivia\"},\"image\":{\"@id\":\"https:\\\/\\\/www.quintadaolivia.com\\\/#\\\/schema\\\/logo\\\/image\\\/\"},\"sameAs\":[\"https:\\\/\\\/www.facebook.com\\\/quintadaolivia\\\/\"]}]}<\/script>\r\n<!-- \/ Yoast SEO plugin. -->","yoast_head_json":{"title":"Regio - Quinta da Olivia","robots":{"index":"index","follow":"follow","max-snippet":"max-snippet:-1","max-image-preview":"max-image-preview:large","max-video-preview":"max-video-preview:-1"},"canonical":"https:\/\/www.quintadaolivia.com\/region\/","og_locale":"nl_NL","og_type":"article","og_title":"Regio - Quinta da Olivia","og_url":"https:\/\/www.quintadaolivia.com\/region\/","og_site_name":"Quinta da Olivia","article_publisher":"https:\/\/www.facebook.com\/quintadaolivia\/","article_modified_time":"2021-03-14T11:22:03+00:00","og_image":[{"width":600,"height":315,"url":"https:\/\/www.quintadaolivia.com\/wp-content\/uploads\/2018\/05\/SEO_logo.jpg","type":"image\/jpeg"}],"twitter_card":"summary_large_image","twitter_misc":{"Geschatte leestijd":"3 minuten"},"schema":{"@context":"https:\/\/schema.org","@graph":[{"@type":"WebPage","@id":"https:\/\/www.quintadaolivia.com\/region\/","url":"https:\/\/www.quintadaolivia.com\/region\/","name":"Regio - Quinta da Olivia","isPartOf":{"@id":"https:\/\/www.quintadaolivia.com\/#website"},"datePublished":"2017-11-07T15:43:03+00:00","dateModified":"2021-03-14T11:22:03+00:00","description":"","breadcrumb":{"@id":"https:\/\/www.quintadaolivia.com\/region\/#breadcrumb"},"inLanguage":"nl-NL","potentialAction":[{"@type":"ReadAction","target":["https:\/\/www.quintadaolivia.com\/region\/"]}]},{"@type":"BreadcrumbList","@id":"https:\/\/www.quintadaolivia.com\/region\/#breadcrumb","itemListElement":[{"@type":"ListItem","position":1,"name":"Home","item":"https:\/\/www.quintadaolivia.com\/"},{"@type":"ListItem","position":2,"name":"Region"}]},{"@type":"WebSite","@id":"https:\/\/www.quintadaolivia.com\/#website","url":"https:\/\/www.quintadaolivia.com\/","name":"Quinta da Olivia","description":"Bed &amp; Breakfast \u00d3bidos","publisher":{"@id":"https:\/\/www.quintadaolivia.com\/#organization"},"potentialAction":[{"@type":"SearchAction","target":{"@type":"EntryPoint","urlTemplate":"https:\/\/www.quintadaolivia.com\/?s={search_term_string}"},"query-input":{"@type":"PropertyValueSpecification","valueRequired":true,"valueName":"search_term_string"}}],"inLanguage":"nl-NL"},{"@type":"Organization","@id":"https:\/\/www.quintadaolivia.com\/#organization","name":"Quinta da Olivia","url":"https:\/\/www.quintadaolivia.com\/","logo":{"@type":"ImageObject","inLanguage":"nl-NL","@id":"https:\/\/www.quintadaolivia.com\/#\/schema\/logo\/image\/","url":"https:\/\/www.quintadaolivia.com\/wp-content\/uploads\/2018\/05\/SEO_logo.jpg","contentUrl":"https:\/\/www.quintadaolivia.com\/wp-content\/uploads\/2018\/05\/SEO_logo.jpg","width":600,"height":315,"caption":"Quinta da Olivia"},"image":{"@id":"https:\/\/www.quintadaolivia.com\/#\/schema\/logo\/image\/"},"sameAs":["https:\/\/www.facebook.com\/quintadaolivia\/"]}]}},"_links":{"self":[{"href":"https:\/\/www.quintadaolivia.com\/nl\/wp-json\/wp\/v2\/pages\/1160","targetHints":{"allow":["GET"]}}],"collection":[{"href":"https:\/\/www.quintadaolivia.com\/nl\/wp-json\/wp\/v2\/pages"}],"about":[{"href":"https:\/\/www.quintadaolivia.com\/nl\/wp-json\/wp\/v2\/types\/page"}],"author":[{"embeddable":true,"href":"https:\/\/www.quintadaolivia.com\/nl\/wp-json\/wp\/v2\/users\/4"}],"replies":[{"embeddable":true,"href":"https:\/\/www.quintadaolivia.com\/nl\/wp-json\/wp\/v2\/comments?post=1160"}],"version-history":[{"count":34,"href":"https:\/\/www.quintadaolivia.com\/nl\/wp-json\/wp\/v2\/pages\/1160\/revisions"}],"predecessor-version":[{"id":6855,"href":"https:\/\/www.quintadaolivia.com\/nl\/wp-json\/wp\/v2\/pages\/1160\/revisions\/6855"}],"wp:attachment":[{"href":"https:\/\/www.quintadaolivia.com\/nl\/wp-json\/wp\/v2\/media?parent=1160"}],"curies":[{"name":"wp","href":"https:\/\/api.w.org\/{rel}","templated":true}]}}