{"id":1160,"date":"2017-11-07T15:43:03","date_gmt":"2017-11-07T15:43:03","guid":{"rendered":"http:\/\/dev.quintadaolivia.com\/?page_id=1160"},"modified":"2021-03-14T11:22:03","modified_gmt":"2021-03-14T11:22:03","slug":"region","status":"publish","type":"page","link":"https:\/\/www.quintadaolivia.com\/pt\/region\/","title":{"rendered":"Regi\u00e3o"},"content":{"rendered":"<div class=\"wpb-content-wrapper\"><p>[vc_row full_width=&#8221;stretch_row_content_no_spaces&#8221;][vc_column][\/vc_column][\/vc_row][vc_row][vc_column]<div class=\"arrowpress-container container \">[vc_row_inner][vc_column_inner]<div class=\"ult-spacer spacer-69e4cd992078a\" data-id=\"69e4cd992078a\" data-height=\"20\" data-height-mobile=\"10\" data-height-tab=\"10\" data-height-tab-portrait=\"10\" data-height-mobile-landscape=\"10\" style=\"clear:both;display:block;\"><\/div><div id=\"ultimate-heading-946469e4cd99208d0\" class=\"uvc-heading ult-adjust-bottom-margin ultimate-heading-946469e4cd99208d0 uvc-9643 \" data-hspacer=\"icon_only\"  data-halign=\"center\" style=\"text-align:center\"><div class=\"uvc-heading-spacer icon_only\" style=\"margin-bottom:10px;\"><div class=\"ult-just-icon-wrapper  \"><div class=\"align-icon\" style=\"text-align:center;\">\n<div class=\"aio-icon none \"  style=\"color:#f28250;font-size:25px;display:inline-block;\">\n\t<i class=\"icomoon-8\"><\/i>\n<\/div><\/div><\/div><\/div><div class=\"uvc-main-heading ult-responsive\"  data-ultimate-target='.uvc-heading.ultimate-heading-946469e4cd99208d0 h2'  data-responsive-json-new='{\"font-size\":\"desktop:40px;\",\"line-height\":\"\"}' ><h2 style=\"font-family:&#039;Poppins&#039;;font-weight:600;color:#476885;\">Regi\u00e3o<\/h2><\/div><\/div><div class=\"ult-spacer spacer-69e4cd9920978\" data-id=\"69e4cd9920978\" data-height=\"20\" data-height-mobile=\"10\" data-height-tab=\"10\" data-height-tab-portrait=\"10\" data-height-mobile-landscape=\"10\" style=\"clear:both;display:block;\"><\/div>[vc_column_text]<\/p>\n<p style=\"text-align: justify;\"><span style=\"font-size: 14pt;\">O nosso B&amp;B em \u00d3bidos \u00e9 o ponto de partida perfeito para explorar a Costa de Prata. Podemos dar-lhe algumas ideias para passeios que poder\u00e1 fazer durante a sua estadia na Quinta da Olivia. Eis alguns dos locais que n\u00e3o deve perder.<\/span><\/p>\n<p>[\/vc_column_text][\/vc_column_inner][\/vc_row_inner]<div class=\"ult-spacer spacer-69e4cd992098a\" data-id=\"69e4cd992098a\" data-height=\"20\" data-height-mobile=\"10\" data-height-tab=\"10\" data-height-tab-portrait=\"10\" data-height-mobile-landscape=\"10\" style=\"clear:both;display:block;\"><\/div><\/div>\n[\/vc_column][\/vc_row][vc_row full_width=&#8221;stretch_row&#8221;][vc_column]<div class=\"arrowpress-container container \">[vc_row_inner][vc_column_inner]<div class=\"banner-container \" id=\"arp_banner-2077509148\"> \r\n\t<div class=\"banner-content banner-type-2 \r\n\t\t \r\n\t\ttext-center\t\t\t\t \r\n\t\t\" data-animation-delay=\"500\" data-animation=\"\">\r\n\t\t<div class=\"img-banner\">\r\n\t\t\t\t\t\t\t<img decoding=\"async\" src=\"https:\/\/www.quintadaolivia.com\/wp-content\/uploads\/2017\/12\/obidos-e1513857374195.png\" alt=\"img\">\r\n\t\t\t\t\t<\/div>\r\n\t\t<div class=\"banner-desc \" >\r\n\t\t\t\t\t\t\t<h5 style =\"color: #476885\">A vila medieval<\/h5>\r\n\t\t\t\t\t\t\r\n\t\t\t\t\t\t\t<h2 >\u00d3bidos<\/h2>\r\n\t\t\t\t\t\r\n\t\t\t<p style=\"text-align: center;\"><span style=\"font-size: 12pt;\">A &#8220;vila medieval mais rom\u00e2ntica de Portugal&#8221;, que \u00e9 Patrim\u00f3nio Nacional, do nosso B&amp;B.<\/span><\/p>\n<p>&nbsp;<\/p>\n<p>&nbsp;<\/p>\n<p>&nbsp;<\/p>\n\t\t\r\n\t\t\t\t\t\t\t<div class=\"btn-banner\">\r\n\t\t\t\t\t<a href=\"http:\/\/www.quintadaolivia.com\/pt\/location\/region\/obidos\/\" target=\"\" class=\"btn  btn-default\">\r\n\t\t\t\t\t   Ler Mais\t\t\t\t\t<\/a>\r\n\t\t\t\t<\/div>\r\n\t\t\t\t\t<\/div>\r\n\t<\/div>\r\n<\/div>\n<div class=\"ult-spacer spacer-69e4cd9920d91\" data-id=\"69e4cd9920d91\" data-height=\"60\" data-height-mobile=\"30\" data-height-tab=\"30\" data-height-tab-portrait=\"30\" data-height-mobile-landscape=\"30\" style=\"clear:both;display:block;\"><\/div><div class=\"banner-container \" id=\"arp_banner-3346210947\"> \r\n\t<div class=\"banner-content banner-type-2 \r\n\t\t \r\n\t\ttext-center\t\t\t\t \r\n\t\t\" data-animation-delay=\"500\" data-animation=\"\">\r\n\t\t<div class=\"img-banner\">\r\n\t\t\t\t\t\t\t<img decoding=\"async\" src=\"https:\/\/www.quintadaolivia.com\/wp-content\/uploads\/2017\/12\/beachs-e1513857461912.png\" alt=\"img\">\r\n\t\t\t\t\t<\/div>\r\n\t\t<div class=\"banner-desc \" >\r\n\t\t\t\t\t\t\t<h5 style =\"color: #476885\">Apenas a 15 minutos de carro<\/h5>\r\n\t\t\t\t\t\t\r\n\t\t\t\t\t\t\t<h2 >Praias e Surf<\/h2>\r\n\t\t\t\t\t\r\n\t\t\t<p style=\"text-align: center;\">Encontrar\u00e1 \u00f3timas praias a apenas 15 minutos de carro do nosso B&amp;B.<\/p>\n<p>&nbsp;<\/p>\n<p>&nbsp;<\/p>\n<p>&nbsp;<\/p>\n\t\t\r\n\t\t\t\t\t\t\t<div class=\"btn-banner\">\r\n\t\t\t\t\t<a href=\"http:\/\/www.quintadaolivia.com\/pt\/location\/region\/beaches-and-surf\/\" target=\"\" class=\"btn  btn-default\">\r\n\t\t\t\t\t   Sele\u00e7\u00e3o\t\t\t\t\t<\/a>\r\n\t\t\t\t<\/div>\r\n\t\t\t\t\t<\/div>\r\n\t<\/div>\r\n<\/div>\n<div class=\"ult-spacer spacer-69e4cd99210b3\" data-id=\"69e4cd99210b3\" data-height=\"60\" data-height-mobile=\"30\" data-height-tab=\"30\" data-height-tab-portrait=\"30\" data-height-mobile-landscape=\"30\" style=\"clear:both;display:block;\"><\/div><div class=\"banner-container \" id=\"arp_banner-2741710771\"> \r\n\t<div class=\"banner-content banner-type-2 \r\n\t\t \r\n\t\ttext-center\t\t\t\t \r\n\t\t\" data-animation-delay=\"500\" data-animation=\"\">\r\n\t\t<div class=\"img-banner\">\r\n\t\t\t\t\t\t\t<img decoding=\"async\" src=\"https:\/\/www.quintadaolivia.com\/wp-content\/uploads\/2017\/12\/monumets-e1513857412365.png\" alt=\"img\">\r\n\t\t\t\t\t<\/div>\r\n\t\t<div class=\"banner-desc \" >\r\n\t\t\t\t\t\t\t<h5 style =\"color: #476885\">V\u00e1rias atra\u00e7\u00f5es culturais<\/h5>\r\n\t\t\t\t\t\t\r\n\t\t\t\t\t\t\t<h2 >Monumentos Hist\u00f3ricos<\/h2>\r\n\t\t\t\t\t\r\n\t\t\t<p style=\"text-align: center;\"><span style=\"font-size: 12pt;\">A Costa de Prata est\u00e1 cheia de atra\u00e7\u00f5es culturais. Entre os monumentos hist\u00f3ricos que n\u00e3o deve deixar de visitar est\u00e3o o Mosteiro da Batalha, o Mosteiro de Alcoba\u00e7a&#8230;<\/span><\/p>\n<p>&nbsp;<\/p>\n<p>&nbsp;<\/p>\n<p>&nbsp;<\/p>\n\t\t\r\n\t\t\t\t\t\t\t<div class=\"btn-banner\">\r\n\t\t\t\t\t<a href=\"http:\/\/www.quintadaolivia.com\/pt\/location\/region\/historical-monuments\/\" target=\"\" class=\"btn  btn-default\">\r\n\t\t\t\t\t   Ver Mais\t\t\t\t\t<\/a>\r\n\t\t\t\t<\/div>\r\n\t\t\t\t\t<\/div>\r\n\t<\/div>\r\n<\/div>\n<div class=\"ult-spacer spacer-69e4cd99213ea\" data-id=\"69e4cd99213ea\" data-height=\"60\" data-height-mobile=\"30\" data-height-tab=\"30\" data-height-tab-portrait=\"30\" data-height-mobile-landscape=\"30\" style=\"clear:both;display:block;\"><\/div><div class=\"banner-container \" id=\"arp_banner-4074310941\"> \r\n\t<div class=\"banner-content banner-type-2 \r\n\t\t \r\n\t\ttext-center\t\t\t\t \r\n\t\t\" data-animation-delay=\"500\" data-animation=\"\">\r\n\t\t<div class=\"img-banner\">\r\n\t\t\t\t\t\t\t<img decoding=\"async\" src=\"https:\/\/www.quintadaolivia.com\/wp-content\/uploads\/2017\/12\/lisbon-e1513857426626.png\" alt=\"img\">\r\n\t\t\t\t\t<\/div>\r\n\t\t<div class=\"banner-desc \" >\r\n\t\t\t\t\t\t\t<h5 style =\"color: #476885\">A uma viagem de cerca de uma hora<\/h5>\r\n\t\t\t\t\t\t\r\n\t\t\t\t\t\t\t<h2 >Lisboa e Sintra<\/h2>\r\n\t\t\t\t\t\r\n\t\t\t<p style=\"text-align: center;\">Passe um dia em Lisboa, que fica a apenas a uma hora de carro ou de autocarro expresso confort\u00e1vel ou visite a cidade de conto de fadas de Portugal, Sintra, a uma dist\u00e2ncia pouco maior.<\/p>\n<p>&nbsp;<\/p>\n\t\t\r\n\t\t\t\t\t\t\t<div class=\"btn-banner\">\r\n\t\t\t\t\t<a href=\"http:\/\/www.quintadaolivia.com\/pt\/location\/region\/lisbon-and-mafra\/\" target=\"\" class=\"btn  btn-default\">\r\n\t\t\t\t\t   Ler Mais\t\t\t\t\t<\/a>\r\n\t\t\t\t<\/div>\r\n\t\t\t\t\t<\/div>\r\n\t<\/div>\r\n<\/div>\n<div class=\"ult-spacer spacer-69e4cd9921693\" data-id=\"69e4cd9921693\" data-height=\"60\" data-height-mobile=\"30\" data-height-tab=\"30\" data-height-tab-portrait=\"30\" data-height-mobile-landscape=\"30\" style=\"clear:both;display:block;\"><\/div><div class=\"banner-container \" id=\"arp_banner-114802888\"> \r\n\t<div class=\"banner-content banner-type-2 \r\n\t\t \r\n\t\ttext-center\t\t\t\t \r\n\t\t\" data-animation-delay=\"500\" data-animation=\"\">\r\n\t\t<div class=\"img-banner\">\r\n\t\t\t\t\t\t\t<img decoding=\"async\" src=\"https:\/\/www.quintadaolivia.com\/wp-content\/uploads\/2017\/12\/hiking-e1513857439118.png\" alt=\"img\">\r\n\t\t\t\t\t<\/div>\r\n\t\t<div class=\"banner-desc \" >\r\n\t\t\t\t\t\t\t<h5 style =\"color: #476885\">Enquanto aprecia a paisagem<\/h5>\r\n\t\t\t\t\t\t\r\n\t\t\t\t\t\t\t<h2 >Caminhada e ciclismo<\/h2>\r\n\t\t\t\t\t\r\n\t\t\t<p style=\"text-align: center;\">A Costa de Prata oferece muitas possibilidades para caminhadas, enquanto aprecia a sua\u00a0paisagem e beleza natural&#8230;<\/p>\n<p>&nbsp;<\/p>\n\t\t\r\n\t\t\t\t\t\t\t<div class=\"btn-banner\">\r\n\t\t\t\t\t<a href=\"http:\/\/www.quintadaolivia.com\/pt\/location\/region\/hiking-and-biking\/\" target=\"\" class=\"btn  btn-default\">\r\n\t\t\t\t\t   Ler Mais\t\t\t\t\t<\/a>\r\n\t\t\t\t<\/div>\r\n\t\t\t\t\t<\/div>\r\n\t<\/div>\r\n<\/div>\n<div class=\"ult-spacer spacer-69e4cd9921944\" data-id=\"69e4cd9921944\" data-height=\"60\" data-height-mobile=\"30\" data-height-tab=\"30\" data-height-tab-portrait=\"30\" data-height-mobile-landscape=\"30\" style=\"clear:both;display:block;\"><\/div><div class=\"banner-container \" id=\"arp_banner-3673653140\"> \r\n\t<div class=\"banner-content banner-type-2 \r\n\t\t \r\n\t\ttext-center\t\t\t\t \r\n\t\t\" data-animation-delay=\"500\" data-animation=\"\">\r\n\t\t<div class=\"img-banner\">\r\n\t\t\t\t\t\t\t<img decoding=\"async\" src=\"https:\/\/www.quintadaolivia.com\/wp-content\/uploads\/2018\/01\/golf_region-e1515412467931.png\" alt=\"img\">\r\n\t\t\t\t\t<\/div>\r\n\t\t<div class=\"banner-desc \" >\r\n\t\t\t\t\t\t\t<h5 style =\"color: #476885\">A 15 minutos de carro do nosso B&amp;B<\/h5>\r\n\t\t\t\t\t\t\r\n\t\t\t\t\t\t\t<h2 >Golfe<\/h2>\r\n\t\t\t\t\t\r\n\t\t\t<p style=\"text-align: center;\">Existem quatro fant\u00e1sticos campos de golfe a 15 minutos de carro do nosso B&amp;B em \u00d3bidos.<\/p>\n<p>&nbsp;<\/p>\n\t\t\r\n\t\t\t\t\t\t\t<div class=\"btn-banner\">\r\n\t\t\t\t\t<a href=\"http:\/\/www.quintadaolivia.com\/pt\/location\/region\/golf\/\" target=\"\" class=\"btn  btn-default\">\r\n\t\t\t\t\t   Verifique-os\t\t\t\t\t<\/a>\r\n\t\t\t\t<\/div>\r\n\t\t\t\t\t<\/div>\r\n\t<\/div>\r\n<\/div>\n<div class=\"ult-spacer spacer-69e4cd9921bfa\" data-id=\"69e4cd9921bfa\" data-height=\"60\" data-height-mobile=\"30\" data-height-tab=\"30\" data-height-tab-portrait=\"30\" data-height-mobile-landscape=\"30\" style=\"clear:both;display:block;\"><\/div><div class=\"banner-container \" id=\"arp_banner-2928057815\"> \r\n\t<div class=\"banner-content banner-type-2 \r\n\t\t \r\n\t\ttext-center\t\t\t\t \r\n\t\t\" data-animation-delay=\"500\" data-animation=\"\">\r\n\t\t<div class=\"img-banner\">\r\n\t\t\t\t\t\t\t<img decoding=\"async\" src=\"https:\/\/www.quintadaolivia.com\/wp-content\/uploads\/2017\/12\/vinho-e1513857399939.png\" alt=\"img\">\r\n\t\t\t\t\t<\/div>\r\n\t\t<div class=\"banner-desc \" >\r\n\t\t\t\t\t\t\t<h5 style =\"color: #476885\">Experimente alguns grandes vinhos<\/h5>\r\n\t\t\t\t\t\t\r\n\t\t\t\t\t\t\t<h2 >Rota do Vinho<\/h2>\r\n\t\t\t\t\t\r\n\t\t\t<p style=\"text-align: center;\">O nosso B&amp;B est\u00e1 situado numa das rotas do vinho da regi\u00e3o da Estremadura. Em 1999, os vinhedos em torno de \u00d3bidos receberam reconhecimento oficial e foram certificados pela Denomina\u00e7\u00e3o de Origem Controlada. Desde ent\u00e3o, esta regi\u00e3o vin\u00edcola desenvolveu-se e muitos dos seus vinhos t\u00eam sido premiados em competi\u00e7\u00f5es nacionais e internacionais.<\/p>\n\t\t\r\n\t\t\t\t\t\t\t<div class=\"btn-banner\">\r\n\t\t\t\t\t<a href=\"http:\/\/www.quintadaolivia.com\/pt\/location\/region\/wine-route\/\" target=\"\" class=\"btn  btn-default\">\r\n\t\t\t\t\t   Saiba mais\t\t\t\t\t<\/a>\r\n\t\t\t\t<\/div>\r\n\t\t\t\t\t<\/div>\r\n\t<\/div>\r\n<\/div>\n<div class=\"ult-spacer spacer-69e4cd9921ec5\" data-id=\"69e4cd9921ec5\" data-height=\"60\" data-height-mobile=\"30\" data-height-tab=\"30\" data-height-tab-portrait=\"30\" data-height-mobile-landscape=\"30\" style=\"clear:both;display:block;\"><\/div>[\/vc_column_inner][\/vc_row_inner]<\/div>\n[\/vc_column][\/vc_row]<\/p>\n<\/div>","protected":false},"excerpt":{"rendered":"<p>[vc_row full_width=&#8221;stretch_row_content_no_spaces&#8221;][vc_column][\/vc_column][\/vc_row][vc_row][vc_column][\/vc_column][\/vc_row][vc_row full_width=&#8221;stretch_row&#8221;][vc_column][\/vc_column][\/vc_row]<\/p>\n","protected":false},"author":4,"featured_media":0,"parent":0,"menu_order":1,"comment_status":"closed","ping_status":"closed","template":"","meta":{"footnotes":""},"class_list":["post-1160","page","type-page","status-publish","hentry"],"translation":{"provider":"WPGlobus","version":"3.0.2","language":"pt","enabled_languages":["en","nl","pt","de"],"languages":{"en":{"title":true,"content":true,"excerpt":false},"nl":{"title":true,"content":true,"excerpt":false},"pt":{"title":true,"content":true,"excerpt":false},"de":{"title":true,"content":true,"excerpt":false}}},"yoast_head":"<!-- This site is optimized with the Yoast SEO plugin v27.3 - https:\/\/yoast.com\/product\/yoast-seo-wordpress\/ -->\r\n<title>Regi\u00e3o - Quinta da Olivia<\/title>\r\n<meta name=\"description\" content=\"O nosso B&amp;B em \u00d3bidos \u00e9 o ponto de partida perfeito para explorar a regi\u00e3o da Costa de Prata. Podemos dar-lhe algumas ideias para passeios que poder\u00e1 fazer durante a sua estadia na Quinta da Olivia. Eis alguns dos locais que n\u00e3o deve perder.\" \/>\r\n<meta name=\"robots\" content=\"index, follow, max-snippet:-1, max-image-preview:large, max-video-preview:-1\" \/>\r\n<link rel=\"canonical\" href=\"https:\/\/www.quintadaolivia.com\/region\/\" \/>\r\n<meta property=\"og:locale\" content=\"pt_PT\" \/>\r\n<meta property=\"og:type\" content=\"article\" \/>\r\n<meta property=\"og:title\" content=\"Regi\u00e3o - Quinta da Olivia\" \/>\r\n<meta property=\"og:description\" content=\"O nosso B&amp;B em \u00d3bidos \u00e9 o ponto de partida perfeito para explorar a regi\u00e3o da Costa de Prata. Podemos dar-lhe algumas ideias para passeios que poder\u00e1 fazer durante a sua estadia na Quinta da Olivia. Eis alguns dos locais que n\u00e3o deve perder.\" \/>\r\n<meta property=\"og:url\" content=\"https:\/\/www.quintadaolivia.com\/region\/\" \/>\r\n<meta property=\"og:site_name\" content=\"Quinta da Olivia\" \/>\r\n<meta property=\"article:publisher\" content=\"https:\/\/www.facebook.com\/quintadaolivia\/\" \/>\r\n<meta property=\"article:modified_time\" content=\"2021-03-14T11:22:03+00:00\" \/>\r\n<meta property=\"og:image\" content=\"https:\/\/www.quintadaolivia.com\/wp-content\/uploads\/2018\/05\/SEO_logo.jpg\" \/>\r\n\t<meta property=\"og:image:width\" content=\"600\" \/>\r\n\t<meta property=\"og:image:height\" content=\"315\" \/>\r\n\t<meta property=\"og:image:type\" content=\"image\/jpeg\" \/>\r\n<meta name=\"twitter:card\" content=\"summary_large_image\" \/>\r\n<meta name=\"twitter:label1\" content=\"Tempo estimado de leitura\" \/>\n\t<meta name=\"twitter:data1\" content=\"3 minutos\" \/>\r\n<script type=\"application\/ld+json\" class=\"yoast-schema-graph\">{\"@context\":\"https:\\\/\\\/schema.org\",\"@graph\":[{\"@type\":\"WebPage\",\"@id\":\"https:\\\/\\\/www.quintadaolivia.com\\\/region\\\/\",\"url\":\"https:\\\/\\\/www.quintadaolivia.com\\\/region\\\/\",\"name\":\"Regi\u00e3o - Quinta da Olivia\",\"isPartOf\":{\"@id\":\"https:\\\/\\\/www.quintadaolivia.com\\\/#website\"},\"datePublished\":\"2017-11-07T15:43:03+00:00\",\"dateModified\":\"2021-03-14T11:22:03+00:00\",\"description\":\"O nosso B&B em \u00d3bidos \u00e9 o ponto de partida perfeito para explorar a regi\u00e3o da Costa de Prata. Podemos dar-lhe algumas ideias para passeios que poder\u00e1 fazer durante a sua estadia na Quinta da Olivia. Eis alguns dos locais que n\u00e3o deve perder.\",\"breadcrumb\":{\"@id\":\"https:\\\/\\\/www.quintadaolivia.com\\\/region\\\/#breadcrumb\"},\"inLanguage\":\"pt-PT\",\"potentialAction\":[{\"@type\":\"ReadAction\",\"target\":[\"https:\\\/\\\/www.quintadaolivia.com\\\/region\\\/\"]}]},{\"@type\":\"BreadcrumbList\",\"@id\":\"https:\\\/\\\/www.quintadaolivia.com\\\/region\\\/#breadcrumb\",\"itemListElement\":[{\"@type\":\"ListItem\",\"position\":1,\"name\":\"Home\",\"item\":\"https:\\\/\\\/www.quintadaolivia.com\\\/\"},{\"@type\":\"ListItem\",\"position\":2,\"name\":\"Region\"}]},{\"@type\":\"WebSite\",\"@id\":\"https:\\\/\\\/www.quintadaolivia.com\\\/#website\",\"url\":\"https:\\\/\\\/www.quintadaolivia.com\\\/\",\"name\":\"Quinta da Olivia\",\"description\":\"Bed &amp; Breakfast \u00d3bidos\",\"publisher\":{\"@id\":\"https:\\\/\\\/www.quintadaolivia.com\\\/#organization\"},\"potentialAction\":[{\"@type\":\"SearchAction\",\"target\":{\"@type\":\"EntryPoint\",\"urlTemplate\":\"https:\\\/\\\/www.quintadaolivia.com\\\/?s={search_term_string}\"},\"query-input\":{\"@type\":\"PropertyValueSpecification\",\"valueRequired\":true,\"valueName\":\"search_term_string\"}}],\"inLanguage\":\"pt-PT\"},{\"@type\":\"Organization\",\"@id\":\"https:\\\/\\\/www.quintadaolivia.com\\\/#organization\",\"name\":\"Quinta da Olivia\",\"url\":\"https:\\\/\\\/www.quintadaolivia.com\\\/\",\"logo\":{\"@type\":\"ImageObject\",\"inLanguage\":\"pt-PT\",\"@id\":\"https:\\\/\\\/www.quintadaolivia.com\\\/#\\\/schema\\\/logo\\\/image\\\/\",\"url\":\"https:\\\/\\\/www.quintadaolivia.com\\\/wp-content\\\/uploads\\\/2018\\\/05\\\/SEO_logo.jpg\",\"contentUrl\":\"https:\\\/\\\/www.quintadaolivia.com\\\/wp-content\\\/uploads\\\/2018\\\/05\\\/SEO_logo.jpg\",\"width\":600,\"height\":315,\"caption\":\"Quinta da Olivia\"},\"image\":{\"@id\":\"https:\\\/\\\/www.quintadaolivia.com\\\/#\\\/schema\\\/logo\\\/image\\\/\"},\"sameAs\":[\"https:\\\/\\\/www.facebook.com\\\/quintadaolivia\\\/\"]}]}<\/script>\r\n<!-- \/ Yoast SEO plugin. -->","yoast_head_json":{"title":"Regi\u00e3o - Quinta da Olivia","description":"O nosso B&B em \u00d3bidos \u00e9 o ponto de partida perfeito para explorar a regi\u00e3o da Costa de Prata. Podemos dar-lhe algumas ideias para passeios que poder\u00e1 fazer durante a sua estadia na Quinta da Olivia. Eis alguns dos locais que n\u00e3o deve perder.","robots":{"index":"index","follow":"follow","max-snippet":"max-snippet:-1","max-image-preview":"max-image-preview:large","max-video-preview":"max-video-preview:-1"},"canonical":"https:\/\/www.quintadaolivia.com\/region\/","og_locale":"pt_PT","og_type":"article","og_title":"Regi\u00e3o - Quinta da Olivia","og_description":"O nosso B&B em \u00d3bidos \u00e9 o ponto de partida perfeito para explorar a regi\u00e3o da Costa de Prata. Podemos dar-lhe algumas ideias para passeios que poder\u00e1 fazer durante a sua estadia na Quinta da Olivia. Eis alguns dos locais que n\u00e3o deve perder.","og_url":"https:\/\/www.quintadaolivia.com\/region\/","og_site_name":"Quinta da Olivia","article_publisher":"https:\/\/www.facebook.com\/quintadaolivia\/","article_modified_time":"2021-03-14T11:22:03+00:00","og_image":[{"width":600,"height":315,"url":"https:\/\/www.quintadaolivia.com\/wp-content\/uploads\/2018\/05\/SEO_logo.jpg","type":"image\/jpeg"}],"twitter_card":"summary_large_image","twitter_misc":{"Tempo estimado de leitura":"3 minutos"},"schema":{"@context":"https:\/\/schema.org","@graph":[{"@type":"WebPage","@id":"https:\/\/www.quintadaolivia.com\/region\/","url":"https:\/\/www.quintadaolivia.com\/region\/","name":"Regi\u00e3o - Quinta da Olivia","isPartOf":{"@id":"https:\/\/www.quintadaolivia.com\/#website"},"datePublished":"2017-11-07T15:43:03+00:00","dateModified":"2021-03-14T11:22:03+00:00","description":"O nosso B&B em \u00d3bidos \u00e9 o ponto de partida perfeito para explorar a regi\u00e3o da Costa de Prata. Podemos dar-lhe algumas ideias para passeios que poder\u00e1 fazer durante a sua estadia na Quinta da Olivia. Eis alguns dos locais que n\u00e3o deve perder.","breadcrumb":{"@id":"https:\/\/www.quintadaolivia.com\/region\/#breadcrumb"},"inLanguage":"pt-PT","potentialAction":[{"@type":"ReadAction","target":["https:\/\/www.quintadaolivia.com\/region\/"]}]},{"@type":"BreadcrumbList","@id":"https:\/\/www.quintadaolivia.com\/region\/#breadcrumb","itemListElement":[{"@type":"ListItem","position":1,"name":"Home","item":"https:\/\/www.quintadaolivia.com\/"},{"@type":"ListItem","position":2,"name":"Region"}]},{"@type":"WebSite","@id":"https:\/\/www.quintadaolivia.com\/#website","url":"https:\/\/www.quintadaolivia.com\/","name":"Quinta da Olivia","description":"Bed &amp; Breakfast \u00d3bidos","publisher":{"@id":"https:\/\/www.quintadaolivia.com\/#organization"},"potentialAction":[{"@type":"SearchAction","target":{"@type":"EntryPoint","urlTemplate":"https:\/\/www.quintadaolivia.com\/?s={search_term_string}"},"query-input":{"@type":"PropertyValueSpecification","valueRequired":true,"valueName":"search_term_string"}}],"inLanguage":"pt-PT"},{"@type":"Organization","@id":"https:\/\/www.quintadaolivia.com\/#organization","name":"Quinta da Olivia","url":"https:\/\/www.quintadaolivia.com\/","logo":{"@type":"ImageObject","inLanguage":"pt-PT","@id":"https:\/\/www.quintadaolivia.com\/#\/schema\/logo\/image\/","url":"https:\/\/www.quintadaolivia.com\/wp-content\/uploads\/2018\/05\/SEO_logo.jpg","contentUrl":"https:\/\/www.quintadaolivia.com\/wp-content\/uploads\/2018\/05\/SEO_logo.jpg","width":600,"height":315,"caption":"Quinta da Olivia"},"image":{"@id":"https:\/\/www.quintadaolivia.com\/#\/schema\/logo\/image\/"},"sameAs":["https:\/\/www.facebook.com\/quintadaolivia\/"]}]}},"_links":{"self":[{"href":"https:\/\/www.quintadaolivia.com\/pt\/wp-json\/wp\/v2\/pages\/1160","targetHints":{"allow":["GET"]}}],"collection":[{"href":"https:\/\/www.quintadaolivia.com\/pt\/wp-json\/wp\/v2\/pages"}],"about":[{"href":"https:\/\/www.quintadaolivia.com\/pt\/wp-json\/wp\/v2\/types\/page"}],"author":[{"embeddable":true,"href":"https:\/\/www.quintadaolivia.com\/pt\/wp-json\/wp\/v2\/users\/4"}],"replies":[{"embeddable":true,"href":"https:\/\/www.quintadaolivia.com\/pt\/wp-json\/wp\/v2\/comments?post=1160"}],"version-history":[{"count":34,"href":"https:\/\/www.quintadaolivia.com\/pt\/wp-json\/wp\/v2\/pages\/1160\/revisions"}],"predecessor-version":[{"id":6855,"href":"https:\/\/www.quintadaolivia.com\/pt\/wp-json\/wp\/v2\/pages\/1160\/revisions\/6855"}],"wp:attachment":[{"href":"https:\/\/www.quintadaolivia.com\/pt\/wp-json\/wp\/v2\/media?parent=1160"}],"curies":[{"name":"wp","href":"https:\/\/api.w.org\/{rel}","templated":true}]}}