{"id":2483,"date":"2017-11-23T11:41:31","date_gmt":"2017-11-23T11:41:31","guid":{"rendered":"http:\/\/dev.quintadaolivia.com\/?page_id=2483"},"modified":"2018-05-09T22:01:48","modified_gmt":"2018-05-09T21:01:48","slug":"obidos","status":"publish","type":"page","link":"https:\/\/www.quintadaolivia.com\/pt\/region\/obidos\/","title":{"rendered":"\u00d3bidos"},"content":{"rendered":"<div class=\"wpb-content-wrapper\"><p>[vc_row full_width=&#8221;stretch_row&#8221;][vc_column]<div class=\"ult-spacer spacer-69e4e24e3cb3b\" data-id=\"69e4e24e3cb3b\" data-height=\"90\" data-height-mobile=\"40\" data-height-tab=\"\" data-height-tab-portrait=\"\" data-height-mobile-landscape=\"40\" style=\"clear:both;display:block;\"><\/div><div class=\"arrowpress-container container \"><div id=\"ultimate-heading-570469e4e24e3ce88\" class=\"uvc-heading ult-adjust-bottom-margin ultimate-heading-570469e4e24e3ce88 uvc-6418 \" data-hspacer=\"icon_only\"  data-halign=\"center\" style=\"text-align:center\"><div class=\"uvc-heading-spacer icon_only\" style=\"margin-bottom:10px;\"><div class=\"ult-just-icon-wrapper  \"><div class=\"align-icon\" style=\"text-align:center;\">\n<div class=\"aio-icon none \"  style=\"color:#f28250;font-size:25px;display:inline-block;\">\n\t<i class=\"Defaults-leaf\"><\/i>\n<\/div><\/div><\/div><\/div><div class=\"uvc-main-heading ult-responsive\"  data-ultimate-target='.uvc-heading.ultimate-heading-570469e4e24e3ce88 h2'  data-responsive-json-new='{\"font-size\":\"desktop:40px;\",\"line-height\":\"\"}' ><h2 style=\"font-family:&#039;Poppins&#039;;font-weight:600;color:#476885;\">\u00d3bidos<\/h2><\/div><\/div><div class=\"ult-content-box-container text_about \" >\t\t<div class=\"ult-content-box\" style=\"box-shadow: px px px px #f7f7f7 none;margin-right:110px;margin-left:100px;-webkit-transition: all 700ms ease;-moz-transition: all 700ms ease;-ms-transition: all 700ms ease;-o-transition: all 700ms ease;transition: all 700ms ease;\"  data-hover_box_shadow=\"none\"   data-responsive_margins=\"margin-right:0px;margin-left:0px;\"   data-normal_margins=\"margin-right:110px;margin-left:100px;\"  ><div class=\"ult-spacer spacer-69e4e24e3cf45\" data-id=\"69e4e24e3cf45\" data-height=\"30\" data-height-mobile=\"30\" data-height-tab=\"30\" data-height-tab-portrait=\"\" data-height-mobile-landscape=\"\" style=\"clear:both;display:block;\"><\/div>[vc_column_text]<\/p>\n<div id=\"main\">\n<p style=\"text-align: justify;\"><span style=\"font-size: 12pt;\">\u00d3bidos, &#8220;<strong>a vila medieval mais rom\u00e2ntica de Portugal<\/strong>&#8221; e Patrim\u00f3nio Nacional, est\u00e1 a uma curta dist\u00e2ncia a p\u00e9 do nosso B&amp;B.<\/span><\/p>\n<p style=\"text-align: justify;\"><span style=\"font-size: 12pt;\">A primeira visita a realizar \u00e9 o Santu\u00e1rio do Senhor Jesus da Pedra, ao virar da esquina. Tome um caf\u00e9 no pequeno estabelecimento antes de continuar para a vila.<\/span><\/p>\n<p style=\"text-align: justify;\"><span style=\"font-size: 12pt;\">Caminhe pelas muralhas medievais em torno da pequena vila rom\u00e2ntica com vistas espetaculares dos arredores, que se estendem at\u00e9 ao oceano, em dias sem nuvens.<\/span><\/p>\n<p style=\"text-align: justify;\"><span style=\"font-size: 12pt;\">Passeie pela rua principal com muitas lojas de arte e lembran\u00e7as, ou saia da rua principal e explore as ruas estreitas e livres de turistas. Durante a noite, poder\u00e1 ter a sensa\u00e7\u00e3o de estar l\u00e1 h\u00e1 s\u00e9culos.<\/span><\/p>\n<p style=\"text-align: justify;\"><span style=\"font-size: 12pt;\">Almoce numa das esplanadas sob as coloridas buganv\u00edlias ou prove uma ginja d\u2019\u00d3bidos em copo de chocolate.<\/span><\/p>\n<\/div>\n<p>[\/vc_column_text]\t\t<\/div><\/div><div class=\"ult-spacer spacer-69e4e24e3cf58\" data-id=\"69e4e24e3cf58\" data-height=\"60\" data-height-mobile=\"60\" data-height-tab=\"60\" data-height-tab-portrait=\"\" data-height-mobile-landscape=\"\" style=\"clear:both;display:block;\"><\/div><\/div>\n<div class=\"arrowpress-container container \"><div id=\"ultimate-heading-464869e4e24e3d062\" class=\"uvc-heading ult-adjust-bottom-margin ultimate-heading-464869e4e24e3d062 uvc-8168 \" data-hspacer=\"icon_only\"  data-halign=\"center\" style=\"text-align:center\"><div class=\"uvc-heading-spacer icon_only\" style=\"margin-bottom:10px;\"><div class=\"ult-just-icon-wrapper  \"><div class=\"align-icon\" style=\"text-align:center;\">\n<div class=\"aio-icon none \"  style=\"color:#f28250;font-size:25px;display:inline-block;\">\n\t<i class=\"Defaults-leaf\"><\/i>\n<\/div><\/div><\/div><\/div><div class=\"uvc-main-heading ult-responsive\"  data-ultimate-target='.uvc-heading.ultimate-heading-464869e4e24e3d062 h2'  data-responsive-json-new='{\"font-size\":\"desktop:40px;\",\"line-height\":\"\"}' ><h2 style=\"font-family:&#039;Poppins&#039;;font-weight:600;color:#476885;\">Festivais<\/h2><\/div><\/div><div class=\"ult-content-box-container text_about\" >\t\t<div class=\"ult-content-box\" style=\"box-shadow: px px px px #f7f7f7 none;margin-right:110px;margin-left:100px;-webkit-transition: all 700ms ease;-moz-transition: all 700ms ease;-ms-transition: all 700ms ease;-o-transition: all 700ms ease;transition: all 700ms ease;\"  data-hover_box_shadow=\"none\"   data-responsive_margins=\"margin-right:0px;margin-left:0px;\"   data-normal_margins=\"margin-right:110px;margin-left:100px;\"  ><div class=\"ult-spacer spacer-69e4e24e3d0e2\" data-id=\"69e4e24e3d0e2\" data-height=\"30\" data-height-mobile=\"30\" data-height-tab=\"30\" data-height-tab-portrait=\"\" data-height-mobile-landscape=\"\" style=\"clear:both;display:block;\"><\/div>[vc_column_text]<\/p>\n<div id=\"main\">\n<p style=\"text-align: justify;\"><span style=\"font-size: 12pt;\">\u00c9 poss\u00edvel que um dos festivais de \u00d3bidos esteja a decorrer enquanto est\u00e1 hospedado na Quinta da Olivia. O Festival Internacional do Chocolate, a Semana Santa, o Festival Medieval, o Festival de Piano e a Vila Natal s\u00e3o alguns dos eventos que se realizam anualmente.<\/span><\/p>\n<p style=\"text-align: justify;\"><span style=\"font-size: 12pt;\">Para ver <strong>as nossas ofertas especiais para os festivais<\/strong>, <a href=\"https:\/\/www.quintadaolivia.com\/pt\/special-packages\/\">clique aqui<\/a>.<\/span><\/p>\n<p style=\"text-align: justify;\"><span style=\"font-size: 12pt;\">Mais informa\u00e7\u00f5es sobre os festivais podem ser encontradas nestes sites:<\/span><\/p>\n<\/div>\n<p>[\/vc_column_text]<div class=\"ult-spacer spacer-69e4e24e3d0ef\" data-id=\"69e4e24e3d0ef\" data-height=\"30\" data-height-mobile=\"30\" data-height-tab=\"30\" data-height-tab-portrait=\"\" data-height-mobile-landscape=\"\" style=\"clear:both;display:block;\"><\/div>[vc_row_inner][vc_column_inner width=&#8221;1\/3&#8243;][vc_btn title=&#8221;Festival do Chocolate&#8221; style=&#8221;flat&#8221; shape=&#8221;square&#8221; color=&#8221;orange&#8221; align=&#8221;center&#8221; link=&#8221;url:http%3A%2F%2Fwww.festivalchocolate.cm-obidos.pt%2F||target:%20_blank|&#8221; el_id=&#8221;guest-b&#8221;][\/vc_column_inner][vc_column_inner width=&#8221;1\/3&#8243;][vc_btn title=&#8221;Mercado Medieval&#8221; style=&#8221;flat&#8221; shape=&#8221;square&#8221; color=&#8221;orange&#8221; align=&#8221;center&#8221; link=&#8221;url:http%3A%2F%2Fwww.mercadomedievalobidos.pt%2F||target:%20_blank|&#8221; el_id=&#8221;guest-b&#8221;][\/vc_column_inner][vc_column_inner width=&#8221;1\/3&#8243;][vc_btn title=&#8221;Vila Natal&#8221; style=&#8221;flat&#8221; shape=&#8221;square&#8221; color=&#8221;orange&#8221; align=&#8221;center&#8221; link=&#8221;url:http%3A%2F%2Fobidosvilanatal.pt%2Fenglish%2F||target:%20_blank|&#8221; el_id=&#8221;guest-b&#8221;][\/vc_column_inner][\/vc_row_inner]\t\t<\/div><\/div><div class=\"ult-spacer spacer-69e4e24e3d0ff\" data-id=\"69e4e24e3d0ff\" data-height=\"60\" data-height-mobile=\"60\" data-height-tab=\"60\" data-height-tab-portrait=\"\" data-height-mobile-landscape=\"\" style=\"clear:both;display:block;\"><\/div><\/div>\n<div class=\"arrowpress-container container \"><div class=\"ult-content-box-container text_about\" >\t\t<div class=\"ult-content-box\" style=\"box-shadow: px px px px #f7f7f7 none;margin-right:110px;margin-left:100px;-webkit-transition: all 700ms ease;-moz-transition: all 700ms ease;-ms-transition: all 700ms ease;-o-transition: all 700ms ease;transition: all 700ms ease;\"  data-hover_box_shadow=\"none\"   data-responsive_margins=\"margin-right:0px;margin-left:0px;\"   data-normal_margins=\"margin-right:110px;margin-left:100px;\"  >[vc_images_carousel images=&#8221;3525,3526,3527,3528,3529,3530,3531,3532,3533,3534,3535,3536&#8243; img_size=&#8221;full&#8221; onclick=&#8221;link_no&#8221; speed=&#8221;3000&#8243; hide_pagination_control=&#8221;yes&#8221; wrap=&#8221;yes&#8221; el_id=&#8221;galeria-regiao&#8221;]<div class=\"ult-spacer spacer-69e4e24e3d19f\" data-id=\"69e4e24e3d19f\" data-height=\"30\" data-height-mobile=\"15\" data-height-tab=\"15\" data-height-tab-portrait=\"15\" data-height-mobile-landscape=\"15\" style=\"clear:both;display:block;\"><\/div>[vc_btn title=&#8221;VOLTAR&#8221; style=&#8221;flat&#8221; shape=&#8221;square&#8221; color=&#8221;orange&#8221; align=&#8221;center&#8221; link=&#8221;url:http%3A%2F%2Fwww.quintadaolivia.com%2Fpt%2Flocation%2Fregion%2F|||&#8221; el_id=&#8221;guest-b&#8221;]\t\t<\/div><\/div><div class=\"ult-spacer spacer-69e4e24e3d1b0\" data-id=\"69e4e24e3d1b0\" data-height=\"60\" data-height-mobile=\"60\" data-height-tab=\"60\" data-height-tab-portrait=\"\" data-height-mobile-landscape=\"\" style=\"clear:both;display:block;\"><\/div><\/div>\n[\/vc_column][\/vc_row]<\/p>\n<\/div>","protected":false},"excerpt":{"rendered":"<p>[vc_row full_width=&#8221;stretch_row&#8221;][vc_column][\/vc_column][\/vc_row]<\/p>\n","protected":false},"author":4,"featured_media":0,"parent":1160,"menu_order":1,"comment_status":"closed","ping_status":"closed","template":"","meta":{"footnotes":""},"class_list":["post-2483","page","type-page","status-publish","hentry"],"translation":{"provider":"WPGlobus","version":"3.0.2","language":"pt","enabled_languages":["en","nl","pt","de"],"languages":{"en":{"title":true,"content":true,"excerpt":false},"nl":{"title":true,"content":true,"excerpt":false},"pt":{"title":true,"content":true,"excerpt":false},"de":{"title":true,"content":true,"excerpt":false}}},"yoast_head":"<!-- This site is optimized with the Yoast SEO plugin v27.3 - https:\/\/yoast.com\/product\/yoast-seo-wordpress\/ -->\r\n<title>\u00d3bidos - Quinta da Olivia<\/title>\r\n<meta name=\"description\" content=\"\u00d3bidos, \u201ca vila medieval mais rom\u00e2ntica de Portugal\u201d e Patrim\u00f3nio Nacional, est\u00e1 a uma curta dist\u00e2ncia a p\u00e9 do nosso B&amp;B. Saiba o que visitar na vila durante a sua estadia.\" \/>\r\n<meta name=\"robots\" content=\"index, follow, max-snippet:-1, max-image-preview:large, max-video-preview:-1\" \/>\r\n<link rel=\"canonical\" href=\"https:\/\/www.quintadaolivia.com\/nl\/region\/obidos\/\" \/>\r\n<meta property=\"og:locale\" content=\"pt_PT\" \/>\r\n<meta property=\"og:type\" content=\"article\" \/>\r\n<meta property=\"og:title\" content=\"\u00d3bidos - Quinta da Olivia\" \/>\r\n<meta property=\"og:description\" content=\"\u00d3bidos, \u201ca vila medieval mais rom\u00e2ntica de Portugal\u201d e Patrim\u00f3nio Nacional, est\u00e1 a uma curta dist\u00e2ncia a p\u00e9 do nosso B&amp;B. Saiba o que visitar na vila durante a sua estadia.\" \/>\r\n<meta property=\"og:url\" content=\"https:\/\/www.quintadaolivia.com\/nl\/region\/obidos\/\" \/>\r\n<meta property=\"og:site_name\" content=\"Quinta da Olivia\" \/>\r\n<meta property=\"article:publisher\" content=\"https:\/\/www.facebook.com\/quintadaolivia\/\" \/>\r\n<meta property=\"article:modified_time\" content=\"2018-05-09T21:01:48+00:00\" \/>\r\n<meta property=\"og:image\" content=\"https:\/\/www.quintadaolivia.com\/wp-content\/uploads\/2018\/05\/SEO_logo.jpg\" \/>\r\n\t<meta property=\"og:image:width\" content=\"600\" \/>\r\n\t<meta property=\"og:image:height\" content=\"315\" \/>\r\n\t<meta property=\"og:image:type\" content=\"image\/jpeg\" \/>\r\n<meta name=\"twitter:card\" content=\"summary_large_image\" \/>\r\n<meta name=\"twitter:label1\" content=\"Tempo estimado de leitura\" \/>\n\t<meta name=\"twitter:data1\" content=\"14 minutos\" \/>\r\n<script type=\"application\/ld+json\" class=\"yoast-schema-graph\">{\"@context\":\"https:\\\/\\\/schema.org\",\"@graph\":[{\"@type\":\"WebPage\",\"@id\":\"https:\\\/\\\/www.quintadaolivia.com\\\/nl\\\/region\\\/obidos\\\/\",\"url\":\"https:\\\/\\\/www.quintadaolivia.com\\\/nl\\\/region\\\/obidos\\\/\",\"name\":\"\u00d3bidos - Quinta da Olivia\",\"isPartOf\":{\"@id\":\"https:\\\/\\\/www.quintadaolivia.com\\\/#website\"},\"datePublished\":\"2017-11-23T11:41:31+00:00\",\"dateModified\":\"2018-05-09T21:01:48+00:00\",\"description\":\"\u00d3bidos, \u201ca vila medieval mais rom\u00e2ntica de Portugal\u201d e Patrim\u00f3nio Nacional, est\u00e1 a uma curta dist\u00e2ncia a p\u00e9 do nosso B&B. Saiba o que visitar na vila durante a sua estadia.\",\"breadcrumb\":{\"@id\":\"https:\\\/\\\/www.quintadaolivia.com\\\/nl\\\/region\\\/obidos\\\/#breadcrumb\"},\"inLanguage\":\"pt-PT\",\"potentialAction\":[{\"@type\":\"ReadAction\",\"target\":[\"https:\\\/\\\/www.quintadaolivia.com\\\/nl\\\/region\\\/obidos\\\/\"]}]},{\"@type\":\"BreadcrumbList\",\"@id\":\"https:\\\/\\\/www.quintadaolivia.com\\\/nl\\\/region\\\/obidos\\\/#breadcrumb\",\"itemListElement\":[{\"@type\":\"ListItem\",\"position\":1,\"name\":\"Home\",\"item\":\"https:\\\/\\\/www.quintadaolivia.com\\\/\"},{\"@type\":\"ListItem\",\"position\":2,\"name\":\"Region\",\"item\":\"https:\\\/\\\/www.quintadaolivia.com\\\/region\\\/\"},{\"@type\":\"ListItem\",\"position\":3,\"name\":\"\u00d3bidos\"}]},{\"@type\":\"WebSite\",\"@id\":\"https:\\\/\\\/www.quintadaolivia.com\\\/#website\",\"url\":\"https:\\\/\\\/www.quintadaolivia.com\\\/\",\"name\":\"Quinta da Olivia\",\"description\":\"Bed &amp; Breakfast \u00d3bidos\",\"publisher\":{\"@id\":\"https:\\\/\\\/www.quintadaolivia.com\\\/#organization\"},\"potentialAction\":[{\"@type\":\"SearchAction\",\"target\":{\"@type\":\"EntryPoint\",\"urlTemplate\":\"https:\\\/\\\/www.quintadaolivia.com\\\/?s={search_term_string}\"},\"query-input\":{\"@type\":\"PropertyValueSpecification\",\"valueRequired\":true,\"valueName\":\"search_term_string\"}}],\"inLanguage\":\"pt-PT\"},{\"@type\":\"Organization\",\"@id\":\"https:\\\/\\\/www.quintadaolivia.com\\\/#organization\",\"name\":\"Quinta da Olivia\",\"url\":\"https:\\\/\\\/www.quintadaolivia.com\\\/\",\"logo\":{\"@type\":\"ImageObject\",\"inLanguage\":\"pt-PT\",\"@id\":\"https:\\\/\\\/www.quintadaolivia.com\\\/#\\\/schema\\\/logo\\\/image\\\/\",\"url\":\"https:\\\/\\\/www.quintadaolivia.com\\\/wp-content\\\/uploads\\\/2018\\\/05\\\/SEO_logo.jpg\",\"contentUrl\":\"https:\\\/\\\/www.quintadaolivia.com\\\/wp-content\\\/uploads\\\/2018\\\/05\\\/SEO_logo.jpg\",\"width\":600,\"height\":315,\"caption\":\"Quinta da Olivia\"},\"image\":{\"@id\":\"https:\\\/\\\/www.quintadaolivia.com\\\/#\\\/schema\\\/logo\\\/image\\\/\"},\"sameAs\":[\"https:\\\/\\\/www.facebook.com\\\/quintadaolivia\\\/\"]}]}<\/script>\r\n<!-- \/ Yoast SEO plugin. -->","yoast_head_json":{"title":"\u00d3bidos - Quinta da Olivia","description":"\u00d3bidos, \u201ca vila medieval mais rom\u00e2ntica de Portugal\u201d e Patrim\u00f3nio Nacional, est\u00e1 a uma curta dist\u00e2ncia a p\u00e9 do nosso B&B. Saiba o que visitar na vila durante a sua estadia.","robots":{"index":"index","follow":"follow","max-snippet":"max-snippet:-1","max-image-preview":"max-image-preview:large","max-video-preview":"max-video-preview:-1"},"canonical":"https:\/\/www.quintadaolivia.com\/nl\/region\/obidos\/","og_locale":"pt_PT","og_type":"article","og_title":"\u00d3bidos - Quinta da Olivia","og_description":"\u00d3bidos, \u201ca vila medieval mais rom\u00e2ntica de Portugal\u201d e Patrim\u00f3nio Nacional, est\u00e1 a uma curta dist\u00e2ncia a p\u00e9 do nosso B&B. Saiba o que visitar na vila durante a sua estadia.","og_url":"https:\/\/www.quintadaolivia.com\/nl\/region\/obidos\/","og_site_name":"Quinta da Olivia","article_publisher":"https:\/\/www.facebook.com\/quintadaolivia\/","article_modified_time":"2018-05-09T21:01:48+00:00","og_image":[{"width":600,"height":315,"url":"https:\/\/www.quintadaolivia.com\/wp-content\/uploads\/2018\/05\/SEO_logo.jpg","type":"image\/jpeg"}],"twitter_card":"summary_large_image","twitter_misc":{"Tempo estimado de leitura":"14 minutos"},"schema":{"@context":"https:\/\/schema.org","@graph":[{"@type":"WebPage","@id":"https:\/\/www.quintadaolivia.com\/nl\/region\/obidos\/","url":"https:\/\/www.quintadaolivia.com\/nl\/region\/obidos\/","name":"\u00d3bidos - Quinta da Olivia","isPartOf":{"@id":"https:\/\/www.quintadaolivia.com\/#website"},"datePublished":"2017-11-23T11:41:31+00:00","dateModified":"2018-05-09T21:01:48+00:00","description":"\u00d3bidos, \u201ca vila medieval mais rom\u00e2ntica de Portugal\u201d e Patrim\u00f3nio Nacional, est\u00e1 a uma curta dist\u00e2ncia a p\u00e9 do nosso B&B. Saiba o que visitar na vila durante a sua estadia.","breadcrumb":{"@id":"https:\/\/www.quintadaolivia.com\/nl\/region\/obidos\/#breadcrumb"},"inLanguage":"pt-PT","potentialAction":[{"@type":"ReadAction","target":["https:\/\/www.quintadaolivia.com\/nl\/region\/obidos\/"]}]},{"@type":"BreadcrumbList","@id":"https:\/\/www.quintadaolivia.com\/nl\/region\/obidos\/#breadcrumb","itemListElement":[{"@type":"ListItem","position":1,"name":"Home","item":"https:\/\/www.quintadaolivia.com\/"},{"@type":"ListItem","position":2,"name":"Region","item":"https:\/\/www.quintadaolivia.com\/region\/"},{"@type":"ListItem","position":3,"name":"\u00d3bidos"}]},{"@type":"WebSite","@id":"https:\/\/www.quintadaolivia.com\/#website","url":"https:\/\/www.quintadaolivia.com\/","name":"Quinta da Olivia","description":"Bed &amp; Breakfast \u00d3bidos","publisher":{"@id":"https:\/\/www.quintadaolivia.com\/#organization"},"potentialAction":[{"@type":"SearchAction","target":{"@type":"EntryPoint","urlTemplate":"https:\/\/www.quintadaolivia.com\/?s={search_term_string}"},"query-input":{"@type":"PropertyValueSpecification","valueRequired":true,"valueName":"search_term_string"}}],"inLanguage":"pt-PT"},{"@type":"Organization","@id":"https:\/\/www.quintadaolivia.com\/#organization","name":"Quinta da Olivia","url":"https:\/\/www.quintadaolivia.com\/","logo":{"@type":"ImageObject","inLanguage":"pt-PT","@id":"https:\/\/www.quintadaolivia.com\/#\/schema\/logo\/image\/","url":"https:\/\/www.quintadaolivia.com\/wp-content\/uploads\/2018\/05\/SEO_logo.jpg","contentUrl":"https:\/\/www.quintadaolivia.com\/wp-content\/uploads\/2018\/05\/SEO_logo.jpg","width":600,"height":315,"caption":"Quinta da Olivia"},"image":{"@id":"https:\/\/www.quintadaolivia.com\/#\/schema\/logo\/image\/"},"sameAs":["https:\/\/www.facebook.com\/quintadaolivia\/"]}]}},"_links":{"self":[{"href":"https:\/\/www.quintadaolivia.com\/pt\/wp-json\/wp\/v2\/pages\/2483","targetHints":{"allow":["GET"]}}],"collection":[{"href":"https:\/\/www.quintadaolivia.com\/pt\/wp-json\/wp\/v2\/pages"}],"about":[{"href":"https:\/\/www.quintadaolivia.com\/pt\/wp-json\/wp\/v2\/types\/page"}],"author":[{"embeddable":true,"href":"https:\/\/www.quintadaolivia.com\/pt\/wp-json\/wp\/v2\/users\/4"}],"replies":[{"embeddable":true,"href":"https:\/\/www.quintadaolivia.com\/pt\/wp-json\/wp\/v2\/comments?post=2483"}],"version-history":[{"count":0,"href":"https:\/\/www.quintadaolivia.com\/pt\/wp-json\/wp\/v2\/pages\/2483\/revisions"}],"up":[{"embeddable":true,"href":"https:\/\/www.quintadaolivia.com\/pt\/wp-json\/wp\/v2\/pages\/1160"}],"wp:attachment":[{"href":"https:\/\/www.quintadaolivia.com\/pt\/wp-json\/wp\/v2\/media?parent=2483"}],"curies":[{"name":"wp","href":"https:\/\/api.w.org\/{rel}","templated":true}]}}