{"id":3548,"date":"2018-01-08T11:01:04","date_gmt":"2018-01-08T11:01:04","guid":{"rendered":"http:\/\/dev.quintadaolivia.com\/?page_id=3548"},"modified":"2018-09-20T18:39:17","modified_gmt":"2018-09-20T17:39:17","slug":"beaches-and-surf","status":"publish","type":"page","link":"https:\/\/www.quintadaolivia.com\/pt\/region\/beaches-and-surf\/","title":{"rendered":"Praias e Surf"},"content":{"rendered":"<div class=\"wpb-content-wrapper\"><p>[vc_row full_width=&#8221;stretch_row&#8221;][vc_column]<div class=\"ult-spacer spacer-69e4b75ee1d6d\" data-id=\"69e4b75ee1d6d\" data-height=\"90\" data-height-mobile=\"40\" data-height-tab=\"\" data-height-tab-portrait=\"\" data-height-mobile-landscape=\"40\" style=\"clear:both;display:block;\"><\/div><div class=\"arrowpress-container container \"><div id=\"ultimate-heading-216369e4b75ee2ac5\" class=\"uvc-heading ult-adjust-bottom-margin ultimate-heading-216369e4b75ee2ac5 uvc-6371 \" data-hspacer=\"icon_only\"  data-halign=\"center\" style=\"text-align:center\"><div class=\"uvc-heading-spacer icon_only\" style=\"margin-bottom:10px;\"><div class=\"ult-just-icon-wrapper  \"><div class=\"align-icon\" style=\"text-align:center;\">\n<div class=\"aio-icon none \"  style=\"color:#f28250;font-size:25px;display:inline-block;\">\n\t<i class=\"Defaults-leaf\"><\/i>\n<\/div><\/div><\/div><\/div><div class=\"uvc-main-heading ult-responsive\"  data-ultimate-target='.uvc-heading.ultimate-heading-216369e4b75ee2ac5 h2'  data-responsive-json-new='{\"font-size\":\"desktop:40px;\",\"line-height\":\"\"}' ><h2 style=\"font-family:&#039;Poppins&#039;;font-weight:600;color:#476885;\">Belas Praias<\/h2><\/div><\/div><div class=\"ult-content-box-container text_about\" >\t\t<div class=\"ult-content-box\" style=\"box-shadow: px px px px #f7f7f7 none;margin-right:110px;margin-left:100px;-webkit-transition: all 700ms ease;-moz-transition: all 700ms ease;-ms-transition: all 700ms ease;-o-transition: all 700ms ease;transition: all 700ms ease;\"  data-hover_box_shadow=\"none\"   data-responsive_margins=\"margin-right:0px;margin-left:0px;\"   data-normal_margins=\"margin-right:110px;margin-left:100px;\"  ><div class=\"ult-spacer spacer-69e4b75ee2bb0\" data-id=\"69e4b75ee2bb0\" data-height=\"30\" data-height-mobile=\"30\" data-height-tab=\"30\" data-height-tab-portrait=\"\" data-height-mobile-landscape=\"\" style=\"clear:both;display:block;\"><\/div>[vc_column_text]<\/p>\n<p style=\"text-align: justify;\">\u00d3 Centro de Portugal est\u00e1 alinhado com as mais belas praias. O brilho do sol na \u00e1gua e as suas ondas deram a esta regi\u00e3o o nome: a Costa de Prata.<\/p>\n<p style=\"text-align: justify;\">Basta apenas 15 minutos de carro para ir do nosso B&#038;B em \u00d3bidos at\u00e9 \u00e0 praia mais pr\u00f3xima. Siga pela auto-estrada A8, para sul e siga o IP6 para Peniche, ou para norte na sa\u00edda da Foz do Arelho. Ambos os locais t\u00eam \u00f3timas praias e muitas op\u00e7\u00f5es para almo\u00e7ar ou jantar.<\/p>\n<p style=\"text-align: justify;\">Peniche \u00e9 conhecida pelas suas excelentes ondas para a pr\u00e1tica de surf tendo \u00f3ptimos restaurantes de peixe. Tamb\u00e9m vale a pena percorrer alguns quil\u00f3metros a norte de Peniche, onde encontrar\u00e1 uma pequena e pitoresca vila piscat\u00f3ria (Baleal) localizada numa pequena pen\u00ednsula.<\/p>\n<p style=\"text-align: justify;\">A Foz do Arelho oferece outros desportos n\u00e1uticos, como windsurf, kitesurf e vela, e por estar situada numa lagoa (Lagoa de \u00d3bidos), \u00e9 poss\u00edvel encontrar uma praia especialmente adequada para crian\u00e7as pequenas.<\/p>\n<p>\u00a0[\/vc_column_text]\t\t<\/div><\/div><div class=\"ult-spacer spacer-69e4b75ee2bc8\" data-id=\"69e4b75ee2bc8\" data-height=\"60\" data-height-mobile=\"60\" data-height-tab=\"60\" data-height-tab-portrait=\"\" data-height-mobile-landscape=\"\" style=\"clear:both;display:block;\"><\/div><\/div>\n<div class=\"arrowpress-container container \"><div id=\"ultimate-heading-957069e4b75ee2cca\" class=\"uvc-heading ult-adjust-bottom-margin ultimate-heading-957069e4b75ee2cca uvc-5766 \" data-hspacer=\"icon_only\"  data-halign=\"center\" style=\"text-align:center\"><div class=\"uvc-heading-spacer icon_only\" style=\"margin-bottom:10px;\"><div class=\"ult-just-icon-wrapper  \"><div class=\"align-icon\" style=\"text-align:center;\">\n<div class=\"aio-icon none \"  style=\"color:#f28250;font-size:25px;display:inline-block;\">\n\t<i class=\"Defaults-leaf\"><\/i>\n<\/div><\/div><\/div><\/div><div class=\"uvc-main-heading ult-responsive\"  data-ultimate-target='.uvc-heading.ultimate-heading-957069e4b75ee2cca h2'  data-responsive-json-new='{\"font-size\":\"desktop:40px;\",\"line-height\":\"\"}' ><h2 style=\"font-family:&#039;Poppins&#039;;font-weight:600;color:#476885;\">Surf em Portugal<\/h2><\/div><\/div><div class=\"ult-content-box-container text_about\" >\t\t<div class=\"ult-content-box\" style=\"box-shadow: px px px px #f7f7f7 none;margin-right:110px;margin-left:100px;-webkit-transition: all 700ms ease;-moz-transition: all 700ms ease;-ms-transition: all 700ms ease;-o-transition: all 700ms ease;transition: all 700ms ease;\"  data-hover_box_shadow=\"none\"   data-responsive_margins=\"margin-right:0px;margin-left:0px;\"   data-normal_margins=\"margin-right:110px;margin-left:100px;\"  ><div class=\"ult-spacer spacer-69e4b75ee2d44\" data-id=\"69e4b75ee2d44\" data-height=\"30\" data-height-mobile=\"30\" data-height-tab=\"30\" data-height-tab-portrait=\"\" data-height-mobile-landscape=\"\" style=\"clear:both;display:block;\"><\/div>[vc_column_text]<\/p>\n<p style=\"text-align: justify;\">Provavelmente j\u00e1 viu o surfista de grandes ondas, o\u00a0 havaiano Garrett McNamara, a surfar a maior onda alguma vez registada aqui,\u00a0 na costa de prata! Em novembro de 2011, ele estabeleceu o recorde na Praia do Norte, na Nazar\u00e9, durante o ZON North Canyon Show 2011. A onda foi registada como tendo cerca de 24 metros de altura. Confira este incr\u00edvel destaque do surf no <a href=\"https:\/\/www.youtube.com\/watch?v=58a9xYOweU8\" target=\"_blank\" rel=\"noopener\">You Tube<\/a>.<\/p>\n<p style=\"text-align: justify;\">Mais recentemente, em outubro de 2013, Carlos Burle, um surfista brasileiro, pode ter passado o recorde com uns incr\u00edveis 30 metros, novamente na Praia do Norte, na Nazar\u00e9. O Guinness World Records aguarda novas provas para verificar se Carlos realmente superou o recorde anterior.<\/p>\n<p style=\"text-align: justify;\">O melhor \u00e9 deixar estas ondas monstruosas\u00a0 da Praia do Norte para os profissionais, mas se estiver interessado em surfar, pode experimentar as ondas de Peniche. Este \u00e9 um dos locais de surf mais importantes da Europa, atraindo muitas pessoas todos os anos para desfrutar das ondas altas do Oceano Atl\u00e2ntico e \/ ou visitar a competi\u00e7\u00e3o internacional de surf\u00a0 Rip Curl Pro.<\/p>\n<p style=\"text-align: justify;\">Peniche fica apenas a 15 minutos de carro do nosso alojamento B&#038;B, em \u00d3bidos. Poder\u00e1 trazer a sua pr\u00f3pria prancha de surf e desfrutar de um dos muitos locais de surf perto da vila, ou alugar uma prancha e fazer aulas de surf numa das escolas de surf profissionais.<\/p>\n<p>[\/vc_column_text]\t\t<\/div><\/div><div class=\"ult-spacer spacer-69e4b75ee2d56\" data-id=\"69e4b75ee2d56\" data-height=\"60\" data-height-mobile=\"60\" data-height-tab=\"60\" data-height-tab-portrait=\"\" data-height-mobile-landscape=\"\" style=\"clear:both;display:block;\"><\/div><\/div>\n<div class=\"arrowpress-container container \"><div class=\"ult-content-box-container text_about\" >\t\t<div class=\"ult-content-box\" style=\"box-shadow: px px px px #f7f7f7 none;margin-right:110px;margin-left:100px;-webkit-transition: all 700ms ease;-moz-transition: all 700ms ease;-ms-transition: all 700ms ease;-o-transition: all 700ms ease;transition: all 700ms ease;\"  data-hover_box_shadow=\"none\"   data-responsive_margins=\"margin-right:0px;margin-left:0px;\"   data-normal_margins=\"margin-right:110px;margin-left:100px;\"  >[vc_images_carousel images=&#8221;3568,3569,3570,3571,3572,3573,3574,3575,3576&#8243; img_size=&#8221;full&#8221; onclick=&#8221;link_no&#8221; speed=&#8221;3000&#8243; hide_pagination_control=&#8221;yes&#8221; wrap=&#8221;yes&#8221; el_id=&#8221;galeria-regiao&#8221;]<div class=\"ult-spacer spacer-69e4b75ee2e2d\" data-id=\"69e4b75ee2e2d\" data-height=\"30\" data-height-mobile=\"15\" data-height-tab=\"15\" data-height-tab-portrait=\"15\" data-height-mobile-landscape=\"15\" style=\"clear:both;display:block;\"><\/div>[vc_btn title=&#8221;VOLTAR&#8221; style=&#8221;flat&#8221; shape=&#8221;square&#8221; color=&#8221;orange&#8221; align=&#8221;center&#8221; link=&#8221;url:http%3A%2F%2Fwww.quintadaolivia.com%2Fpt%2Flocation%2Fregion%2F|||&#8221; el_id=&#8221;guest-b&#8221;]\t\t<\/div><\/div><div class=\"ult-spacer spacer-69e4b75ee2e40\" data-id=\"69e4b75ee2e40\" data-height=\"60\" data-height-mobile=\"60\" data-height-tab=\"60\" data-height-tab-portrait=\"\" data-height-mobile-landscape=\"\" style=\"clear:both;display:block;\"><\/div><\/div>\n[\/vc_column][\/vc_row]<\/p>\n<\/div>","protected":false},"excerpt":{"rendered":"<p>[vc_row full_width=&#8221;stretch_row&#8221;][vc_column][\/vc_column][\/vc_row]<\/p>\n","protected":false},"author":4,"featured_media":0,"parent":1160,"menu_order":2,"comment_status":"closed","ping_status":"closed","template":"","meta":{"footnotes":""},"class_list":["post-3548","page","type-page","status-publish","hentry"],"translation":{"provider":"WPGlobus","version":"3.0.2","language":"pt","enabled_languages":["en","nl","pt","de"],"languages":{"en":{"title":true,"content":true,"excerpt":false},"nl":{"title":true,"content":true,"excerpt":false},"pt":{"title":true,"content":true,"excerpt":false},"de":{"title":true,"content":true,"excerpt":false}}},"yoast_head":"<!-- This site is optimized with the Yoast SEO plugin v27.3 - https:\/\/yoast.com\/product\/yoast-seo-wordpress\/ -->\r\n<title>Praias e Surf - Quinta da Olivia<\/title>\r\n<meta name=\"description\" content=\"Basta uma curta viagem de 15 minutos para chegar \u00e0 praia mais pr\u00f3xima, a partir do nosso B&amp;B em \u00d3bidos. Na regi\u00e3o encontra praias para todos os gostos, podendo desfrutar de um dia de sol em fam\u00edlia ou praticar surf nas conhecidas ondas de Peniche.\" \/>\r\n<meta name=\"robots\" content=\"index, follow, max-snippet:-1, max-image-preview:large, max-video-preview:-1\" \/>\r\n<link rel=\"canonical\" href=\"https:\/\/www.quintadaolivia.com\/de\/region\/beaches-and-surf\/\" \/>\r\n<meta property=\"og:locale\" content=\"pt_PT\" \/>\r\n<meta property=\"og:type\" content=\"article\" \/>\r\n<meta property=\"og:title\" content=\"Praias e Surf - Quinta da Olivia\" \/>\r\n<meta property=\"og:description\" content=\"Basta uma curta viagem de 15 minutos para chegar \u00e0 praia mais pr\u00f3xima, a partir do nosso B&amp;B em \u00d3bidos. Na regi\u00e3o encontra praias para todos os gostos, podendo desfrutar de um dia de sol em fam\u00edlia ou praticar surf nas conhecidas ondas de Peniche.\" \/>\r\n<meta property=\"og:url\" content=\"https:\/\/www.quintadaolivia.com\/de\/region\/beaches-and-surf\/\" \/>\r\n<meta property=\"og:site_name\" content=\"Quinta da Olivia\" \/>\r\n<meta property=\"article:publisher\" content=\"https:\/\/www.facebook.com\/quintadaolivia\/\" \/>\r\n<meta property=\"article:modified_time\" content=\"2018-09-20T17:39:17+00:00\" \/>\r\n<meta property=\"og:image\" content=\"https:\/\/www.quintadaolivia.com\/wp-content\/uploads\/2018\/05\/SEO_logo.jpg\" \/>\r\n\t<meta property=\"og:image:width\" content=\"600\" \/>\r\n\t<meta property=\"og:image:height\" content=\"315\" \/>\r\n\t<meta property=\"og:image:type\" content=\"image\/jpeg\" \/>\r\n<meta name=\"twitter:card\" content=\"summary_large_image\" \/>\r\n<meta name=\"twitter:label1\" content=\"Tempo estimado de leitura\" \/>\n\t<meta name=\"twitter:data1\" content=\"15 minutos\" \/>\r\n<script type=\"application\/ld+json\" class=\"yoast-schema-graph\">{\"@context\":\"https:\\\/\\\/schema.org\",\"@graph\":[{\"@type\":\"WebPage\",\"@id\":\"https:\\\/\\\/www.quintadaolivia.com\\\/de\\\/region\\\/beaches-and-surf\\\/\",\"url\":\"https:\\\/\\\/www.quintadaolivia.com\\\/de\\\/region\\\/beaches-and-surf\\\/\",\"name\":\"Praias e Surf - Quinta da Olivia\",\"isPartOf\":{\"@id\":\"https:\\\/\\\/www.quintadaolivia.com\\\/#website\"},\"datePublished\":\"2018-01-08T11:01:04+00:00\",\"dateModified\":\"2018-09-20T17:39:17+00:00\",\"description\":\"Basta uma curta viagem de 15 minutos para chegar \u00e0 praia mais pr\u00f3xima, a partir do nosso B&B em \u00d3bidos. Na regi\u00e3o encontra praias para todos os gostos, podendo desfrutar de um dia de sol em fam\u00edlia ou praticar surf nas conhecidas ondas de Peniche.\",\"breadcrumb\":{\"@id\":\"https:\\\/\\\/www.quintadaolivia.com\\\/de\\\/region\\\/beaches-and-surf\\\/#breadcrumb\"},\"inLanguage\":\"pt-PT\",\"potentialAction\":[{\"@type\":\"ReadAction\",\"target\":[\"https:\\\/\\\/www.quintadaolivia.com\\\/de\\\/region\\\/beaches-and-surf\\\/\"]}]},{\"@type\":\"BreadcrumbList\",\"@id\":\"https:\\\/\\\/www.quintadaolivia.com\\\/de\\\/region\\\/beaches-and-surf\\\/#breadcrumb\",\"itemListElement\":[{\"@type\":\"ListItem\",\"position\":1,\"name\":\"Home\",\"item\":\"https:\\\/\\\/www.quintadaolivia.com\\\/\"},{\"@type\":\"ListItem\",\"position\":2,\"name\":\"Region\",\"item\":\"https:\\\/\\\/www.quintadaolivia.com\\\/region\\\/\"},{\"@type\":\"ListItem\",\"position\":3,\"name\":\"Str\u00e4nde und Surfen\"}]},{\"@type\":\"WebSite\",\"@id\":\"https:\\\/\\\/www.quintadaolivia.com\\\/#website\",\"url\":\"https:\\\/\\\/www.quintadaolivia.com\\\/\",\"name\":\"Quinta da Olivia\",\"description\":\"Bed &amp; Breakfast \u00d3bidos\",\"publisher\":{\"@id\":\"https:\\\/\\\/www.quintadaolivia.com\\\/#organization\"},\"potentialAction\":[{\"@type\":\"SearchAction\",\"target\":{\"@type\":\"EntryPoint\",\"urlTemplate\":\"https:\\\/\\\/www.quintadaolivia.com\\\/?s={search_term_string}\"},\"query-input\":{\"@type\":\"PropertyValueSpecification\",\"valueRequired\":true,\"valueName\":\"search_term_string\"}}],\"inLanguage\":\"pt-PT\"},{\"@type\":\"Organization\",\"@id\":\"https:\\\/\\\/www.quintadaolivia.com\\\/#organization\",\"name\":\"Quinta da Olivia\",\"url\":\"https:\\\/\\\/www.quintadaolivia.com\\\/\",\"logo\":{\"@type\":\"ImageObject\",\"inLanguage\":\"pt-PT\",\"@id\":\"https:\\\/\\\/www.quintadaolivia.com\\\/#\\\/schema\\\/logo\\\/image\\\/\",\"url\":\"https:\\\/\\\/www.quintadaolivia.com\\\/wp-content\\\/uploads\\\/2018\\\/05\\\/SEO_logo.jpg\",\"contentUrl\":\"https:\\\/\\\/www.quintadaolivia.com\\\/wp-content\\\/uploads\\\/2018\\\/05\\\/SEO_logo.jpg\",\"width\":600,\"height\":315,\"caption\":\"Quinta da Olivia\"},\"image\":{\"@id\":\"https:\\\/\\\/www.quintadaolivia.com\\\/#\\\/schema\\\/logo\\\/image\\\/\"},\"sameAs\":[\"https:\\\/\\\/www.facebook.com\\\/quintadaolivia\\\/\"]}]}<\/script>\r\n<!-- \/ Yoast SEO plugin. -->","yoast_head_json":{"title":"Praias e Surf - Quinta da Olivia","description":"Basta uma curta viagem de 15 minutos para chegar \u00e0 praia mais pr\u00f3xima, a partir do nosso B&B em \u00d3bidos. Na regi\u00e3o encontra praias para todos os gostos, podendo desfrutar de um dia de sol em fam\u00edlia ou praticar surf nas conhecidas ondas de Peniche.","robots":{"index":"index","follow":"follow","max-snippet":"max-snippet:-1","max-image-preview":"max-image-preview:large","max-video-preview":"max-video-preview:-1"},"canonical":"https:\/\/www.quintadaolivia.com\/de\/region\/beaches-and-surf\/","og_locale":"pt_PT","og_type":"article","og_title":"Praias e Surf - Quinta da Olivia","og_description":"Basta uma curta viagem de 15 minutos para chegar \u00e0 praia mais pr\u00f3xima, a partir do nosso B&B em \u00d3bidos. Na regi\u00e3o encontra praias para todos os gostos, podendo desfrutar de um dia de sol em fam\u00edlia ou praticar surf nas conhecidas ondas de Peniche.","og_url":"https:\/\/www.quintadaolivia.com\/de\/region\/beaches-and-surf\/","og_site_name":"Quinta da Olivia","article_publisher":"https:\/\/www.facebook.com\/quintadaolivia\/","article_modified_time":"2018-09-20T17:39:17+00:00","og_image":[{"width":600,"height":315,"url":"https:\/\/www.quintadaolivia.com\/wp-content\/uploads\/2018\/05\/SEO_logo.jpg","type":"image\/jpeg"}],"twitter_card":"summary_large_image","twitter_misc":{"Tempo estimado de leitura":"15 minutos"},"schema":{"@context":"https:\/\/schema.org","@graph":[{"@type":"WebPage","@id":"https:\/\/www.quintadaolivia.com\/de\/region\/beaches-and-surf\/","url":"https:\/\/www.quintadaolivia.com\/de\/region\/beaches-and-surf\/","name":"Praias e Surf - Quinta da Olivia","isPartOf":{"@id":"https:\/\/www.quintadaolivia.com\/#website"},"datePublished":"2018-01-08T11:01:04+00:00","dateModified":"2018-09-20T17:39:17+00:00","description":"Basta uma curta viagem de 15 minutos para chegar \u00e0 praia mais pr\u00f3xima, a partir do nosso B&B em \u00d3bidos. Na regi\u00e3o encontra praias para todos os gostos, podendo desfrutar de um dia de sol em fam\u00edlia ou praticar surf nas conhecidas ondas de Peniche.","breadcrumb":{"@id":"https:\/\/www.quintadaolivia.com\/de\/region\/beaches-and-surf\/#breadcrumb"},"inLanguage":"pt-PT","potentialAction":[{"@type":"ReadAction","target":["https:\/\/www.quintadaolivia.com\/de\/region\/beaches-and-surf\/"]}]},{"@type":"BreadcrumbList","@id":"https:\/\/www.quintadaolivia.com\/de\/region\/beaches-and-surf\/#breadcrumb","itemListElement":[{"@type":"ListItem","position":1,"name":"Home","item":"https:\/\/www.quintadaolivia.com\/"},{"@type":"ListItem","position":2,"name":"Region","item":"https:\/\/www.quintadaolivia.com\/region\/"},{"@type":"ListItem","position":3,"name":"Str\u00e4nde und Surfen"}]},{"@type":"WebSite","@id":"https:\/\/www.quintadaolivia.com\/#website","url":"https:\/\/www.quintadaolivia.com\/","name":"Quinta da Olivia","description":"Bed &amp; Breakfast \u00d3bidos","publisher":{"@id":"https:\/\/www.quintadaolivia.com\/#organization"},"potentialAction":[{"@type":"SearchAction","target":{"@type":"EntryPoint","urlTemplate":"https:\/\/www.quintadaolivia.com\/?s={search_term_string}"},"query-input":{"@type":"PropertyValueSpecification","valueRequired":true,"valueName":"search_term_string"}}],"inLanguage":"pt-PT"},{"@type":"Organization","@id":"https:\/\/www.quintadaolivia.com\/#organization","name":"Quinta da Olivia","url":"https:\/\/www.quintadaolivia.com\/","logo":{"@type":"ImageObject","inLanguage":"pt-PT","@id":"https:\/\/www.quintadaolivia.com\/#\/schema\/logo\/image\/","url":"https:\/\/www.quintadaolivia.com\/wp-content\/uploads\/2018\/05\/SEO_logo.jpg","contentUrl":"https:\/\/www.quintadaolivia.com\/wp-content\/uploads\/2018\/05\/SEO_logo.jpg","width":600,"height":315,"caption":"Quinta da Olivia"},"image":{"@id":"https:\/\/www.quintadaolivia.com\/#\/schema\/logo\/image\/"},"sameAs":["https:\/\/www.facebook.com\/quintadaolivia\/"]}]}},"_links":{"self":[{"href":"https:\/\/www.quintadaolivia.com\/pt\/wp-json\/wp\/v2\/pages\/3548","targetHints":{"allow":["GET"]}}],"collection":[{"href":"https:\/\/www.quintadaolivia.com\/pt\/wp-json\/wp\/v2\/pages"}],"about":[{"href":"https:\/\/www.quintadaolivia.com\/pt\/wp-json\/wp\/v2\/types\/page"}],"author":[{"embeddable":true,"href":"https:\/\/www.quintadaolivia.com\/pt\/wp-json\/wp\/v2\/users\/4"}],"replies":[{"embeddable":true,"href":"https:\/\/www.quintadaolivia.com\/pt\/wp-json\/wp\/v2\/comments?post=3548"}],"version-history":[{"count":0,"href":"https:\/\/www.quintadaolivia.com\/pt\/wp-json\/wp\/v2\/pages\/3548\/revisions"}],"up":[{"embeddable":true,"href":"https:\/\/www.quintadaolivia.com\/pt\/wp-json\/wp\/v2\/pages\/1160"}],"wp:attachment":[{"href":"https:\/\/www.quintadaolivia.com\/pt\/wp-json\/wp\/v2\/media?parent=3548"}],"curies":[{"name":"wp","href":"https:\/\/api.w.org\/{rel}","templated":true}]}}