{"id":3578,"date":"2018-01-08T11:17:05","date_gmt":"2018-01-08T11:17:05","guid":{"rendered":"http:\/\/dev.quintadaolivia.com\/?page_id=3578"},"modified":"2018-05-10T11:27:51","modified_gmt":"2018-05-10T10:27:51","slug":"historical-monuments","status":"publish","type":"page","link":"https:\/\/www.quintadaolivia.com\/pt\/region\/historical-monuments\/","title":{"rendered":"Monumentos Hist\u00f3ricos"},"content":{"rendered":"<div class=\"wpb-content-wrapper\"><p>[vc_row full_width=&#8221;stretch_row&#8221;][vc_column]<div class=\"ult-spacer spacer-69e4bb1f1fb5d\" data-id=\"69e4bb1f1fb5d\" data-height=\"90\" data-height-mobile=\"40\" data-height-tab=\"\" data-height-tab-portrait=\"\" data-height-mobile-landscape=\"40\" style=\"clear:both;display:block;\"><\/div><div class=\"arrowpress-container container \"><div id=\"ultimate-heading-962369e4bb1f203d0\" class=\"uvc-heading ult-adjust-bottom-margin ultimate-heading-962369e4bb1f203d0 uvc-1058 \" data-hspacer=\"icon_only\"  data-halign=\"center\" style=\"text-align:center\"><div class=\"uvc-heading-spacer icon_only\" style=\"margin-bottom:10px;\"><div class=\"ult-just-icon-wrapper  \"><div class=\"align-icon\" style=\"text-align:center;\">\n<div class=\"aio-icon none \"  style=\"color:#f28250;font-size:25px;display:inline-block;\">\n\t<i class=\"Defaults-leaf\"><\/i>\n<\/div><\/div><\/div><\/div><div class=\"uvc-main-heading ult-responsive\"  data-ultimate-target='.uvc-heading.ultimate-heading-962369e4bb1f203d0 h2'  data-responsive-json-new='{\"font-size\":\"desktop:40px;\",\"line-height\":\"\"}' ><h2 style=\"font-family:&#039;Poppins&#039;;font-weight:600;color:#476885;\">Monumentos Hist\u00f3ricos<\/h2><\/div><\/div><div class=\"ult-content-box-container text_about\" >\t\t<div class=\"ult-content-box\" style=\"box-shadow: px px px px #f7f7f7 none;margin-right:110px;margin-left:100px;-webkit-transition: all 700ms ease;-moz-transition: all 700ms ease;-ms-transition: all 700ms ease;-o-transition: all 700ms ease;transition: all 700ms ease;\"  data-hover_box_shadow=\"none\"   data-responsive_margins=\"margin-right:0px;margin-left:0px;\"   data-normal_margins=\"margin-right:110px;margin-left:100px;\"  ><div class=\"ult-spacer spacer-69e4bb1f20690\" data-id=\"69e4bb1f20690\" data-height=\"30\" data-height-mobile=\"30\" data-height-tab=\"30\" data-height-tab-portrait=\"\" data-height-mobile-landscape=\"\" style=\"clear:both;display:block;\"><\/div>[vc_column_text]<\/p>\n<p style=\"text-align: justify;\">A uma curta dist\u00e2ncia do nosso B&amp;B em \u00d3bidos, encontrar\u00e1 numerosos monumentos que desempenharam pap\u00e9is importantes na Hist\u00f3ria de Portugal.<\/p>\n<p style=\"text-align: justify;\">A 25 minutos de carro, para Norte, encontra Alcoba\u00e7a, onde pode visitar um dos maiores mosteiros de Portugal (Mosteiro de Santa Maria de Alcoba\u00e7a), famoso pela sua arquitetura medieval simples.<\/p>\n<p style=\"text-align: justify;\">Cerca de 20 minutos mais a norte, encontrar\u00e1 a Batalha, cidade-sede da abadia de Santa Maria da Vit\u00f3ria com arquitetura g\u00f3tica t\u00edpica portuguesa. De particular interesse s\u00e3o as suas capelas inacabadas.<\/p>\n<p style=\"text-align: justify;\">Um pouco mais para o interior (a uma hora de carro do nosso B&amp;B em \u00d3bidos) h\u00e1 mais dois locais de importante valor cultural e hist\u00f3rico: F\u00e1tima e Tomar.<\/p>\n<p>[\/vc_column_text]\t\t<\/div><\/div><div class=\"ult-spacer spacer-69e4bb1f206b8\" data-id=\"69e4bb1f206b8\" data-height=\"60\" data-height-mobile=\"60\" data-height-tab=\"60\" data-height-tab-portrait=\"\" data-height-mobile-landscape=\"\" style=\"clear:both;display:block;\"><\/div><\/div>\n<div class=\"arrowpress-container container \"><div class=\"ult-content-box-container text_about\" >\t\t<div class=\"ult-content-box\" style=\"box-shadow: px px px px #f7f7f7 none;margin-right:110px;margin-left:100px;-webkit-transition: all 700ms ease;-moz-transition: all 700ms ease;-ms-transition: all 700ms ease;-o-transition: all 700ms ease;transition: all 700ms ease;\"  data-hover_box_shadow=\"none\"   data-responsive_margins=\"margin-right:0px;margin-left:0px;\"   data-normal_margins=\"margin-right:110px;margin-left:100px;\"  >[vc_images_carousel images=&#8221;3584,3585,3586,3587,3588,3589,3590&#8243; img_size=&#8221;full&#8221; onclick=&#8221;link_no&#8221; speed=&#8221;3000&#8243; hide_pagination_control=&#8221;yes&#8221; wrap=&#8221;yes&#8221; el_id=&#8221;galeria-regiao&#8221;]<div class=\"ult-spacer spacer-69e4bb1f20a74\" data-id=\"69e4bb1f20a74\" data-height=\"30\" data-height-mobile=\"15\" data-height-tab=\"15\" data-height-tab-portrait=\"15\" data-height-mobile-landscape=\"15\" style=\"clear:both;display:block;\"><\/div>[vc_btn title=&#8221;VOLTAR&#8221; style=&#8221;flat&#8221; shape=&#8221;square&#8221; color=&#8221;orange&#8221; align=&#8221;center&#8221; link=&#8221;url:http%3A%2F%2Fwww.quintadaolivia.com%2Fpt%2Flocation%2Fregion%2F|||&#8221; el_id=&#8221;guest-b&#8221;]\t\t<\/div><\/div><div class=\"ult-spacer spacer-69e4bb1f20a8c\" data-id=\"69e4bb1f20a8c\" data-height=\"60\" data-height-mobile=\"60\" data-height-tab=\"60\" data-height-tab-portrait=\"\" data-height-mobile-landscape=\"\" style=\"clear:both;display:block;\"><\/div><\/div>\n[\/vc_column][\/vc_row]<\/p>\n<\/div>","protected":false},"excerpt":{"rendered":"<p>[vc_row full_width=&#8221;stretch_row&#8221;][vc_column][\/vc_column][\/vc_row]<\/p>\n","protected":false},"author":4,"featured_media":0,"parent":1160,"menu_order":3,"comment_status":"closed","ping_status":"closed","template":"","meta":{"footnotes":""},"class_list":["post-3578","page","type-page","status-publish","hentry"],"translation":{"provider":"WPGlobus","version":"3.0.2","language":"pt","enabled_languages":["en","nl","pt","de"],"languages":{"en":{"title":true,"content":true,"excerpt":false},"nl":{"title":true,"content":true,"excerpt":false},"pt":{"title":true,"content":true,"excerpt":false},"de":{"title":true,"content":true,"excerpt":false}}},"yoast_head":"<!-- This site is optimized with the Yoast SEO plugin v27.3 - https:\/\/yoast.com\/product\/yoast-seo-wordpress\/ -->\r\n<title>Monumentos Hist\u00f3ricos - Quinta da Olivia<\/title>\r\n<meta name=\"description\" content=\"A Costa de Prata est\u00e1 cheia de atra\u00e7\u00f5es culturais. Entre os monumentos hist\u00f3ricos que n\u00e3o deve deixar de visitar est\u00e3o o Mosteiro da Batalha, o Mosteiro de Alcoba\u00e7a. A cerca de uma hora de dist\u00e2ncia do nosso B&amp;B pode ainda visitar F\u00e1tima e Tomar.\" \/>\r\n<meta name=\"robots\" content=\"index, follow, max-snippet:-1, max-image-preview:large, max-video-preview:-1\" \/>\r\n<link rel=\"canonical\" href=\"https:\/\/www.quintadaolivia.com\/region\/historical-monuments\/\" \/>\r\n<meta property=\"og:locale\" content=\"pt_PT\" \/>\r\n<meta property=\"og:type\" content=\"article\" \/>\r\n<meta property=\"og:title\" content=\"Monumentos Hist\u00f3ricos - Quinta da Olivia\" \/>\r\n<meta property=\"og:description\" content=\"A Costa de Prata est\u00e1 cheia de atra\u00e7\u00f5es culturais. Entre os monumentos hist\u00f3ricos que n\u00e3o deve deixar de visitar est\u00e3o o Mosteiro da Batalha, o Mosteiro de Alcoba\u00e7a. A cerca de uma hora de dist\u00e2ncia do nosso B&amp;B pode ainda visitar F\u00e1tima e Tomar.\" \/>\r\n<meta property=\"og:url\" content=\"https:\/\/www.quintadaolivia.com\/region\/historical-monuments\/\" \/>\r\n<meta property=\"og:site_name\" content=\"Quinta da Olivia\" \/>\r\n<meta property=\"article:publisher\" content=\"https:\/\/www.facebook.com\/quintadaolivia\/\" \/>\r\n<meta property=\"article:modified_time\" content=\"2018-05-10T10:27:51+00:00\" \/>\r\n<meta property=\"og:image\" content=\"https:\/\/www.quintadaolivia.com\/wp-content\/uploads\/2018\/05\/SEO_logo.jpg\" \/>\r\n\t<meta property=\"og:image:width\" content=\"600\" \/>\r\n\t<meta property=\"og:image:height\" content=\"315\" \/>\r\n\t<meta property=\"og:image:type\" content=\"image\/jpeg\" \/>\r\n<meta name=\"twitter:card\" content=\"summary_large_image\" \/>\r\n<meta name=\"twitter:label1\" content=\"Tempo estimado de leitura\" \/>\n\t<meta name=\"twitter:data1\" content=\"8 minutos\" \/>\r\n<script type=\"application\/ld+json\" class=\"yoast-schema-graph\">{\"@context\":\"https:\\\/\\\/schema.org\",\"@graph\":[{\"@type\":\"WebPage\",\"@id\":\"https:\\\/\\\/www.quintadaolivia.com\\\/region\\\/historical-monuments\\\/\",\"url\":\"https:\\\/\\\/www.quintadaolivia.com\\\/region\\\/historical-monuments\\\/\",\"name\":\"Monumentos Hist\u00f3ricos - Quinta da Olivia\",\"isPartOf\":{\"@id\":\"https:\\\/\\\/www.quintadaolivia.com\\\/#website\"},\"datePublished\":\"2018-01-08T11:17:05+00:00\",\"dateModified\":\"2018-05-10T10:27:51+00:00\",\"description\":\"A Costa de Prata est\u00e1 cheia de atra\u00e7\u00f5es culturais. Entre os monumentos hist\u00f3ricos que n\u00e3o deve deixar de visitar est\u00e3o o Mosteiro da Batalha, o Mosteiro de Alcoba\u00e7a. A cerca de uma hora de dist\u00e2ncia do nosso B&B pode ainda visitar F\u00e1tima e Tomar.\",\"breadcrumb\":{\"@id\":\"https:\\\/\\\/www.quintadaolivia.com\\\/region\\\/historical-monuments\\\/#breadcrumb\"},\"inLanguage\":\"pt-PT\",\"potentialAction\":[{\"@type\":\"ReadAction\",\"target\":[\"https:\\\/\\\/www.quintadaolivia.com\\\/region\\\/historical-monuments\\\/\"]}]},{\"@type\":\"BreadcrumbList\",\"@id\":\"https:\\\/\\\/www.quintadaolivia.com\\\/region\\\/historical-monuments\\\/#breadcrumb\",\"itemListElement\":[{\"@type\":\"ListItem\",\"position\":1,\"name\":\"Home\",\"item\":\"https:\\\/\\\/www.quintadaolivia.com\\\/\"},{\"@type\":\"ListItem\",\"position\":2,\"name\":\"Region\",\"item\":\"https:\\\/\\\/www.quintadaolivia.com\\\/region\\\/\"},{\"@type\":\"ListItem\",\"position\":3,\"name\":\"Historical Monuments\"}]},{\"@type\":\"WebSite\",\"@id\":\"https:\\\/\\\/www.quintadaolivia.com\\\/#website\",\"url\":\"https:\\\/\\\/www.quintadaolivia.com\\\/\",\"name\":\"Quinta da Olivia\",\"description\":\"Bed &amp; Breakfast \u00d3bidos\",\"publisher\":{\"@id\":\"https:\\\/\\\/www.quintadaolivia.com\\\/#organization\"},\"potentialAction\":[{\"@type\":\"SearchAction\",\"target\":{\"@type\":\"EntryPoint\",\"urlTemplate\":\"https:\\\/\\\/www.quintadaolivia.com\\\/?s={search_term_string}\"},\"query-input\":{\"@type\":\"PropertyValueSpecification\",\"valueRequired\":true,\"valueName\":\"search_term_string\"}}],\"inLanguage\":\"pt-PT\"},{\"@type\":\"Organization\",\"@id\":\"https:\\\/\\\/www.quintadaolivia.com\\\/#organization\",\"name\":\"Quinta da Olivia\",\"url\":\"https:\\\/\\\/www.quintadaolivia.com\\\/\",\"logo\":{\"@type\":\"ImageObject\",\"inLanguage\":\"pt-PT\",\"@id\":\"https:\\\/\\\/www.quintadaolivia.com\\\/#\\\/schema\\\/logo\\\/image\\\/\",\"url\":\"https:\\\/\\\/www.quintadaolivia.com\\\/wp-content\\\/uploads\\\/2018\\\/05\\\/SEO_logo.jpg\",\"contentUrl\":\"https:\\\/\\\/www.quintadaolivia.com\\\/wp-content\\\/uploads\\\/2018\\\/05\\\/SEO_logo.jpg\",\"width\":600,\"height\":315,\"caption\":\"Quinta da Olivia\"},\"image\":{\"@id\":\"https:\\\/\\\/www.quintadaolivia.com\\\/#\\\/schema\\\/logo\\\/image\\\/\"},\"sameAs\":[\"https:\\\/\\\/www.facebook.com\\\/quintadaolivia\\\/\"]}]}<\/script>\r\n<!-- \/ Yoast SEO plugin. -->","yoast_head_json":{"title":"Monumentos Hist\u00f3ricos - Quinta da Olivia","description":"A Costa de Prata est\u00e1 cheia de atra\u00e7\u00f5es culturais. Entre os monumentos hist\u00f3ricos que n\u00e3o deve deixar de visitar est\u00e3o o Mosteiro da Batalha, o Mosteiro de Alcoba\u00e7a. A cerca de uma hora de dist\u00e2ncia do nosso B&B pode ainda visitar F\u00e1tima e Tomar.","robots":{"index":"index","follow":"follow","max-snippet":"max-snippet:-1","max-image-preview":"max-image-preview:large","max-video-preview":"max-video-preview:-1"},"canonical":"https:\/\/www.quintadaolivia.com\/region\/historical-monuments\/","og_locale":"pt_PT","og_type":"article","og_title":"Monumentos Hist\u00f3ricos - Quinta da Olivia","og_description":"A Costa de Prata est\u00e1 cheia de atra\u00e7\u00f5es culturais. Entre os monumentos hist\u00f3ricos que n\u00e3o deve deixar de visitar est\u00e3o o Mosteiro da Batalha, o Mosteiro de Alcoba\u00e7a. A cerca de uma hora de dist\u00e2ncia do nosso B&B pode ainda visitar F\u00e1tima e Tomar.","og_url":"https:\/\/www.quintadaolivia.com\/region\/historical-monuments\/","og_site_name":"Quinta da Olivia","article_publisher":"https:\/\/www.facebook.com\/quintadaolivia\/","article_modified_time":"2018-05-10T10:27:51+00:00","og_image":[{"width":600,"height":315,"url":"https:\/\/www.quintadaolivia.com\/wp-content\/uploads\/2018\/05\/SEO_logo.jpg","type":"image\/jpeg"}],"twitter_card":"summary_large_image","twitter_misc":{"Tempo estimado de leitura":"8 minutos"},"schema":{"@context":"https:\/\/schema.org","@graph":[{"@type":"WebPage","@id":"https:\/\/www.quintadaolivia.com\/region\/historical-monuments\/","url":"https:\/\/www.quintadaolivia.com\/region\/historical-monuments\/","name":"Monumentos Hist\u00f3ricos - Quinta da Olivia","isPartOf":{"@id":"https:\/\/www.quintadaolivia.com\/#website"},"datePublished":"2018-01-08T11:17:05+00:00","dateModified":"2018-05-10T10:27:51+00:00","description":"A Costa de Prata est\u00e1 cheia de atra\u00e7\u00f5es culturais. Entre os monumentos hist\u00f3ricos que n\u00e3o deve deixar de visitar est\u00e3o o Mosteiro da Batalha, o Mosteiro de Alcoba\u00e7a. A cerca de uma hora de dist\u00e2ncia do nosso B&B pode ainda visitar F\u00e1tima e Tomar.","breadcrumb":{"@id":"https:\/\/www.quintadaolivia.com\/region\/historical-monuments\/#breadcrumb"},"inLanguage":"pt-PT","potentialAction":[{"@type":"ReadAction","target":["https:\/\/www.quintadaolivia.com\/region\/historical-monuments\/"]}]},{"@type":"BreadcrumbList","@id":"https:\/\/www.quintadaolivia.com\/region\/historical-monuments\/#breadcrumb","itemListElement":[{"@type":"ListItem","position":1,"name":"Home","item":"https:\/\/www.quintadaolivia.com\/"},{"@type":"ListItem","position":2,"name":"Region","item":"https:\/\/www.quintadaolivia.com\/region\/"},{"@type":"ListItem","position":3,"name":"Historical Monuments"}]},{"@type":"WebSite","@id":"https:\/\/www.quintadaolivia.com\/#website","url":"https:\/\/www.quintadaolivia.com\/","name":"Quinta da Olivia","description":"Bed &amp; Breakfast \u00d3bidos","publisher":{"@id":"https:\/\/www.quintadaolivia.com\/#organization"},"potentialAction":[{"@type":"SearchAction","target":{"@type":"EntryPoint","urlTemplate":"https:\/\/www.quintadaolivia.com\/?s={search_term_string}"},"query-input":{"@type":"PropertyValueSpecification","valueRequired":true,"valueName":"search_term_string"}}],"inLanguage":"pt-PT"},{"@type":"Organization","@id":"https:\/\/www.quintadaolivia.com\/#organization","name":"Quinta da Olivia","url":"https:\/\/www.quintadaolivia.com\/","logo":{"@type":"ImageObject","inLanguage":"pt-PT","@id":"https:\/\/www.quintadaolivia.com\/#\/schema\/logo\/image\/","url":"https:\/\/www.quintadaolivia.com\/wp-content\/uploads\/2018\/05\/SEO_logo.jpg","contentUrl":"https:\/\/www.quintadaolivia.com\/wp-content\/uploads\/2018\/05\/SEO_logo.jpg","width":600,"height":315,"caption":"Quinta da Olivia"},"image":{"@id":"https:\/\/www.quintadaolivia.com\/#\/schema\/logo\/image\/"},"sameAs":["https:\/\/www.facebook.com\/quintadaolivia\/"]}]}},"_links":{"self":[{"href":"https:\/\/www.quintadaolivia.com\/pt\/wp-json\/wp\/v2\/pages\/3578","targetHints":{"allow":["GET"]}}],"collection":[{"href":"https:\/\/www.quintadaolivia.com\/pt\/wp-json\/wp\/v2\/pages"}],"about":[{"href":"https:\/\/www.quintadaolivia.com\/pt\/wp-json\/wp\/v2\/types\/page"}],"author":[{"embeddable":true,"href":"https:\/\/www.quintadaolivia.com\/pt\/wp-json\/wp\/v2\/users\/4"}],"replies":[{"embeddable":true,"href":"https:\/\/www.quintadaolivia.com\/pt\/wp-json\/wp\/v2\/comments?post=3578"}],"version-history":[{"count":0,"href":"https:\/\/www.quintadaolivia.com\/pt\/wp-json\/wp\/v2\/pages\/3578\/revisions"}],"up":[{"embeddable":true,"href":"https:\/\/www.quintadaolivia.com\/pt\/wp-json\/wp\/v2\/pages\/1160"}],"wp:attachment":[{"href":"https:\/\/www.quintadaolivia.com\/pt\/wp-json\/wp\/v2\/media?parent=3578"}],"curies":[{"name":"wp","href":"https:\/\/api.w.org\/{rel}","templated":true}]}}