{"id":3642,"date":"2018-01-08T11:56:00","date_gmt":"2018-01-08T11:56:00","guid":{"rendered":"http:\/\/dev.quintadaolivia.com\/?page_id=3642"},"modified":"2025-03-07T10:06:52","modified_gmt":"2025-03-07T10:06:52","slug":"wine-route","status":"publish","type":"page","link":"https:\/\/www.quintadaolivia.com\/pt\/region\/wine-route\/","title":{"rendered":"Rota do Vinho"},"content":{"rendered":"<div class=\"wpb-content-wrapper\"><p>[vc_row full_width=&#8221;stretch_row&#8221;][vc_column]<div class=\"ult-spacer spacer-69e4e0626f846\" data-id=\"69e4e0626f846\" data-height=\"90\" data-height-mobile=\"40\" data-height-tab=\"\" data-height-tab-portrait=\"\" data-height-mobile-landscape=\"40\" style=\"clear:both;display:block;\"><\/div><div class=\"arrowpress-container container \"><div id=\"ultimate-heading-752669e4e0626fdb6\" class=\"uvc-heading ult-adjust-bottom-margin ultimate-heading-752669e4e0626fdb6 uvc-7995 \" data-hspacer=\"icon_only\"  data-halign=\"center\" style=\"text-align:center\"><div class=\"uvc-heading-spacer icon_only\" style=\"margin-bottom:10px;\"><div class=\"ult-just-icon-wrapper  \"><div class=\"align-icon\" style=\"text-align:center;\">\n<div class=\"aio-icon none \"  style=\"color:#f28250;font-size:25px;display:inline-block;\">\n\t<i class=\"Defaults-leaf\"><\/i>\n<\/div><\/div><\/div><\/div><div class=\"uvc-main-heading ult-responsive\"  data-ultimate-target='.uvc-heading.ultimate-heading-752669e4e0626fdb6 h2'  data-responsive-json-new='{\"font-size\":\"desktop:40px;\",\"line-height\":\"\"}' ><h2 style=\"font-family:&#039;Poppins&#039;;font-weight:600;color:#476885;\">Rota do Vinho<\/h2><\/div><\/div><div class=\"ult-content-box-container text_about\" >\t\t<div class=\"ult-content-box\" style=\"box-shadow: px px px px #f7f7f7 none;margin-right:110px;margin-left:100px;-webkit-transition: all 700ms ease;-moz-transition: all 700ms ease;-ms-transition: all 700ms ease;-o-transition: all 700ms ease;transition: all 700ms ease;\"  data-hover_box_shadow=\"none\"   data-responsive_margins=\"margin-right:0px;margin-left:0px;\"   data-normal_margins=\"margin-right:110px;margin-left:100px;\"  ><div class=\"ult-spacer spacer-69e4e0626fec1\" data-id=\"69e4e0626fec1\" data-height=\"30\" data-height-mobile=\"30\" data-height-tab=\"30\" data-height-tab-portrait=\"\" data-height-mobile-landscape=\"\" style=\"clear:both;display:block;\"><\/div>[vc_column_text css=&#8221;&#8221;]<\/p>\n<p style=\"text-align: justify;\"><span>O nosso B&amp;B est\u00e1 situado numa das Rotas do Vinho da regi\u00e3o da Estremadura. Em 1999, os vinhedos em torno de \u00d3bidos receberam reconhecimento oficial e foram certificados pela Denomina\u00e7\u00e3o de Origem Controlada. Desde ent\u00e3o, esta regi\u00e3o vin\u00edcola desenvolveu-se e muitos dos seus vinhos t\u00eam sido premiados em competi\u00e7\u00f5es nacionais e internacionais.<\/span><\/p>\n<p>A Rota do Vinho de \u00d3bidos come\u00e7a a sul, no Bombarral, e segue para norte, passando por \u00d3bidos e Caldas da Rainha, prosseguindo depois para este, em dire\u00e7\u00e3o a Rio Maior. Pelo caminho h\u00e1 muitas vinhas (e quintas) onde pode provar vinhos locais (por marca\u00e7\u00e3o).<\/p>\n<p style=\"text-align: justify;\">Um destes locais, \u00e9 a\u00a0<a href=\"https:\/\/shop.sanguinhal.pt\/\" target=\"_blank\" rel=\"noopener\">Companhia Agr\u00edcola do Sanguinhal<\/a>, a cerca de 10 km a sul do nosso B&amp;B. Esta \u00e9 um dos vitivinicultores mais conhecidos e produz tr\u00eas vinhos diferentes: Quinta das Cerejeiras, Quinta do Sanguinhal e Quinta de S\u00e3o Francisco.<\/p>\n<p>Na Quinta do Sanguinhal pode caminhar por entre as vinhas, visitar a antiga destilaria ou o lagar e, claro, terminar a experi\u00eancia com uma prova de vinhos.<\/p>\n<p>Tamb\u00e9m na Rota do Vinho de \u00d3bidos, existem ainda a\u00a0<a href=\"http:\/\/www.quintadogradil.wine\/en\/\" target=\"_blank\" rel=\"noopener\">Quinta do Gradil<\/a> (Cadaval) e a\u00a0<a href=\"https:\/\/bacalhoa.pt\/pt\/bacalhoa-buddha-eden\" target=\"_blank\" rel=\"noopener\">Quinta dos Loridos<\/a> (no Bombarral), sendo esta \u00faltima conhecida sobretudo pelos seus espumantes. A Quinta dos Loridos \u00e9 um fant\u00e1stico edif\u00edcio antigo, ladeado por magn\u00edficos jardins. O mais imponente \u00e9 o Buddha Eden, um jardim impressionante com cerca de 35 hectares e de inspira\u00e7\u00e3o oriental, onde se encontram v\u00e1rios <span>budas, pagodes, est\u00e1tuas de terracota e muitas outras esculturas.<\/span><\/p>\n<p>Um pouco mais para sul, pode ainda percorrer duas outras <a href=\"https:\/\/www.clubevinhosportugueses.pt\/vinhos\/regioes\/estremadura\/rotas-dos-vinhos-lisboa-vinhos-do-oeste\/\" target=\"_blank\" rel=\"noopener\">rotas de vinho<\/a>, perto de Torres Vedras (a 40 km de \u00d3bidos).<\/p>\n<p style=\"text-align: justify;\">Tamb\u00e9m fazemos o nosso pr\u00f3prio vinho na Quinta da Olivia. Oskar come\u00e7ou em 2017 e desde ent\u00e3o mergulhou na vinifica\u00e7\u00e3o. Os vinhos que elabora s\u00e3o vinhos de aperitivo e de sobremesa e s\u00e3o elaborados de forma \u00fanica a partir das uvas da propriedade. Ap\u00f3s a prensagem das uvas, adiciona-se o fermento e os a\u00e7\u00facares s\u00e3o convertidos em \u00e1lcool. O processo de fermenta\u00e7\u00e3o continua at\u00e9 se obter um vinho tinto ou branco (ligeiramente) doce com um teor alco\u00f3lico de 16 a 17%. Gostamos de partilhar estas saborosas bebidas com os nossos h\u00f3spedes!<\/p>\n<p>[\/vc_column_text]\t\t<\/div><\/div><div class=\"ult-spacer spacer-69e4e0626fee4\" data-id=\"69e4e0626fee4\" data-height=\"60\" data-height-mobile=\"60\" data-height-tab=\"60\" data-height-tab-portrait=\"\" data-height-mobile-landscape=\"\" style=\"clear:both;display:block;\"><\/div><\/div>\n<div class=\"arrowpress-container container \"><div class=\"ult-content-box-container text_about\" >\t\t<div class=\"ult-content-box\" style=\"box-shadow: px px px px #f7f7f7 none;margin-right:110px;margin-left:100px;-webkit-transition: all 700ms ease;-moz-transition: all 700ms ease;-ms-transition: all 700ms ease;-o-transition: all 700ms ease;transition: all 700ms ease;\"  data-hover_box_shadow=\"none\"   data-responsive_margins=\"margin-right:0px;margin-left:0px;\"   data-normal_margins=\"margin-right:110px;margin-left:100px;\"  >[vc_images_carousel images=&#8221;7384,3648,3649,3650,3651,3652,3653,3654,7385&#8243; img_size=&#8221;full&#8221; onclick=&#8221;link_no&#8221; speed=&#8221;3000&#8243; hide_pagination_control=&#8221;yes&#8221; wrap=&#8221;yes&#8221; el_id=&#8221;galeria-regiao&#8221;]<div class=\"ult-spacer spacer-69e4e0626ffe5\" data-id=\"69e4e0626ffe5\" data-height=\"30\" data-height-mobile=\"15\" data-height-tab=\"15\" data-height-tab-portrait=\"15\" data-height-mobile-landscape=\"15\" style=\"clear:both;display:block;\"><\/div>[vc_btn title=&#8221;VOLTAR&#8221; style=&#8221;flat&#8221; shape=&#8221;square&#8221; color=&#8221;orange&#8221; align=&#8221;center&#8221; link=&#8221;url:http%3A%2F%2Fwww.quintadaolivia.com%2Fpt%2Flocation%2Fregion%2F|||&#8221; el_id=&#8221;guest-b&#8221;]\t\t<\/div><\/div><div class=\"ult-spacer spacer-69e4e0626fff8\" data-id=\"69e4e0626fff8\" data-height=\"60\" data-height-mobile=\"60\" data-height-tab=\"60\" data-height-tab-portrait=\"\" data-height-mobile-landscape=\"\" style=\"clear:both;display:block;\"><\/div><\/div>\n[\/vc_column][\/vc_row]<\/p>\n<\/div>","protected":false},"excerpt":{"rendered":"<p>[vc_row full_width=&#8221;stretch_row&#8221;][vc_column][\/vc_column][\/vc_row]<\/p>\n","protected":false},"author":4,"featured_media":0,"parent":1160,"menu_order":7,"comment_status":"closed","ping_status":"closed","template":"","meta":{"footnotes":""},"class_list":["post-3642","page","type-page","status-publish","hentry"],"translation":{"provider":"WPGlobus","version":"3.0.2","language":"pt","enabled_languages":["en","nl","pt","de"],"languages":{"en":{"title":true,"content":true,"excerpt":false},"nl":{"title":true,"content":true,"excerpt":false},"pt":{"title":true,"content":true,"excerpt":false},"de":{"title":true,"content":true,"excerpt":false}}},"yoast_head":"<!-- This site is optimized with the Yoast SEO plugin v27.3 - https:\/\/yoast.com\/product\/yoast-seo-wordpress\/ -->\r\n<title>Rota do Vinho - Quinta da Olivia<\/title>\r\n<meta name=\"description\" content=\"O nosso B&amp;B est\u00e1 situado numa das rotas do vinho da regi\u00e3o da Estremadura. A Rota do Vinho de \u00d3bidos come\u00e7a a Sul, no Bombarral, e segue para Norte, passando por \u00d3bidos e Caldas da Rainha. Pelo caminho h\u00e1 muitas vinhas (e quintas) onde pode provar vinhos locais.\" \/>\r\n<meta name=\"robots\" content=\"index, follow, max-snippet:-1, max-image-preview:large, max-video-preview:-1\" \/>\r\n<link rel=\"canonical\" href=\"https:\/\/www.quintadaolivia.com\/region\/wine-route\/\" \/>\r\n<meta property=\"og:locale\" content=\"pt_PT\" \/>\r\n<meta property=\"og:type\" content=\"article\" \/>\r\n<meta property=\"og:title\" content=\"Rota do Vinho - Quinta da Olivia\" \/>\r\n<meta property=\"og:description\" content=\"O nosso B&amp;B est\u00e1 situado numa das rotas do vinho da regi\u00e3o da Estremadura. A Rota do Vinho de \u00d3bidos come\u00e7a a Sul, no Bombarral, e segue para Norte, passando por \u00d3bidos e Caldas da Rainha. Pelo caminho h\u00e1 muitas vinhas (e quintas) onde pode provar vinhos locais.\" \/>\r\n<meta property=\"og:url\" content=\"https:\/\/www.quintadaolivia.com\/region\/wine-route\/\" \/>\r\n<meta property=\"og:site_name\" content=\"Quinta da Olivia\" \/>\r\n<meta property=\"article:publisher\" content=\"https:\/\/www.facebook.com\/quintadaolivia\/\" \/>\r\n<meta property=\"article:modified_time\" content=\"2025-03-07T10:06:52+00:00\" \/>\r\n<meta property=\"og:image\" content=\"https:\/\/www.quintadaolivia.com\/wp-content\/uploads\/2018\/05\/SEO_logo.jpg\" \/>\r\n\t<meta property=\"og:image:width\" content=\"600\" \/>\r\n\t<meta property=\"og:image:height\" content=\"315\" \/>\r\n\t<meta property=\"og:image:type\" content=\"image\/jpeg\" \/>\r\n<meta name=\"twitter:card\" content=\"summary_large_image\" \/>\r\n<meta name=\"twitter:label1\" content=\"Tempo estimado de leitura\" \/>\n\t<meta name=\"twitter:data1\" content=\"4 minutos\" \/>\r\n<script type=\"application\/ld+json\" class=\"yoast-schema-graph\">{\"@context\":\"https:\\\/\\\/schema.org\",\"@graph\":[{\"@type\":\"WebPage\",\"@id\":\"https:\\\/\\\/www.quintadaolivia.com\\\/region\\\/wine-route\\\/\",\"url\":\"https:\\\/\\\/www.quintadaolivia.com\\\/region\\\/wine-route\\\/\",\"name\":\"Rota do Vinho - Quinta da Olivia\",\"isPartOf\":{\"@id\":\"https:\\\/\\\/www.quintadaolivia.com\\\/#website\"},\"datePublished\":\"2018-01-08T11:56:00+00:00\",\"dateModified\":\"2025-03-07T10:06:52+00:00\",\"description\":\"O nosso B&B est\u00e1 situado numa das rotas do vinho da regi\u00e3o da Estremadura. A Rota do Vinho de \u00d3bidos come\u00e7a a Sul, no Bombarral, e segue para Norte, passando por \u00d3bidos e Caldas da Rainha. Pelo caminho h\u00e1 muitas vinhas (e quintas) onde pode provar vinhos locais.\",\"breadcrumb\":{\"@id\":\"https:\\\/\\\/www.quintadaolivia.com\\\/region\\\/wine-route\\\/#breadcrumb\"},\"inLanguage\":\"pt-PT\",\"potentialAction\":[{\"@type\":\"ReadAction\",\"target\":[\"https:\\\/\\\/www.quintadaolivia.com\\\/region\\\/wine-route\\\/\"]}]},{\"@type\":\"BreadcrumbList\",\"@id\":\"https:\\\/\\\/www.quintadaolivia.com\\\/region\\\/wine-route\\\/#breadcrumb\",\"itemListElement\":[{\"@type\":\"ListItem\",\"position\":1,\"name\":\"Home\",\"item\":\"https:\\\/\\\/www.quintadaolivia.com\\\/\"},{\"@type\":\"ListItem\",\"position\":2,\"name\":\"Region\",\"item\":\"https:\\\/\\\/www.quintadaolivia.com\\\/region\\\/\"},{\"@type\":\"ListItem\",\"position\":3,\"name\":\"Wine Route\"}]},{\"@type\":\"WebSite\",\"@id\":\"https:\\\/\\\/www.quintadaolivia.com\\\/#website\",\"url\":\"https:\\\/\\\/www.quintadaolivia.com\\\/\",\"name\":\"Quinta da Olivia\",\"description\":\"Bed &amp; Breakfast \u00d3bidos\",\"publisher\":{\"@id\":\"https:\\\/\\\/www.quintadaolivia.com\\\/#organization\"},\"potentialAction\":[{\"@type\":\"SearchAction\",\"target\":{\"@type\":\"EntryPoint\",\"urlTemplate\":\"https:\\\/\\\/www.quintadaolivia.com\\\/?s={search_term_string}\"},\"query-input\":{\"@type\":\"PropertyValueSpecification\",\"valueRequired\":true,\"valueName\":\"search_term_string\"}}],\"inLanguage\":\"pt-PT\"},{\"@type\":\"Organization\",\"@id\":\"https:\\\/\\\/www.quintadaolivia.com\\\/#organization\",\"name\":\"Quinta da Olivia\",\"url\":\"https:\\\/\\\/www.quintadaolivia.com\\\/\",\"logo\":{\"@type\":\"ImageObject\",\"inLanguage\":\"pt-PT\",\"@id\":\"https:\\\/\\\/www.quintadaolivia.com\\\/#\\\/schema\\\/logo\\\/image\\\/\",\"url\":\"https:\\\/\\\/www.quintadaolivia.com\\\/wp-content\\\/uploads\\\/2018\\\/05\\\/SEO_logo.jpg\",\"contentUrl\":\"https:\\\/\\\/www.quintadaolivia.com\\\/wp-content\\\/uploads\\\/2018\\\/05\\\/SEO_logo.jpg\",\"width\":600,\"height\":315,\"caption\":\"Quinta da Olivia\"},\"image\":{\"@id\":\"https:\\\/\\\/www.quintadaolivia.com\\\/#\\\/schema\\\/logo\\\/image\\\/\"},\"sameAs\":[\"https:\\\/\\\/www.facebook.com\\\/quintadaolivia\\\/\"]}]}<\/script>\r\n<!-- \/ Yoast SEO plugin. -->","yoast_head_json":{"title":"Rota do Vinho - Quinta da Olivia","description":"O nosso B&B est\u00e1 situado numa das rotas do vinho da regi\u00e3o da Estremadura. A Rota do Vinho de \u00d3bidos come\u00e7a a Sul, no Bombarral, e segue para Norte, passando por \u00d3bidos e Caldas da Rainha. Pelo caminho h\u00e1 muitas vinhas (e quintas) onde pode provar vinhos locais.","robots":{"index":"index","follow":"follow","max-snippet":"max-snippet:-1","max-image-preview":"max-image-preview:large","max-video-preview":"max-video-preview:-1"},"canonical":"https:\/\/www.quintadaolivia.com\/region\/wine-route\/","og_locale":"pt_PT","og_type":"article","og_title":"Rota do Vinho - Quinta da Olivia","og_description":"O nosso B&B est\u00e1 situado numa das rotas do vinho da regi\u00e3o da Estremadura. A Rota do Vinho de \u00d3bidos come\u00e7a a Sul, no Bombarral, e segue para Norte, passando por \u00d3bidos e Caldas da Rainha. Pelo caminho h\u00e1 muitas vinhas (e quintas) onde pode provar vinhos locais.","og_url":"https:\/\/www.quintadaolivia.com\/region\/wine-route\/","og_site_name":"Quinta da Olivia","article_publisher":"https:\/\/www.facebook.com\/quintadaolivia\/","article_modified_time":"2025-03-07T10:06:52+00:00","og_image":[{"width":600,"height":315,"url":"https:\/\/www.quintadaolivia.com\/wp-content\/uploads\/2018\/05\/SEO_logo.jpg","type":"image\/jpeg"}],"twitter_card":"summary_large_image","twitter_misc":{"Tempo estimado de leitura":"4 minutos"},"schema":{"@context":"https:\/\/schema.org","@graph":[{"@type":"WebPage","@id":"https:\/\/www.quintadaolivia.com\/region\/wine-route\/","url":"https:\/\/www.quintadaolivia.com\/region\/wine-route\/","name":"Rota do Vinho - Quinta da Olivia","isPartOf":{"@id":"https:\/\/www.quintadaolivia.com\/#website"},"datePublished":"2018-01-08T11:56:00+00:00","dateModified":"2025-03-07T10:06:52+00:00","description":"O nosso B&B est\u00e1 situado numa das rotas do vinho da regi\u00e3o da Estremadura. A Rota do Vinho de \u00d3bidos come\u00e7a a Sul, no Bombarral, e segue para Norte, passando por \u00d3bidos e Caldas da Rainha. Pelo caminho h\u00e1 muitas vinhas (e quintas) onde pode provar vinhos locais.","breadcrumb":{"@id":"https:\/\/www.quintadaolivia.com\/region\/wine-route\/#breadcrumb"},"inLanguage":"pt-PT","potentialAction":[{"@type":"ReadAction","target":["https:\/\/www.quintadaolivia.com\/region\/wine-route\/"]}]},{"@type":"BreadcrumbList","@id":"https:\/\/www.quintadaolivia.com\/region\/wine-route\/#breadcrumb","itemListElement":[{"@type":"ListItem","position":1,"name":"Home","item":"https:\/\/www.quintadaolivia.com\/"},{"@type":"ListItem","position":2,"name":"Region","item":"https:\/\/www.quintadaolivia.com\/region\/"},{"@type":"ListItem","position":3,"name":"Wine Route"}]},{"@type":"WebSite","@id":"https:\/\/www.quintadaolivia.com\/#website","url":"https:\/\/www.quintadaolivia.com\/","name":"Quinta da Olivia","description":"Bed &amp; Breakfast \u00d3bidos","publisher":{"@id":"https:\/\/www.quintadaolivia.com\/#organization"},"potentialAction":[{"@type":"SearchAction","target":{"@type":"EntryPoint","urlTemplate":"https:\/\/www.quintadaolivia.com\/?s={search_term_string}"},"query-input":{"@type":"PropertyValueSpecification","valueRequired":true,"valueName":"search_term_string"}}],"inLanguage":"pt-PT"},{"@type":"Organization","@id":"https:\/\/www.quintadaolivia.com\/#organization","name":"Quinta da Olivia","url":"https:\/\/www.quintadaolivia.com\/","logo":{"@type":"ImageObject","inLanguage":"pt-PT","@id":"https:\/\/www.quintadaolivia.com\/#\/schema\/logo\/image\/","url":"https:\/\/www.quintadaolivia.com\/wp-content\/uploads\/2018\/05\/SEO_logo.jpg","contentUrl":"https:\/\/www.quintadaolivia.com\/wp-content\/uploads\/2018\/05\/SEO_logo.jpg","width":600,"height":315,"caption":"Quinta da Olivia"},"image":{"@id":"https:\/\/www.quintadaolivia.com\/#\/schema\/logo\/image\/"},"sameAs":["https:\/\/www.facebook.com\/quintadaolivia\/"]}]}},"_links":{"self":[{"href":"https:\/\/www.quintadaolivia.com\/pt\/wp-json\/wp\/v2\/pages\/3642","targetHints":{"allow":["GET"]}}],"collection":[{"href":"https:\/\/www.quintadaolivia.com\/pt\/wp-json\/wp\/v2\/pages"}],"about":[{"href":"https:\/\/www.quintadaolivia.com\/pt\/wp-json\/wp\/v2\/types\/page"}],"author":[{"embeddable":true,"href":"https:\/\/www.quintadaolivia.com\/pt\/wp-json\/wp\/v2\/users\/4"}],"replies":[{"embeddable":true,"href":"https:\/\/www.quintadaolivia.com\/pt\/wp-json\/wp\/v2\/comments?post=3642"}],"version-history":[{"count":12,"href":"https:\/\/www.quintadaolivia.com\/pt\/wp-json\/wp\/v2\/pages\/3642\/revisions"}],"predecessor-version":[{"id":7756,"href":"https:\/\/www.quintadaolivia.com\/pt\/wp-json\/wp\/v2\/pages\/3642\/revisions\/7756"}],"up":[{"embeddable":true,"href":"https:\/\/www.quintadaolivia.com\/pt\/wp-json\/wp\/v2\/pages\/1160"}],"wp:attachment":[{"href":"https:\/\/www.quintadaolivia.com\/pt\/wp-json\/wp\/v2\/media?parent=3642"}],"curies":[{"name":"wp","href":"https:\/\/api.w.org\/{rel}","templated":true}]}}